{"id":3585,"date":"2023-10-23T09:01:48","date_gmt":"2023-10-23T09:01:48","guid":{"rendered":"https:\/\/proscnat.org\/agrari\/?page_id=3585"},"modified":"2024-03-14T13:02:47","modified_gmt":"2024-03-14T13:02:47","slug":"az-iroda-tevekenysegenek-bemutatasa","status":"publish","type":"page","link":"https:\/\/proscnat.org\/agrari\/az-iroda-tevekenysegenek-bemutatasa\/","title":{"rendered":"Az iroda tev\u00e9kenys\u00e9g\u00e9nek bemutat\u00e1sa"},"content":{"rendered":"\t\t<div data-elementor-type=\"wp-page\" data-elementor-id=\"3585\" class=\"elementor elementor-3585\" data-elementor-post-type=\"page\">\n\t\t\t\t\t\t\t\t\t<section class=\"elementor-section elementor-top-section elementor-element elementor-element-7461056b elementor-section-height-min-height elementor-section-boxed elementor-section-height-default elementor-section-items-middle\" data-id=\"7461056b\" data-element_type=\"section\" data-settings=\"{&quot;background_background&quot;:&quot;classic&quot;}\">\n\t\t\t\t\t\t\t<div class=\"elementor-background-overlay\"><\/div>\n\t\t\t\t\t\t\t<div class=\"elementor-container elementor-column-gap-default\">\n\t\t\t\t\t<div class=\"elementor-column elementor-col-100 elementor-top-column elementor-element elementor-element-19f6034e\" data-id=\"19f6034e\" data-element_type=\"column\">\n\t\t\t<div class=\"elementor-widget-wrap elementor-element-populated\">\n\t\t\t\t\t\t\t\t<div class=\"elementor-element elementor-element-3b7e432 elementor-invisible elementor-widget elementor-widget-heading\" data-id=\"3b7e432\" data-element_type=\"widget\" data-settings=\"{&quot;_animation&quot;:&quot;fadeIn&quot;}\" data-widget_type=\"heading.default\">\n\t\t\t\t<div class=\"elementor-widget-container\">\n\t\t\t<style>\/*! elementor - v3.17.0 - 25-10-2023 *\/\n.elementor-heading-title{padding:0;margin:0;line-height:1}.elementor-widget-heading .elementor-heading-title[class*=elementor-size-]>a{color:inherit;font-size:inherit;line-height:inherit}.elementor-widget-heading .elementor-heading-title.elementor-size-small{font-size:15px}.elementor-widget-heading .elementor-heading-title.elementor-size-medium{font-size:19px}.elementor-widget-heading .elementor-heading-title.elementor-size-large{font-size:29px}.elementor-widget-heading .elementor-heading-title.elementor-size-xl{font-size:39px}.elementor-widget-heading .elementor-heading-title.elementor-size-xxl{font-size:59px}<\/style><h2 class=\"elementor-heading-title elementor-size-default\">Az iroda tev\u00e9kenys\u00e9g\u00e9nek bemutat\u00e1sa<\/h2>\t\t<\/div>\n\t\t\t\t<\/div>\n\t\t\t\t<div class=\"elementor-element elementor-element-1a8d60a5 elementor-icon-list--layout-inline elementor-align-center elementor-list-item-link-full_width elementor-invisible elementor-widget elementor-widget-icon-list\" data-id=\"1a8d60a5\" data-element_type=\"widget\" data-settings=\"{&quot;_animation&quot;:&quot;fadeIn&quot;,&quot;_animation_delay&quot;:200}\" data-widget_type=\"icon-list.default\">\n\t\t\t\t<div class=\"elementor-widget-container\">\n\t\t\t<link rel=\"stylesheet\" href=\"https:\/\/proscnat.org\/agrari\/wp-content\/plugins\/elementor\/assets\/css\/widget-icon-list.min.css\">\t\t<ul class=\"elementor-icon-list-items elementor-inline-items\">\n\t\t\t\t\t\t\t<li class=\"elementor-icon-list-item elementor-inline-item\">\n\t\t\t\t\t\t\t\t\t\t<span class=\"elementor-icon-list-text\">R\u00f3lunk<\/span>\n\t\t\t\t\t\t\t\t\t<\/li>\n\t\t\t\t\t\t\t\t<li class=\"elementor-icon-list-item elementor-inline-item\">\n\t\t\t\t\t\t\t\t\t\t\t<a href=\"#\">\n\n\t\t\t\t\t\t\t\t\t\t\t\t<span class=\"elementor-icon-list-icon\">\n\t\t\t\t\t\t\t<i aria-hidden=\"true\" class=\"fas fa-chevron-right\"><\/i>\t\t\t\t\t\t<\/span>\n\t\t\t\t\t\t\t\t\t\t<span class=\"elementor-icon-list-text\">Az iroda tev\u00e9kenys\u00e9g\u00e9nek bemutat\u00e1sa<\/span>\n\t\t\t\t\t\t\t\t\t\t\t<\/a>\n\t\t\t\t\t\t\t\t\t<\/li>\n\t\t\t\t\t\t<\/ul>\n\t\t\t\t<\/div>\n\t\t\t\t<\/div>\n\t\t\t\t\t<\/div>\n\t\t<\/div>\n\t\t\t\t\t\t\t<\/div>\n\t\t<\/section>\n\t\t\t\t<section class=\"elementor-section elementor-top-section elementor-element elementor-element-5439453 elementor-reverse-mobile elementor-section-full_width elementor-section-height-default elementor-section-height-default\" data-id=\"5439453\" data-element_type=\"section\">\n\t\t\t\t\t\t\t<div class=\"elementor-background-overlay\"><\/div>\n\t\t\t\t\t\t\t<div class=\"elementor-container elementor-column-gap-default\">\n\t\t\t\t\t<div class=\"elementor-column elementor-col-50 elementor-top-column elementor-element elementor-element-4aa9efd\" data-id=\"4aa9efd\" data-element_type=\"column\">\n\t\t\t<div class=\"elementor-widget-wrap elementor-element-populated\">\n\t\t\t\t\t\t\t\t<div class=\"elementor-element elementor-element-43260dc elementor-invisible elementor-widget elementor-widget-text-editor\" data-id=\"43260dc\" data-element_type=\"widget\" data-settings=\"{&quot;_animation&quot;:&quot;fadeIn&quot;}\" data-widget_type=\"text-editor.default\">\n\t\t\t\t<div class=\"elementor-widget-container\">\n\t\t\t<style>\/*! elementor - v3.17.0 - 25-10-2023 *\/\n.elementor-widget-text-editor.elementor-drop-cap-view-stacked .elementor-drop-cap{background-color:#69727d;color:#fff}.elementor-widget-text-editor.elementor-drop-cap-view-framed .elementor-drop-cap{color:#69727d;border:3px solid;background-color:transparent}.elementor-widget-text-editor:not(.elementor-drop-cap-view-default) .elementor-drop-cap{margin-top:8px}.elementor-widget-text-editor:not(.elementor-drop-cap-view-default) .elementor-drop-cap-letter{width:1em;height:1em}.elementor-widget-text-editor .elementor-drop-cap{float:left;text-align:center;line-height:1;font-size:50px}.elementor-widget-text-editor .elementor-drop-cap-letter{display:inline-block}<\/style>\t\t\t\t\t\t\t\t\t\t<\/div>\n\t\t\t\t<\/div>\n\t\t\t\t<div class=\"elementor-element elementor-element-81da491 elementor-invisible elementor-widget elementor-widget-heading\" data-id=\"81da491\" data-element_type=\"widget\" data-settings=\"{&quot;_animation&quot;:&quot;fadeIn&quot;,&quot;_animation_delay&quot;:200}\" data-widget_type=\"heading.default\">\n\t\t\t\t<div class=\"elementor-widget-container\">\n\t\t\t<h2 class=\"elementor-heading-title elementor-size-default\">R\u00f3lunk<\/h2>\t\t<\/div>\n\t\t\t\t<\/div>\n\t\t\t\t<div class=\"elementor-element elementor-element-9c0586b elementor-invisible elementor-widget elementor-widget-text-editor\" data-id=\"9c0586b\" data-element_type=\"widget\" data-settings=\"{&quot;_animation&quot;:&quot;fadeIn&quot;,&quot;_animation_delay&quot;:400}\" data-widget_type=\"text-editor.default\">\n\t\t\t\t<div class=\"elementor-widget-container\">\n\t\t\t\t\t\t\t<p style=\"font-weight: 400;\">Az agr\u00e1rinnov\u00e1ci\u00f3s iroda f\u0151 feladata, hogy el\u0151seg\u00edtse az innov\u00e1ci\u00f3t \u00e9s a technol\u00f3giai fejl\u0151d\u00e9st az agr\u00e1rium \u00e9s a k\u00f6rnyezettudom\u00e1ny ter\u00fclet\u00e9n. Ez mag\u00e1ban foglalhatja a k\u00f6vetkez\u0151ket:<\/p><ol><li style=\"font-weight: 400;\">Kutat\u00e1s \u00e9s fejleszt\u00e9s (K+F): Az agr\u00e1rinnov\u00e1ci\u00f3s iroda t\u00e1mogatja a mez\u0151gazdas\u00e1gi kutat\u00e1sokat \u00e9s fejleszt\u00e9seket, amelyek \u00faj termel\u00e9si m\u00f3dszerek, term\u00e9kek vagy technol\u00f3gi\u00e1k kifejleszt\u00e9s\u00e9re ir\u00e1nyulnak. Ez mag\u00e1ban foglalja a fenntarthat\u00f3 gazd\u00e1lkod\u00e1si technik\u00e1k, a prec\u00edzi\u00f3s mez\u0151gazdas\u00e1g technol\u00f3gi\u00e1inak fejleszt\u00e9s\u00e9t, vagy az k\u00f6rnyezetv\u00e9delmet c\u00e9lz\u00f3 innov\u00e1ci\u00f3kat.<\/li><\/ol><ol start=\"2\"><li style=\"font-weight: 400;\">Technol\u00f3giai transzfer: Az iroda seg\u00edt az \u00faj technol\u00f3gi\u00e1k mez\u0151gazdas\u00e1gi alkalmaz\u00e1sainak el\u0151mozd\u00edt\u00e1s\u00e1ban, \u00f6sszek\u00f6tve a kutat\u00f3kat, a fejleszt\u0151ket \u00e9s a gyakorlati alkalmaz\u00f3kat. Ez\u00e1ltal hozz\u00e1j\u00e1rul a kutat\u00e1si eredm\u00e9nyek gyors piaci bevezet\u00e9s\u00e9hez \u00e9s alkalmaz\u00e1s\u00e1hoz.<\/li><\/ol><ol start=\"3\"><li style=\"font-weight: 400;\">Oktat\u00e1s \u00e9s tan\u00e1csad\u00e1s: Az agr\u00e1rinnov\u00e1ci\u00f3s iroda k\u00e9pz\u00e9seket, workshopokat \u00e9s tan\u00e1csad\u00e1st szervez a mez\u0151gazdas\u00e1gi termel\u0151knek \u00e9s az \u00e9lelmiszeripari v\u00e1llalkoz\u00e1soknak az \u00faj technol\u00f3gi\u00e1k, gyakorlatok \u00e9s ir\u00e1nyelvek meg\u00e9rt\u00e9se \u00e9s alkalmaz\u00e1sa \u00e9rdek\u00e9ben a Magyar Agr\u00e1r- \u00e9s \u00c9lettudom\u00e1nyi Egyetem oktat\u00f3ival, szakembereivel egy\u00fcttm\u0171k\u00f6d\u00e9sben.<\/li><\/ol><ol start=\"4\"><li style=\"font-weight: 400;\">H\u00e1l\u00f3zat\u00e9p\u00edt\u00e9s: Az agr\u00e1rinnov\u00e1ci\u00f3s iroda el\u0151seg\u00edti a mez\u0151gazdas\u00e1gi szerepl\u0151k k\u00f6z\u00f6tti egy\u00fcttm\u0171k\u00f6d\u00e9st \u00e9s inform\u00e1ci\u00f3cser\u00e9t, h\u00e1l\u00f3zatok kialak\u00edt\u00e1s\u00e1val, amelyek \u00f6szt\u00f6nzik az innov\u00e1ci\u00f3t \u00e9s a tud\u00e1smegoszt\u00e1st.<\/li><\/ol><ol start=\"6\"><li style=\"font-weight: 400;\">Szab\u00e1lyoz\u00e1si tan\u00e1csad\u00e1s: Az iroda seg\u00edt form\u00e1lni a mez\u0151gazdas\u00e1gi innov\u00e1ci\u00f3hoz kapcsol\u00f3d\u00f3 szab\u00e1lyoz\u00e1si kereteket, biztos\u00edtva, hogy azok t\u00e1mogass\u00e1k az \u00faj technol\u00f3gi\u00e1k fejleszt\u00e9s\u00e9t \u00e9s bevezet\u00e9s\u00e9t.<\/li><\/ol><ol start=\"7\"><li style=\"font-weight: 400;\">Fenntarthat\u00f3s\u00e1g \u00e9s k\u00f6rnyezetv\u00e9delem: Az agr\u00e1rinnov\u00e1ci\u00f3s iroda kiemelten foglalkozik a fenntarthat\u00f3 fejl\u0151d\u00e9s el\u0151mozd\u00edt\u00e1s\u00e1val, olyan innov\u00e1ci\u00f3k t\u00e1mogat\u00e1s\u00e1val, amelyek cs\u00f6kkentik a mez\u0151gazdas\u00e1g k\u00f6rnyezeti l\u00e1bnyom\u00e1t \u00e9s el\u0151seg\u00edtik a k\u00f6rnyezeti fenntarthat\u00f3s\u00e1got.<\/li><\/ol><p>\u00a0<\/p><p style=\"font-weight: 400;\">Az agr\u00e1rinnov\u00e1ci\u00f3s iroda c\u00e9lja, hogy h\u00edd szerepet t\u00f6lts\u00f6n be az akad\u00e9miai kutat\u00e1sok \u00e9s a gyakorlati alkalmaz\u00e1sok k\u00f6z\u00f6tt, el\u0151seg\u00edtve ezzel az agr\u00e1rszektor hossz\u00fa t\u00e1v\u00fa fenntarthat\u00f3s\u00e1g\u00e1t \u00e9s versenyk\u00e9pess\u00e9g\u00e9t. Teszi ezt oly m\u00f3don, hogy \u00f6nmaga vagy projektkonzorciumok r\u00e9szek\u00e9nt folytatja ezt a tev\u00e9kenys\u00e9get.<\/p>\t\t\t\t\t\t<\/div>\n\t\t\t\t<\/div>\n\t\t\t\t\t<\/div>\n\t\t<\/div>\n\t\t\t\t<div class=\"elementor-column elementor-col-50 elementor-top-column elementor-element elementor-element-4fddd28\" data-id=\"4fddd28\" data-element_type=\"column\" data-settings=\"{&quot;background_background&quot;:&quot;classic&quot;}\">\n\t\t\t<div class=\"elementor-widget-wrap elementor-element-populated\">\n\t\t\t\t\t\t\t\t<div class=\"elementor-element elementor-element-735639c elementor-widget elementor-widget-image\" data-id=\"735639c\" data-element_type=\"widget\" data-widget_type=\"image.default\">\n\t\t\t\t<div class=\"elementor-widget-container\">\n\t\t\t<style>\/*! elementor - v3.17.0 - 25-10-2023 *\/\n.elementor-widget-image{text-align:center}.elementor-widget-image a{display:inline-block}.elementor-widget-image a img[src$=\".svg\"]{width:48px}.elementor-widget-image img{vertical-align:middle;display:inline-block}<\/style>\t\t\t\t\t\t\t\t\t\t\t\t<img decoding=\"async\" loading=\"lazy\" width=\"627\" height=\"417\" src=\"https:\/\/proscnat.org\/agrari\/wp-content\/uploads\/sites\/5\/2023\/10\/banner-7.jpg\" class=\"attachment-large size-large wp-image-3592\" alt=\"\" \/>\t\t\t\t\t\t\t\t\t\t\t\t\t\t\t<\/div>\n\t\t\t\t<\/div>\n\t\t\t\t\t<\/div>\n\t\t<\/div>\n\t\t\t\t\t\t\t<\/div>\n\t\t<\/section>\n\t\t\t\t\t\t\t<\/div>\n\t\t","protected":false},"excerpt":{"rendered":"<p>Az iroda tev\u00e9kenys\u00e9g\u00e9nek bemutat\u00e1sa R\u00f3lunk Az iroda tev\u00e9kenys\u00e9g\u00e9nek bemutat\u00e1sa R\u00f3lunk Az agr\u00e1rinnov\u00e1ci\u00f3s iroda f\u0151 feladata, hogy el\u0151seg\u00edtse az innov\u00e1ci\u00f3t \u00e9s a technol\u00f3giai fejl\u0151d\u00e9st az agr\u00e1rium \u00e9s a k\u00f6rnyezettudom\u00e1ny ter\u00fclet\u00e9n. Ez mag\u00e1ban foglalhatja a k\u00f6vetkez\u0151ket: Kutat\u00e1s \u00e9s fejleszt\u00e9s (K+F): Az agr\u00e1rinnov\u00e1ci\u00f3s iroda t\u00e1mogatja a mez\u0151gazdas\u00e1gi kutat\u00e1sokat \u00e9s fejleszt\u00e9seket, amelyek \u00faj termel\u00e9si m\u00f3dszerek, term\u00e9kek vagy technol\u00f3gi\u00e1k kifejleszt\u00e9s\u00e9re [&hellip;]<\/p>\n","protected":false},"author":1,"featured_media":0,"parent":0,"menu_order":0,"comment_status":"closed","ping_status":"closed","template":"elementor_header_footer","meta":{"footnotes":""},"_links":{"self":[{"href":"https:\/\/proscnat.org\/agrari\/wp-json\/wp\/v2\/pages\/3585"}],"collection":[{"href":"https:\/\/proscnat.org\/agrari\/wp-json\/wp\/v2\/pages"}],"about":[{"href":"https:\/\/proscnat.org\/agrari\/wp-json\/wp\/v2\/types\/page"}],"author":[{"embeddable":true,"href":"https:\/\/proscnat.org\/agrari\/wp-json\/wp\/v2\/users\/1"}],"replies":[{"embeddable":true,"href":"https:\/\/proscnat.org\/agrari\/wp-json\/wp\/v2\/comments?post=3585"}],"version-history":[{"count":61,"href":"https:\/\/proscnat.org\/agrari\/wp-json\/wp\/v2\/pages\/3585\/revisions"}],"predecessor-version":[{"id":4390,"href":"https:\/\/proscnat.org\/agrari\/wp-json\/wp\/v2\/pages\/3585\/revisions\/4390"}],"wp:attachment":[{"href":"https:\/\/proscnat.org\/agrari\/wp-json\/wp\/v2\/media?parent=3585"}],"curies":[{"name":"wp","href":"https:\/\/api.w.org\/{rel}","templated":true}]}}