{"id":3642,"date":"2023-10-23T10:14:26","date_gmt":"2023-10-23T10:14:26","guid":{"rendered":"https:\/\/proscnat.org\/agrari\/?page_id=3642"},"modified":"2024-03-14T13:08:08","modified_gmt":"2024-03-14T13:08:08","slug":"a-nevadorol","status":"publish","type":"page","link":"https:\/\/proscnat.org\/agrari\/a-nevadorol\/","title":{"rendered":"A n\u00e9vad\u00f3r\u00f3l"},"content":{"rendered":"\t\t<div data-elementor-type=\"wp-page\" data-elementor-id=\"3642\" class=\"elementor elementor-3642\" data-elementor-post-type=\"page\">\n\t\t\t\t\t\t\t\t\t<section class=\"elementor-section elementor-top-section elementor-element elementor-element-68a091ed elementor-section-height-min-height elementor-section-boxed elementor-section-height-default elementor-section-items-middle\" data-id=\"68a091ed\" data-element_type=\"section\" data-settings=\"{&quot;background_background&quot;:&quot;classic&quot;}\">\n\t\t\t\t\t\t\t<div class=\"elementor-background-overlay\"><\/div>\n\t\t\t\t\t\t\t<div class=\"elementor-container elementor-column-gap-default\">\n\t\t\t\t\t<div class=\"elementor-column elementor-col-100 elementor-top-column elementor-element elementor-element-53e68189\" data-id=\"53e68189\" data-element_type=\"column\">\n\t\t\t<div class=\"elementor-widget-wrap elementor-element-populated\">\n\t\t\t\t\t\t\t\t<div class=\"elementor-element elementor-element-70f96a55 elementor-invisible elementor-widget elementor-widget-heading\" data-id=\"70f96a55\" data-element_type=\"widget\" data-settings=\"{&quot;_animation&quot;:&quot;fadeIn&quot;}\" data-widget_type=\"heading.default\">\n\t\t\t\t<div class=\"elementor-widget-container\">\n\t\t\t<style>\/*! elementor - v3.17.0 - 25-10-2023 *\/\n.elementor-heading-title{padding:0;margin:0;line-height:1}.elementor-widget-heading .elementor-heading-title[class*=elementor-size-]>a{color:inherit;font-size:inherit;line-height:inherit}.elementor-widget-heading .elementor-heading-title.elementor-size-small{font-size:15px}.elementor-widget-heading .elementor-heading-title.elementor-size-medium{font-size:19px}.elementor-widget-heading .elementor-heading-title.elementor-size-large{font-size:29px}.elementor-widget-heading .elementor-heading-title.elementor-size-xl{font-size:39px}.elementor-widget-heading .elementor-heading-title.elementor-size-xxl{font-size:59px}<\/style><h2 class=\"elementor-heading-title elementor-size-default\">A n\u00e9vad\u00f3r\u00f3l<\/h2>\t\t<\/div>\n\t\t\t\t<\/div>\n\t\t\t\t<div class=\"elementor-element elementor-element-1ceaaff2 elementor-icon-list--layout-inline elementor-align-center elementor-list-item-link-full_width elementor-invisible elementor-widget elementor-widget-icon-list\" data-id=\"1ceaaff2\" data-element_type=\"widget\" data-settings=\"{&quot;_animation&quot;:&quot;fadeIn&quot;,&quot;_animation_delay&quot;:200}\" data-widget_type=\"icon-list.default\">\n\t\t\t\t<div class=\"elementor-widget-container\">\n\t\t\t<link rel=\"stylesheet\" href=\"https:\/\/proscnat.org\/agrari\/wp-content\/plugins\/elementor\/assets\/css\/widget-icon-list.min.css\">\t\t<ul class=\"elementor-icon-list-items elementor-inline-items\">\n\t\t\t\t\t\t\t<li class=\"elementor-icon-list-item elementor-inline-item\">\n\t\t\t\t\t\t\t\t\t\t\t<a href=\"#\">\n\n\t\t\t\t\t\t\t\t\t\t\t<span class=\"elementor-icon-list-text\">R\u00f3lunk<\/span>\n\t\t\t\t\t\t\t\t\t\t\t<\/a>\n\t\t\t\t\t\t\t\t\t<\/li>\n\t\t\t\t\t\t\t\t<li class=\"elementor-icon-list-item elementor-inline-item\">\n\t\t\t\t\t\t\t\t\t\t\t<a href=\"#\">\n\n\t\t\t\t\t\t\t\t\t\t\t\t<span class=\"elementor-icon-list-icon\">\n\t\t\t\t\t\t\t<i aria-hidden=\"true\" class=\"icon icon-right-arrow1\"><\/i>\t\t\t\t\t\t<\/span>\n\t\t\t\t\t\t\t\t\t\t<span class=\"elementor-icon-list-text\">A n\u00e9vad\u00f3r\u00f3l<\/span>\n\t\t\t\t\t\t\t\t\t\t\t<\/a>\n\t\t\t\t\t\t\t\t\t<\/li>\n\t\t\t\t\t\t<\/ul>\n\t\t\t\t<\/div>\n\t\t\t\t<\/div>\n\t\t\t\t\t<\/div>\n\t\t<\/div>\n\t\t\t\t\t\t\t<\/div>\n\t\t<\/section>\n\t\t\t\t<section class=\"elementor-section elementor-top-section elementor-element elementor-element-37474f30 elementor-reverse-mobile elementor-section-boxed elementor-section-height-default elementor-section-height-default\" data-id=\"37474f30\" data-element_type=\"section\">\n\t\t\t\t\t\t\t<div class=\"elementor-background-overlay\"><\/div>\n\t\t\t\t\t\t\t<div class=\"elementor-container elementor-column-gap-default\">\n\t\t\t\t\t<div class=\"elementor-column elementor-col-50 elementor-top-column elementor-element elementor-element-44b94e04\" data-id=\"44b94e04\" data-element_type=\"column\" data-settings=\"{&quot;background_background&quot;:&quot;classic&quot;}\">\n\t\t\t<div class=\"elementor-widget-wrap\">\n\t\t\t\t\t\t\t\t\t<\/div>\n\t\t<\/div>\n\t\t\t\t<div class=\"elementor-column elementor-col-50 elementor-top-column elementor-element elementor-element-c9ca3e\" data-id=\"c9ca3e\" data-element_type=\"column\">\n\t\t\t<div class=\"elementor-widget-wrap elementor-element-populated\">\n\t\t\t\t\t\t\t\t<div class=\"elementor-element elementor-element-2c2aefd6 elementor-invisible elementor-widget elementor-widget-text-editor\" data-id=\"2c2aefd6\" data-element_type=\"widget\" data-settings=\"{&quot;_animation&quot;:&quot;fadeIn&quot;}\" data-widget_type=\"text-editor.default\">\n\t\t\t\t<div class=\"elementor-widget-container\">\n\t\t\t<style>\/*! elementor - v3.17.0 - 25-10-2023 *\/\n.elementor-widget-text-editor.elementor-drop-cap-view-stacked .elementor-drop-cap{background-color:#69727d;color:#fff}.elementor-widget-text-editor.elementor-drop-cap-view-framed .elementor-drop-cap{color:#69727d;border:3px solid;background-color:transparent}.elementor-widget-text-editor:not(.elementor-drop-cap-view-default) .elementor-drop-cap{margin-top:8px}.elementor-widget-text-editor:not(.elementor-drop-cap-view-default) .elementor-drop-cap-letter{width:1em;height:1em}.elementor-widget-text-editor .elementor-drop-cap{float:left;text-align:center;line-height:1;font-size:50px}.elementor-widget-text-editor .elementor-drop-cap-letter{display:inline-block}<\/style>\t\t\t\t\t\t\t\t\t\t<\/div>\n\t\t\t\t<\/div>\n\t\t\t\t<div class=\"elementor-element elementor-element-55203441 elementor-invisible elementor-widget elementor-widget-heading\" data-id=\"55203441\" data-element_type=\"widget\" data-settings=\"{&quot;_animation&quot;:&quot;fadeIn&quot;,&quot;_animation_delay&quot;:200}\" data-widget_type=\"heading.default\">\n\t\t\t\t<div class=\"elementor-widget-container\">\n\t\t\t<h2 class=\"elementor-heading-title elementor-size-default\">Dr. Ber\u00e9nyi J\u00e1nos<\/h2>\t\t<\/div>\n\t\t\t\t<\/div>\n\t\t\t\t<div class=\"elementor-element elementor-element-2155752c elementor-invisible elementor-widget elementor-widget-text-editor\" data-id=\"2155752c\" data-element_type=\"widget\" data-settings=\"{&quot;_animation&quot;:&quot;fadeIn&quot;,&quot;_animation_delay&quot;:400}\" data-widget_type=\"text-editor.default\">\n\t\t\t\t<div class=\"elementor-widget-container\">\n\t\t\t\t\t\t\t<p>Dr. Ber\u00e9nyi J\u00e1nos 1954-ben sz\u00fcletett B\u00e1n\u00e1t egyik legszebb faluj\u00e1ban, Tord\u00e1n. Sz\u00fcl\u0151faluja \u00e1ltal\u00e1nos iskol\u00e1j\u00e1nak elv\u00e9gz\u00e9se ut\u00e1na a magyarkanizsai mez\u0151gazdas\u00e1gi szakk\u00f6z\u00e9piskol\u00e1ba jelentkezett. Egyetemi tanulm\u00e1nyait az \u00dajvid\u00e9ki Egyetem Mez\u0151gazdas\u00e1gi Kar\u00e1nak N\u00f6v\u00e9nyv\u00e9delmi tansz\u00e9k\u00e9n v\u00e9gezte, ahol oklevel\u00e9t 1979-ben kapta meg. Magiszt\u00e9riumi fokozatot 1985-ben n\u00f6v\u00e9nygenetik\u00e1b\u00f3l szerzett, doktori fokozat\u00e1t 1990-ben genetik\u00e1b\u00f3l \u00e9s n\u00f6v\u00e9nynemes\u00edt\u00e9sb\u0151l v\u00e9dte meg.<\/p>\t\t\t\t\t\t<\/div>\n\t\t\t\t<\/div>\n\t\t\t\t<div class=\"elementor-element elementor-element-763159b elementor-invisible elementor-widget elementor-widget-text-editor\" data-id=\"763159b\" data-element_type=\"widget\" data-settings=\"{&quot;_animation&quot;:&quot;fadeIn&quot;,&quot;_animation_delay&quot;:400}\" data-widget_type=\"text-editor.default\">\n\t\t\t\t<div class=\"elementor-widget-container\">\n\t\t\t\t\t\t\t\t\t\t\t\t\t<\/div>\n\t\t\t\t<\/div>\n\t\t\t\t\t<\/div>\n\t\t<\/div>\n\t\t\t\t\t\t\t<\/div>\n\t\t<\/section>\n\t\t<div class=\"elementor-element elementor-element-8af32b7 e-flex e-con-boxed e-con e-parent\" data-id=\"8af32b7\" data-element_type=\"container\" data-settings=\"{&quot;content_width&quot;:&quot;boxed&quot;}\" data-core-v316-plus=\"true\">\n\t\t\t\t\t<div class=\"e-con-inner\">\n\t\t\t\t<div class=\"elementor-element elementor-element-5647aa4 elementor-widget elementor-widget-text-editor\" data-id=\"5647aa4\" data-element_type=\"widget\" data-widget_type=\"text-editor.default\">\n\t\t\t\t<div class=\"elementor-widget-container\">\n\t\t\t\t\t\t\t<p align=\"justify\">1980-ban az \u00fajvid\u00e9ki N\u00f6v\u00e9nynemes\u00edt\u0151 Int\u00e9zetben indult n\u00f6v\u00e9nynemes\u00edt\u0151- \u00e9s kutat\u00f3 tev\u00e9kenys\u00e9ge. Az int\u00e9zet b\u00e1cspetr\u0151ci kutat\u00f3telep\u00e9t 1990-t\u0151l vezette. Kutat\u00e1si \u00e9s n\u00f6v\u00e9nynemes\u00edt\u0151i munk\u00e1ja az alternat\u00edv n\u00f6v\u00e9nyekre ir\u00e1nyult, melynek eredm\u00e9nyess\u00e9g\u00e9t sz\u00e1mos sepr\u0151- \u00e9s takarm\u00e1nycirok-fajta, t\u00f6k, doh\u00e1ny tan\u00fas\u00edtja. Eur\u00f3pai \u00e9s \u00e9szak-amerikai orsz\u00e1gokban tudom\u00e1nyos \u00e9s szakmai tov\u00e1bbk\u00e9pz\u00e9seken vett r\u00e9szt. Magyarorsz\u00e1ggal, Szlov\u00e9ni\u00e1val, Franciaorsz\u00e1ggal, Belgiummal, Szlov\u00e1ki\u00e1val \u00e9s Olaszorsz\u00e1ggal k\u00f6ttetett szakmai egy\u00fcttm\u0171k\u00f6d\u00e9sek akt\u00edv r\u00e9sztvev\u0151je volt. A Budapesti Corvinus Egyetem, Kert\u00e9szettudom\u00e1nyi Kar, Kert\u00e9szm\u00e9rn\u00f6ki Szak, zentai Hat\u00e1ron T\u00fali Levelez\u0151 Tagozat konzulens tan\u00e1ri munk\u00e1j\u00e1t v\u00e1llalta a tagozat elindul\u00e1s\u00e1t\u00f3l fogva. A Genetika \u00e9s n\u00f6v\u00e9nynemes\u00edt\u00e9s \u00e9s N\u00f6v\u00e9nybiotechnol\u00f3gia tant\u00e1rgyak oktat\u00e1sa mellett kiemelked\u0151 szerepet j\u00e1tszott a tagozat \u00f6n\u00e1ll\u00f3s\u00e1g\u00e1nak, elismerts\u00e9g\u00e9nek kialak\u00edt\u00e1s\u00e1ban. Meghat\u00e1roz\u00f3 seg\u00e9ts\u00e9g volt az \u00dajvid\u00e9ki Egyetem Mez\u0151gazdas\u00e1gi Kar\u00e1val t\u00f6rt\u00e9n\u0151 egy\u00fcttm\u0171k\u00f6d\u00e9s kialak\u00edt\u00e1s\u00e1ban, a diplomahonos\u00edt\u00e1si neh\u00e9zs\u00e9gek lek\u00fczd\u00e9s\u00e9ben. A legnehezebb id\u0151kben is ki\u00e1llt a zentai tagozat mellett, a gy\u00fclekez\u00e9si tilalom idej\u00e9n is v\u00e1llalata a pl\u00e9b\u00e1ni\u00e1n vagy a piact\u00e9ren a hallgat\u00f3kkal val\u00f3 konzult\u00e1l\u00e1st, \u00e9s akkor is a tagozat m\u0171k\u00f6d\u00e9s\u00e9\u00e9rt k\u00fczd\u00f6tt, amikor megsz\u00fcntett\u00e9k a Kert\u00e9szeti k\u00e9pz\u00e9s m\u00f6g\u00f6tt \u00e1ll\u00f3 els\u0151 civil szervezetet. Sok \u00e9vig \u0150 k\u00e9sz\u00edtette fel a di\u00e1kokat a diplomadolgozataik elk\u00e9sz\u00edt\u00e9s\u00e9re \u00e9s sz\u00ednvonalas bemutat\u00e1s\u00e1ra. Az \u00e1ltala vezetett N\u00f6v\u00e9nynemes\u00edt\u0151i \u00cdnt\u00e9zetben mindig biztos\u00edtott int\u00e9zm\u00e9nyi h\u00e1tteret di\u00e1kok diplomadolgozat\u00e1hoz, szakmai gyakorlatokhoz \u00e9s a p\u00e1ly\u00e1zati munk\u00e1khoz. 2008-t\u00f3l rendes egyetemi tan\u00e1ri titulust kapott, majd 2009-ben a budapesti Corvinus Egyetem d\u00edsztoktorr\u00e1 avat\u00e1s\u00e1val k\u00f6sz\u00f6nte meg Dr. Ber\u00e9nyi J\u00e1nosnak a sok\u00e9vi \u00e1ld\u00e1sos \u00e9s \u00f6nzetlen munk\u00e1t, amelyet a zentai Hat\u00e1ron T\u00fali Levelez\u0151 Tagozat\u00e9rt tett. Egy\u00e9b d\u00edjai \u00e9s kit\u00fcntet\u00e9sei mellett erre volt a legb\u00fcszk\u00e9bb, holott a Magyar Tudom\u00e1nyos Akad\u00e9mi Arany J\u00e1nos-d\u00edjjal is kit\u00fcntette.<\/p><p align=\"justify\">K\u00fcl\u00f6n ki kell emelni \u00e9rtelmis\u00e9gteremt\u0151 \u00e9s \u00e9p\u00edt\u0151 munk\u00e1ss\u00e1g\u00e1t is, amelyet nem csak a Vajdas\u00e1gi Magyar Akad\u00e9miai Tan\u00e1cs eln\u00f6kek\u00e9nt bet\u00f6lt\u00f6tt tev\u00e9kenys\u00e9g\u00e9vel, de a zentai tagozaton \u00e9s m\u00e1s vajdas\u00e1gi fels\u0151oktat\u00e1si int\u00e9zm\u00e9nyekben elv\u00e9gzett bizotts\u00e1gi, szaklektori, mentori, valamint el\u0151ad\u00f3i tev\u00e9kenys\u00e9g\u00e9vel is biztos\u00edtott, tov\u00e1bb\u00e1 t\u00f6bb PhD, valamint \u00f6szt\u00f6nd\u00edjaj\u00e1nl\u00e1st \u00edrt \u00e9s ezeket az aj\u00e1nl\u00e1sokat a legfels\u0151bb szakmai k\u00f6r\u00f6kben is elfogadt\u00e1k \u00e9s becs\u00fclt\u00e9k. K\u00fczd\u00f6tt a fiatal magyar \u00e9rtelmis\u00e9g megteremt\u00e9s\u00e9\u00e9rt, hogy ismert, elismert \u00e9s sz\u00ednvonalas munk\u00e1jukkal bekapcsol\u00f3dhassanak a vajdas\u00e1gi magyar tudom\u00e1nyos \u00e9letbe. Munk\u00e1ja t\u00f6bb szempontb\u00f3l is n\u00e9lk\u00fcl\u00f6zhetetlen sz\u00e1munkra, mert nem csak egy olyan szakter\u00fclet k\u00e9pvisel\u0151j\u00e9t vesz\u00edtett\u00fck el, aki magyar nyelven tudta el\u0151adni az \u00e1gazat legkurrensebb tudom\u00e1nyos ir\u00e1nyzat\u00e1nak eredm\u00e9nyeit, hanem egy olyan embert, aki minden k\u00f6r\u00fclm\u00e9ny ellen\u00e9re folyamatosan sz\u00e1molt be az \u00e9lhetetlennek kiki\u00e1ltott sz\u00fcl\u0151f\u00f6ld\u00fcnk\u00f6n \u00e9s int\u00e9zm\u00e9nyi k\u00f6rnyezet\u00fcnkben a tudom\u00e1nyos \u00fajdons\u00e1gokr\u00f3l, a vil\u00e1gszerte elfogadott saj\u00e1t kutat\u00e1sair\u00f3l \u00e9s innov\u00e1ci\u00f3ir\u00f3l.<\/p><p align=\"justify\">Kutat\u00f3-oktat\u00f3 munk\u00e1ja sor\u00e1n bej\u00e1rta a nagyvil\u00e1got, azonban sz\u00edve cs\u00fccske mindig sz\u00fcl\u0151faluja, Torda maradt, ahol 2015. m\u00e1jus 5-\u00e9n helyezt\u00e9k \u00f6r\u00f6k nyugalomra.<\/p><p align=\"justify\">Az agr\u00e1riumban tett kiemelked\u0151, p\u00f3tolhatatlan \u00e9s \u00f6nzetlen oktat\u00e1si \u00e9s tudom\u00e1nyos \u00e9let\u00fatja \u00e9s munk\u00e1ss\u00e1ga el\u0151tti tisztelet jel\u00e9\u00fcl vette fel a zentai Agr\u00e1rinnov\u00e1ci\u00f3s Iroda Dr. Ber\u00e9nyi J\u00e1nos nev\u00e9t.<\/p>\t\t\t\t\t\t<\/div>\n\t\t\t\t<\/div>\n\t\t\t\t\t<\/div>\n\t\t\t\t<\/div>\n\t\t\t\t\t\t\t<\/div>\n\t\t","protected":false},"excerpt":{"rendered":"<p>A n\u00e9vad\u00f3r\u00f3l R\u00f3lunk A n\u00e9vad\u00f3r\u00f3l Dr. Ber\u00e9nyi J\u00e1nos Dr. Ber\u00e9nyi J\u00e1nos 1954-ben sz\u00fcletett B\u00e1n\u00e1t egyik legszebb faluj\u00e1ban, Tord\u00e1n. Sz\u00fcl\u0151faluja \u00e1ltal\u00e1nos iskol\u00e1j\u00e1nak elv\u00e9gz\u00e9se ut\u00e1na a magyarkanizsai mez\u0151gazdas\u00e1gi szakk\u00f6z\u00e9piskol\u00e1ba jelentkezett. Egyetemi tanulm\u00e1nyait az \u00dajvid\u00e9ki Egyetem Mez\u0151gazdas\u00e1gi Kar\u00e1nak N\u00f6v\u00e9nyv\u00e9delmi tansz\u00e9k\u00e9n v\u00e9gezte, ahol oklevel\u00e9t 1979-ben kapta meg. Magiszt\u00e9riumi fokozatot 1985-ben n\u00f6v\u00e9nygenetik\u00e1b\u00f3l szerzett, doktori fokozat\u00e1t 1990-ben genetik\u00e1b\u00f3l \u00e9s n\u00f6v\u00e9nynemes\u00edt\u00e9sb\u0151l v\u00e9dte [&hellip;]<\/p>\n","protected":false},"author":1,"featured_media":0,"parent":0,"menu_order":0,"comment_status":"closed","ping_status":"closed","template":"elementor_header_footer","meta":{"footnotes":""},"_links":{"self":[{"href":"https:\/\/proscnat.org\/agrari\/wp-json\/wp\/v2\/pages\/3642"}],"collection":[{"href":"https:\/\/proscnat.org\/agrari\/wp-json\/wp\/v2\/pages"}],"about":[{"href":"https:\/\/proscnat.org\/agrari\/wp-json\/wp\/v2\/types\/page"}],"author":[{"embeddable":true,"href":"https:\/\/proscnat.org\/agrari\/wp-json\/wp\/v2\/users\/1"}],"replies":[{"embeddable":true,"href":"https:\/\/proscnat.org\/agrari\/wp-json\/wp\/v2\/comments?post=3642"}],"version-history":[{"count":16,"href":"https:\/\/proscnat.org\/agrari\/wp-json\/wp\/v2\/pages\/3642\/revisions"}],"predecessor-version":[{"id":4401,"href":"https:\/\/proscnat.org\/agrari\/wp-json\/wp\/v2\/pages\/3642\/revisions\/4401"}],"wp:attachment":[{"href":"https:\/\/proscnat.org\/agrari\/wp-json\/wp\/v2\/media?parent=3642"}],"curies":[{"name":"wp","href":"https:\/\/api.w.org\/{rel}","templated":true}]}}