{"id":11,"date":"2016-01-18T14:49:27","date_gmt":"2016-01-18T14:49:27","guid":{"rendered":"http:\/\/kerteszeti.tanuljkertesz.hu\/?page_id=11"},"modified":"2026-03-24T08:17:11","modified_gmt":"2026-03-24T08:17:11","slug":"felveteli","status":"publish","type":"page","link":"https:\/\/proscnat.org\/kerteszeti\/felveteli\/","title":{"rendered":"Felv\u00e9teli"},"content":{"rendered":"\t\t<div data-elementor-type=\"wp-page\" data-elementor-id=\"11\" class=\"elementor elementor-11\" data-elementor-post-type=\"page\">\n\t\t\t\t\t\t\t\t\t<section class=\"elementor-section elementor-top-section elementor-element elementor-element-35d966c1 elementor-section-height-min-height elementor-section-boxed elementor-section-height-default elementor-section-items-middle\" data-id=\"35d966c1\" data-element_type=\"section\" data-settings=\"{&quot;background_background&quot;:&quot;classic&quot;}\">\n\t\t\t\t\t\t\t<div class=\"elementor-background-overlay\"><\/div>\n\t\t\t\t\t\t\t<div class=\"elementor-container elementor-column-gap-default\">\n\t\t\t\t\t<div class=\"elementor-column elementor-col-100 elementor-top-column elementor-element elementor-element-44caa509\" data-id=\"44caa509\" data-element_type=\"column\">\n\t\t\t<div class=\"elementor-widget-wrap elementor-element-populated\">\n\t\t\t\t\t\t\t\t<div class=\"elementor-element elementor-element-2c40e77c elementor-invisible elementor-widget elementor-widget-heading\" data-id=\"2c40e77c\" data-element_type=\"widget\" data-settings=\"{&quot;_animation&quot;:&quot;fadeIn&quot;}\" data-widget_type=\"heading.default\">\n\t\t\t\t<div class=\"elementor-widget-container\">\n\t\t\t<style>\/*! elementor - v3.17.0 - 25-10-2023 *\/\n.elementor-heading-title{padding:0;margin:0;line-height:1}.elementor-widget-heading .elementor-heading-title[class*=elementor-size-]>a{color:inherit;font-size:inherit;line-height:inherit}.elementor-widget-heading .elementor-heading-title.elementor-size-small{font-size:15px}.elementor-widget-heading .elementor-heading-title.elementor-size-medium{font-size:19px}.elementor-widget-heading .elementor-heading-title.elementor-size-large{font-size:29px}.elementor-widget-heading .elementor-heading-title.elementor-size-xl{font-size:39px}.elementor-widget-heading .elementor-heading-title.elementor-size-xxl{font-size:59px}<\/style><h2 class=\"elementor-heading-title elementor-size-default\">Felv\u00e9teli<\/h2>\t\t<\/div>\n\t\t\t\t<\/div>\n\t\t\t\t<div class=\"elementor-element elementor-element-4652937e elementor-icon-list--layout-inline elementor-align-center elementor-list-item-link-full_width elementor-invisible elementor-widget elementor-widget-icon-list\" data-id=\"4652937e\" data-element_type=\"widget\" data-settings=\"{&quot;_animation&quot;:&quot;fadeIn&quot;,&quot;_animation_delay&quot;:200}\" data-widget_type=\"icon-list.default\">\n\t\t\t\t<div class=\"elementor-widget-container\">\n\t\t\t<link rel=\"stylesheet\" href=\"https:\/\/proscnat.org\/kerteszeti\/wp-content\/plugins\/elementor\/assets\/css\/widget-icon-list.min.css\">\t\t<ul class=\"elementor-icon-list-items elementor-inline-items\">\n\t\t\t\t\t\t\t<li class=\"elementor-icon-list-item elementor-inline-item\">\n\t\t\t\t\t\t\t\t\t\t\t<a href=\"https:\/\/proscnat.org\/kerteszeti\">\n\n\t\t\t\t\t\t\t\t\t\t\t<span class=\"elementor-icon-list-text\">Nyit\u00f3lap<\/span>\n\t\t\t\t\t\t\t\t\t\t\t<\/a>\n\t\t\t\t\t\t\t\t\t<\/li>\n\t\t\t\t\t\t\t\t<li class=\"elementor-icon-list-item elementor-inline-item\">\n\t\t\t\t\t\t\t\t\t\t\t<a href=\"http:\/\/Blog\">\n\n\t\t\t\t\t\t\t\t\t\t\t\t<span class=\"elementor-icon-list-icon\">\n\t\t\t\t\t\t\t<i aria-hidden=\"true\" class=\"icon icon-right-arrow1\"><\/i>\t\t\t\t\t\t<\/span>\n\t\t\t\t\t\t\t\t\t\t<span class=\"elementor-icon-list-text\">Felv\u00e9teli<\/span>\n\t\t\t\t\t\t\t\t\t\t\t<\/a>\n\t\t\t\t\t\t\t\t\t<\/li>\n\t\t\t\t\t\t<\/ul>\n\t\t\t\t<\/div>\n\t\t\t\t<\/div>\n\t\t\t\t\t<\/div>\n\t\t<\/div>\n\t\t\t\t\t\t\t<\/div>\n\t\t<\/section>\n\t\t<div class=\"elementor-element elementor-element-ccda678 e-flex e-con-boxed e-con e-parent\" data-id=\"ccda678\" data-element_type=\"container\" data-settings=\"{&quot;content_width&quot;:&quot;boxed&quot;}\" data-core-v316-plus=\"true\">\n\t\t\t\t\t<div class=\"e-con-inner\">\n\t\t\t\t<div class=\"elementor-element elementor-element-462f9899 elementor-widget elementor-widget-text-editor\" data-id=\"462f9899\" data-element_type=\"widget\" data-widget_type=\"text-editor.default\">\n\t\t\t\t<div class=\"elementor-widget-container\">\n\t\t\t<style>\/*! elementor - v3.17.0 - 25-10-2023 *\/\n.elementor-widget-text-editor.elementor-drop-cap-view-stacked .elementor-drop-cap{background-color:#69727d;color:#fff}.elementor-widget-text-editor.elementor-drop-cap-view-framed .elementor-drop-cap{color:#69727d;border:3px solid;background-color:transparent}.elementor-widget-text-editor:not(.elementor-drop-cap-view-default) .elementor-drop-cap{margin-top:8px}.elementor-widget-text-editor:not(.elementor-drop-cap-view-default) .elementor-drop-cap-letter{width:1em;height:1em}.elementor-widget-text-editor .elementor-drop-cap{float:left;text-align:center;line-height:1;font-size:50px}.elementor-widget-text-editor .elementor-drop-cap-letter{display:inline-block}<\/style>\t\t\t\t<p><!-- wp:html --><\/p>\n<h4 class=\"has-text-align-justify\">A Magyar Agr\u00e1r \u00e9s \u00c9lettudom\u00e1nyi Egyetem Zentai Konzult\u00e1ci\u00f3s K\u00f6zpontj\u00e1ban indul\u00f3 k\u00e9pz\u00e9sekre val\u00f3 jelentkez\u00e9shez, beiratkoz\u00e1shoz sz\u00fcks\u00e9ges felt\u00e9telek, inform\u00e1ci\u00f3k:<\/h4>\n<p><!-- \/wp:html --><!-- wp:paragraph --><\/p>\n<p><strong>A jelentkez\u00e9s t\u00f6bb l\u00e9p\u00e9sb\u0151l \u00e1ll:<\/strong><\/p>\n<p><!-- \/wp:paragraph --><!-- wp:list {\"ordered\":true,\"type\":\"1\"} --><\/p>\n<ol type=\"1\">\n<li>Pap\u00edr alap\u00fa jelentkez\u00e9s (Hi\u00e1nyz\u00f3 dokumentumok eset\u00e9n ekkor m\u00e9g van lehet\u0151s\u00e9g p\u00f3tl\u00e1sra.)<\/li>\n<li>Online jelentkez\u00e9s (Ekkor lesz v\u00e9gleges a jelentkez\u00e9s. Itt kell majd csatolni pdf form\u00e1tumban a sz\u00fcks\u00e9ges dokumentumokat, melyhez minden seg\u00edts\u00e9get megkapnak a jelentkez\u0151k a Zentai Konzult\u00e1ci\u00f3s K\u00f6zpont munkat\u00e1rsait\u00f3l.)<\/li>\n<li><span style=\"background-color: transparent; color: var( --e-global-color-text ); font-family: var( --e-global-typography-text-font-family ), Sans-serif; font-weight: var( --e-global-typography-text-font-weight ); text-align: var(--text-align);\">Mesterk\u00e9pz\u00e9s eset\u00e9n, akinek sz\u00fcks\u00e9ges: Kreditelismer\u00e9si elj\u00e1r\u00e1s<\/span><\/li>\n<\/ol>\n<p><!-- \/wp:list --><!-- wp:paragraph --><\/p>\n<h3>&nbsp;<\/h3>\n<h3><strong>Alapk\u00e9pz\u00e9sek:<\/strong><\/h3>\n<p><!-- \/wp:paragraph --><!-- wp:html --><\/p>\n<ul>\n<li>A hallgat\u00f3nak 4 \u00e9ves k\u00f6z\u00e9piskol\u00e1val \u00e9s \u00e9retts\u00e9gi vizsg\u00e1val kell rendelkeznie (3 \u00e9ves k\u00f6z\u00e9piskol\u00e1val nem nyerhet felv\u00e9telt)<span id=\"docs-internal-guid-37a8c8c0-7fff-7da5-e872-433e951490e3\"><\/span><\/li>\n<li><span style=\"font-weight: 400;\">A k\u00f6z\u00e9piskolai \u00e9retts\u00e9gi vizsga eredm\u00e9nyeit \u00e9s a 4 \u00e9ves k\u00f6z\u00e9piskolai eredm\u00e9nyeket is figyelembe veszik a felv\u00e9teli pontok kisz\u00e1m\u00edt\u00e1sakor<\/span><\/li>\n<li>A k\u00e9pz\u00e9s \u00e1llamilag t\u00e1mogatott (<span style=\"font-weight: 400;\">a Magyar K\u00f6zt\u00e1rsas\u00e1g Kult\u00far\u00e1lis \u00e9s Innov\u00e1ci\u00f3s Miniszt\u00e9riuma t\u00e1mogatja<\/span>), teh\u00e1t a hallgat\u00f3knak nem kell tand\u00edjat fizetni\u00fck.<\/li>\n<li>M\u00e1soddiploma, illetve p\u00e1rhuzamos k\u00e9pz\u00e9s eset\u00e9n a k\u00e9pz\u00e9s \u00f6nk\u00f6lts\u00e9gess\u00e9 v\u00e1lhat. <span style=\"font-weight: 400;\">Ilyen \u00e9s a fentiekben nem v\u00e1zolt egy\u00e9ni esetekben k\u00e9rj\u00fck, forduljon az adminisztr\u00e1ci\u00f3hoz!<\/span><\/li>\n<\/ul>\n<p><!-- \/wp:html --><!-- wp:paragraph --><\/p>\n<h5>&nbsp;<\/h5>\n<h5><strong>Beadand\u00f3 dokumentumok:<\/strong><\/h5>\n<p><!-- \/wp:paragraph --><!-- wp:list --><\/p>\n<ul>\n<li>\u00c9retts\u00e9gi diploma <strong>f\u00e9nym\u00e1solata<\/strong><\/li>\n<li>A k\u00f6z\u00e9piskola bizony\u00edtv\u00e1nyainak <strong>f\u00e9nym\u00e1solata<\/strong> (mind a 4 \u00e9vb\u0151l)<\/li>\n<li>2 db vil\u00e1gos h\u00e1tter\u0171 <strong>igazolv\u00e1nyk\u00e9p<\/strong><\/li>\n<li>Kit\u00f6lt\u00f6tt <strong>Jelentkez\u00e9si lap<\/strong><\/li>\n<li>Egy\u00e9b plusz pontot \u00e9r\u0151 <strong>dokumentum f\u00e9nym\u00e1solata<\/strong> (p\u00e9ld\u00e1ul: nyelvvizsga, emelt szint\u0171 \u00e9retts\u00e9gi dokumentum)<\/li>\n<\/ul>\n<p><!-- \/wp:list --><!-- wp:paragraph --><\/p>\n<p><strong>A f\u00e9nym\u00e1solt dokumentumok eredeti p\u00e9ld\u00e1ny\u00e1t k\u00e9rj\u00fck bemutat\u00e1sra!<\/strong><\/p>\n<p><\/p>\n<p><!-- \/wp:paragraph --><!-- wp:paragraph --><\/p>\n<h3>&nbsp;<\/h3>\n<h3><strong>Mesterk\u00e9pz\u00e9sek:<\/strong><\/h3>\n<p><!-- \/wp:paragraph --><!-- wp:paragraph --><\/p>\n<h5><strong>Beadand\u00f3 dokumentumok:<\/strong><\/h5>\n<p><!-- \/wp:paragraph --><!-- wp:list --><\/p>\n<ul>\n<li>A f\u0151iskolai\/egyetemi oklev\u00e9l m\u00e1solata (\u00e9s ford\u00edt\u00e1sa)<\/li>\n<li>Az index, vagy t\u00f6rzsk\u00f6nyv, vagy diplomamell\u00e9klet m\u00e1solata (\u00e9s ford\u00edt\u00e1sa)<\/li>\n<li>\u00c9retts\u00e9gi diploma f\u00e9nym\u00e1solata (\u00e9s ford\u00edt\u00e1sa)<\/li>\n<li>A k\u00f6z\u00e9piskola bizony\u00edtv\u00e1nyainak f\u00e9nym\u00e1solata (mind a 4 \u00e9vb\u0151l)<\/li>\n<li>2 db igazolv\u00e1nyk\u00e9p<\/li>\n<\/ul>\n<p><!-- \/wp:list --><!-- wp:paragraph --><\/p>\n<p>+ Motiv\u00e1ci\u00f3s lev\u00e9l \u00edr\u00e1sa vagy motiv\u00e1ci\u00f3s elbesz\u00e9lget\u00e9sen val\u00f3 r\u00e9szv\u00e9tel<\/p>\n<p><span style=\"font-weight: 400;\">Amennyiben Szerbi\u00e1ban v\u00e9gezte a f\u0151iskolai\/egyetemi tanulm\u00e1nyait, sz\u00fcks\u00e9ges elind\u00edtani egy kreditelismer\u00e9si elj\u00e1r\u00e1st. Ebben az esetben k\u00e9rj\u00fck, hogy vegye fel vel\u00fcnk a kapcsolatot.<\/span><\/p>\n<p><!-- \/wp:paragraph --><!-- wp:paragraph --><\/p>\n<p>A dokumentumokat vagy szkennelve vagy pedig szem\u00e9lyesen fogadjuk az al\u00e1bbi c\u00edmen: Zenta, \u0150sz utca 18. &#8211; 1. emelet<\/p>\n<p><!-- \/wp:paragraph --><!-- wp:paragraph --><\/p>\n<p><span style=\"font-weight: 400;\">Amennyiben b\u00e1rmilyen k\u00e9rd\u00e9s\u00fck van, keressenek benn\u00fcnket bizalommal.<\/span><\/p>\n<p><!-- \/wp:paragraph --><!-- wp:paragraph --><\/p>\n<p>A jelentkez\u00e9s hat\u00e1rideje:&nbsp;<strong>2026. J\u00falius 31.<\/strong><\/p>\n<p><\/p>\n<p><!-- \/wp:paragraph --><!-- wp:paragraph --><\/p>\n<p><!-- \/wp:paragraph --><!-- wp:paragraph --><\/p>\n<p><strong>Vegye fel vel\u00fcnk a kapcsolatot!<\/strong><\/p>\n<p>Email:&nbsp;<a href=\"mailto:htlt.zenta@gmail.com\">htlt.zenta@gmail.com<\/a><\/p>\n<p><!-- \/wp:paragraph --><!-- wp:paragraph --><\/p>\n<p><!-- \/wp:paragraph --><!-- wp:paragraph --><\/p>\n<p>Fleisz V\u00e9kony \u00c1gnes: <strong>+381-60\/099-14-16<\/strong><\/p>\n<p>Dr. K\u00f6nyves Tibor: <strong>+381-60\/099-14-01<\/strong><\/p>\n<p><!-- \/wp:paragraph --><!-- wp:paragraph --><\/p>\n<p><a href=\"https:\/\/docs.google.com\/document\/d\/135plPc9LzNIMD-aBthUj84644ULrGuB3\/edit?usp=sharing&amp;ouid=105496177995312850273&amp;rtpof=true&amp;sd=true\">Jelentkez\u00e9si lap<\/a> \u2013 Alapk\u00e9pz\u00e9s<\/p>\n<p><!-- \/wp:paragraph --><!-- wp:paragraph --><\/p>\n<p><a href=\"https:\/\/docs.google.com\/document\/d\/1RxnxeTH7GjkhvwMYN2ZTx9ZwMMS2LOpp\/edit?usp=sharing&amp;ouid=105496177995312850273&amp;rtpof=true&amp;sd=true\">Jelentkez\u00e9si lap<\/a> &#8211; Mesterk\u00e9pz\u00e9s<\/p>\n<p><!-- \/wp:paragraph --><\/p>\t\t\t\t\t\t<\/div>\n\t\t\t\t<\/div>\n\t\t\t\t\t<\/div>\n\t\t\t\t<\/div>\n\t\t\t\t\t\t\t<\/div>\n\t\t","protected":false},"excerpt":{"rendered":"<p>Felv\u00e9teli Nyit\u00f3lap Felv\u00e9teli A Magyar Agr\u00e1r \u00e9s \u00c9lettudom\u00e1nyi Egyetem Zentai Konzult\u00e1ci\u00f3s K\u00f6zpontj\u00e1ban indul\u00f3 k\u00e9pz\u00e9sekre val\u00f3 jelentkez\u00e9shez, beiratkoz\u00e1shoz sz\u00fcks\u00e9ges felt\u00e9telek, inform\u00e1ci\u00f3k: A jelentkez\u00e9s t\u00f6bb l\u00e9p\u00e9sb\u0151l \u00e1ll: Pap\u00edr alap\u00fa jelentkez\u00e9s (Hi\u00e1nyz\u00f3 dokumentumok eset\u00e9n ekkor m\u00e9g van lehet\u0151s\u00e9g p\u00f3tl\u00e1sra.) Online jelentkez\u00e9s (Ekkor lesz v\u00e9gleges a jelentkez\u00e9s. Itt kell majd csatolni pdf form\u00e1tumban a sz\u00fcks\u00e9ges dokumentumokat, melyhez minden seg\u00edts\u00e9get [&hellip;]<\/p>\n","protected":false},"author":3,"featured_media":0,"parent":0,"menu_order":0,"comment_status":"closed","ping_status":"closed","template":"","meta":{"footnotes":""},"_links":{"self":[{"href":"https:\/\/proscnat.org\/kerteszeti\/wp-json\/wp\/v2\/pages\/11"}],"collection":[{"href":"https:\/\/proscnat.org\/kerteszeti\/wp-json\/wp\/v2\/pages"}],"about":[{"href":"https:\/\/proscnat.org\/kerteszeti\/wp-json\/wp\/v2\/types\/page"}],"author":[{"embeddable":true,"href":"https:\/\/proscnat.org\/kerteszeti\/wp-json\/wp\/v2\/users\/3"}],"replies":[{"embeddable":true,"href":"https:\/\/proscnat.org\/kerteszeti\/wp-json\/wp\/v2\/comments?post=11"}],"version-history":[{"count":48,"href":"https:\/\/proscnat.org\/kerteszeti\/wp-json\/wp\/v2\/pages\/11\/revisions"}],"predecessor-version":[{"id":4959,"href":"https:\/\/proscnat.org\/kerteszeti\/wp-json\/wp\/v2\/pages\/11\/revisions\/4959"}],"wp:attachment":[{"href":"https:\/\/proscnat.org\/kerteszeti\/wp-json\/wp\/v2\/media?parent=11"}],"curies":[{"name":"wp","href":"https:\/\/api.w.org\/{rel}","templated":true}]}}