{"id":1293,"date":"2016-11-23T12:41:20","date_gmt":"2016-11-23T12:41:20","guid":{"rendered":"http:\/\/kerteszeti.tanuljkertesz.hu\/?page_id=1293"},"modified":"2023-10-31T13:47:49","modified_gmt":"2023-10-31T13:47:49","slug":"letoltheto","status":"publish","type":"page","link":"https:\/\/proscnat.org\/kerteszeti\/letoltheto\/","title":{"rendered":"Let\u00f6lthet\u0151"},"content":{"rendered":"\t\t<div data-elementor-type=\"wp-page\" data-elementor-id=\"1293\" class=\"elementor elementor-1293\" data-elementor-post-type=\"page\">\n\t\t\t\t\t\t\t\t\t<section class=\"elementor-section elementor-top-section elementor-element elementor-element-69cc1a46 elementor-section-height-min-height elementor-section-boxed elementor-section-height-default elementor-section-items-middle\" data-id=\"69cc1a46\" data-element_type=\"section\" data-settings=\"{&quot;background_background&quot;:&quot;classic&quot;}\">\n\t\t\t\t\t\t\t<div class=\"elementor-background-overlay\"><\/div>\n\t\t\t\t\t\t\t<div class=\"elementor-container elementor-column-gap-default\">\n\t\t\t\t\t<div class=\"elementor-column elementor-col-100 elementor-top-column elementor-element elementor-element-1cb52ff6\" data-id=\"1cb52ff6\" data-element_type=\"column\">\n\t\t\t<div class=\"elementor-widget-wrap elementor-element-populated\">\n\t\t\t\t\t\t\t\t<div class=\"elementor-element elementor-element-6fba3f77 elementor-invisible elementor-widget elementor-widget-heading\" data-id=\"6fba3f77\" data-element_type=\"widget\" data-settings=\"{&quot;_animation&quot;:&quot;fadeIn&quot;}\" data-widget_type=\"heading.default\">\n\t\t\t\t<div class=\"elementor-widget-container\">\n\t\t\t<style>\/*! elementor - v3.17.0 - 25-10-2023 *\/\n.elementor-heading-title{padding:0;margin:0;line-height:1}.elementor-widget-heading .elementor-heading-title[class*=elementor-size-]>a{color:inherit;font-size:inherit;line-height:inherit}.elementor-widget-heading .elementor-heading-title.elementor-size-small{font-size:15px}.elementor-widget-heading .elementor-heading-title.elementor-size-medium{font-size:19px}.elementor-widget-heading .elementor-heading-title.elementor-size-large{font-size:29px}.elementor-widget-heading .elementor-heading-title.elementor-size-xl{font-size:39px}.elementor-widget-heading .elementor-heading-title.elementor-size-xxl{font-size:59px}<\/style><h2 class=\"elementor-heading-title elementor-size-default\">Let\u00f6lthet\u0151<\/h2>\t\t<\/div>\n\t\t\t\t<\/div>\n\t\t\t\t<div class=\"elementor-element elementor-element-52964e2f elementor-icon-list--layout-inline elementor-align-center elementor-list-item-link-full_width elementor-invisible elementor-widget elementor-widget-icon-list\" data-id=\"52964e2f\" data-element_type=\"widget\" data-settings=\"{&quot;_animation&quot;:&quot;fadeIn&quot;,&quot;_animation_delay&quot;:200}\" data-widget_type=\"icon-list.default\">\n\t\t\t\t<div class=\"elementor-widget-container\">\n\t\t\t<link rel=\"stylesheet\" href=\"https:\/\/proscnat.org\/kerteszeti\/wp-content\/plugins\/elementor\/assets\/css\/widget-icon-list.min.css\">\t\t<ul class=\"elementor-icon-list-items elementor-inline-items\">\n\t\t\t\t\t\t\t<li class=\"elementor-icon-list-item elementor-inline-item\">\n\t\t\t\t\t\t\t\t\t\t\t<a href=\"https:\/\/proscnat.org\/kerteszeti\">\n\n\t\t\t\t\t\t\t\t\t\t\t<span class=\"elementor-icon-list-text\">Nyit\u00f3lap<\/span>\n\t\t\t\t\t\t\t\t\t\t\t<\/a>\n\t\t\t\t\t\t\t\t\t<\/li>\n\t\t\t\t\t\t\t\t<li class=\"elementor-icon-list-item elementor-inline-item\">\n\t\t\t\t\t\t\t\t\t\t\t<span class=\"elementor-icon-list-icon\">\n\t\t\t\t\t\t\t<i aria-hidden=\"true\" class=\"icon icon-right-arrow1\"><\/i>\t\t\t\t\t\t<\/span>\n\t\t\t\t\t\t\t\t\t\t<span class=\"elementor-icon-list-text\">Let\u00f6lthet\u0151<\/span>\n\t\t\t\t\t\t\t\t\t<\/li>\n\t\t\t\t\t\t<\/ul>\n\t\t\t\t<\/div>\n\t\t\t\t<\/div>\n\t\t\t\t\t<\/div>\n\t\t<\/div>\n\t\t\t\t\t\t\t<\/div>\n\t\t<\/section>\n\t\t<div class=\"elementor-element elementor-element-34e97d56 e-flex e-con-boxed e-con e-parent\" data-id=\"34e97d56\" data-element_type=\"container\" data-settings=\"{&quot;content_width&quot;:&quot;boxed&quot;}\" data-core-v316-plus=\"true\">\n\t\t\t\t\t<div class=\"e-con-inner\">\n\t\t\t\t<div class=\"elementor-element elementor-element-76d275c5 elementor-widget elementor-widget-text-editor\" data-id=\"76d275c5\" data-element_type=\"widget\" data-widget_type=\"text-editor.default\">\n\t\t\t\t<div class=\"elementor-widget-container\">\n\t\t\t<style>\/*! elementor - v3.17.0 - 25-10-2023 *\/\n.elementor-widget-text-editor.elementor-drop-cap-view-stacked .elementor-drop-cap{background-color:#69727d;color:#fff}.elementor-widget-text-editor.elementor-drop-cap-view-framed .elementor-drop-cap{color:#69727d;border:3px solid;background-color:transparent}.elementor-widget-text-editor:not(.elementor-drop-cap-view-default) .elementor-drop-cap{margin-top:8px}.elementor-widget-text-editor:not(.elementor-drop-cap-view-default) .elementor-drop-cap-letter{width:1em;height:1em}.elementor-widget-text-editor .elementor-drop-cap{float:left;text-align:center;line-height:1;font-size:50px}.elementor-widget-text-editor .elementor-drop-cap-letter{display:inline-block}<\/style>\t\t\t\t<h3>Z\u00e1r\u00f3vizsga t\u00e9telek<\/h3><ul><li><a href=\"https:\/\/proscnat.org\/kerteszeti\/wp-content\/uploads\/sites\/3\/2023\/10\/Kerteszmernok_BSc_2012_utan_kezdok_disz_faisk_gyogy_gyum_szolo_2017_tavasz.doc\">Kert\u00e9szm\u00e9rn\u00f6ki alapk\u00e9pz\u00e9si szak z\u00e1r\u00f3vizsga t\u00e9telei 2012 ut\u00e1n kezd\u0151k r\u00e9sz\u00e9re<\/a><\/li><li><a href=\"https:\/\/proscnat.org\/kerteszeti\/wp-content\/uploads\/sites\/3\/2023\/10\/Kerteszmernok_BSc_2012_elott_kezdok_zarovizsga_tetelek_kotelezo_targyak_2017_tavasz.doc\">Kert\u00e9szm\u00e9rn\u00f6ki alapk\u00e9pz\u00e9si szak z\u00e1r\u00f3vizsga t\u00e9telei 2012 el\u0151tt kezd\u0151k r\u00e9sz\u00e9re<\/a><\/li><li><a href=\"https:\/\/proscnat.org\/kerteszeti\/wp-content\/uploads\/sites\/3\/2023\/10\/Kerteszmernok_BSc_2012_elott_kezdok_zarovizsga_tetelek_szakiranyok_is-meretanyaga_2016_tavasz_2012_elott_kezdok.pdf\" target=\"_blank\" rel=\"noopener noreferrer\">Kert\u00e9szm\u00e9rn\u00f6ki alapk\u00e9pz\u00e9si szak\u00a0Speci\u00e1lis szakir\u00e1nyi ismeretek t\u00e9telei 2012 el\u0151tt kezd\u0151k r\u00e9sz\u00e9re<\/a><\/li><li><a href=\"https:\/\/proscnat.org\/kerteszeti\/wp-content\/uploads\/sites\/3\/2023\/10\/KESZ_KOGAM_BSc_Zenta_zarovizsga_tetelek_2015osz.pdf\" target=\"_blank\" rel=\"noopener noreferrer\">K\u00f6rnyezetgazd\u00e1lkod\u00e1si agr\u00e1rm\u00e9rn\u00f6ki alapk\u00e9pz\u00e9si szak z\u00e1r\u00f3vizsga t\u00e9telei<\/a><\/li><\/ul><h3>Szakdolgozat-k\u00e9sz\u00edt\u00e9si \u00fatmutat\u00f3<\/h3><ul><li><a href=\"https:\/\/proscnat.org\/kerteszeti\/wp-content\/uploads\/sites\/3\/2023\/10\/Szakdolgozat_es_diplomamunka_keszites_utmutatoja_20160404_frissitve_20170517.doc\" target=\"_blank\" rel=\"noopener\">Szakdolgozat-k\u00e9sz\u00edt\u00e9si \u00fatmutat\u00f3<\/a><\/li><li><a href=\"https:\/\/proscnat.org\/kerteszeti\/wp-content\/uploads\/sites\/3\/2023\/10\/MINTA_Prezentacio-szakdolgozat-vedes.pptx\">Prezent\u00e1ci\u00f3 elk\u00e9sz\u00edt\u00e9si \u00fatmutat\u00f3<\/a><\/li><\/ul><h3>Ki\u00edratkoz\u00e1si k\u00e9relem<\/h3><ul><li><a href=\"https:\/\/proscnat.org\/kerteszeti\/wp-content\/uploads\/sites\/3\/2023\/10\/Kiiratkozasi-Kerelem-mezomernok.docx\">Mez\u0151gazdas\u00e1gi m\u00e9rn\u00f6k hallgat\u00f3k r\u00e9sz\u00e9re<\/a><\/li><\/ul><h3>Tant\u00e1rgylist\u00e1k<\/h3><ul><li><a href=\"https:\/\/proscnat.org\/kerteszeti\/wp-content\/uploads\/sites\/3\/2023\/10\/Kerteszmernok_tantargylista.xls\">Kert\u00e9szm\u00e9rn\u00f6k tant\u00e1rgylista<\/a><\/li><li><a href=\"https:\/\/proscnat.org\/kerteszeti\/wp-content\/uploads\/sites\/3\/2023\/10\/Mezogazdasagi_mernok_tantargylista.xls\">Mez\u0151gazdas\u00e1gi m\u00e9rn\u00f6k tant\u00e1rgylista<\/a><\/li><\/ul>\t\t\t\t\t\t<\/div>\n\t\t\t\t<\/div>\n\t\t\t\t\t<\/div>\n\t\t\t\t<\/div>\n\t\t\t\t\t\t\t<\/div>\n\t\t","protected":false},"excerpt":{"rendered":"<p>Let\u00f6lthet\u0151 Nyit\u00f3lap Let\u00f6lthet\u0151 Z\u00e1r\u00f3vizsga t\u00e9telek Kert\u00e9szm\u00e9rn\u00f6ki alapk\u00e9pz\u00e9si szak z\u00e1r\u00f3vizsga t\u00e9telei 2012 ut\u00e1n kezd\u0151k r\u00e9sz\u00e9re Kert\u00e9szm\u00e9rn\u00f6ki alapk\u00e9pz\u00e9si szak z\u00e1r\u00f3vizsga t\u00e9telei 2012 el\u0151tt kezd\u0151k r\u00e9sz\u00e9re Kert\u00e9szm\u00e9rn\u00f6ki alapk\u00e9pz\u00e9si szak\u00a0Speci\u00e1lis szakir\u00e1nyi ismeretek t\u00e9telei 2012 el\u0151tt kezd\u0151k r\u00e9sz\u00e9re K\u00f6rnyezetgazd\u00e1lkod\u00e1si agr\u00e1rm\u00e9rn\u00f6ki alapk\u00e9pz\u00e9si szak z\u00e1r\u00f3vizsga t\u00e9telei Szakdolgozat-k\u00e9sz\u00edt\u00e9si \u00fatmutat\u00f3 Szakdolgozat-k\u00e9sz\u00edt\u00e9si \u00fatmutat\u00f3 Prezent\u00e1ci\u00f3 elk\u00e9sz\u00edt\u00e9si \u00fatmutat\u00f3 Ki\u00edratkoz\u00e1si k\u00e9relem Mez\u0151gazdas\u00e1gi m\u00e9rn\u00f6k hallgat\u00f3k r\u00e9sz\u00e9re Tant\u00e1rgylist\u00e1k Kert\u00e9szm\u00e9rn\u00f6k tant\u00e1rgylista [&hellip;]<\/p>\n","protected":false},"author":3,"featured_media":0,"parent":0,"menu_order":0,"comment_status":"closed","ping_status":"closed","template":"","meta":{"footnotes":""},"_links":{"self":[{"href":"https:\/\/proscnat.org\/kerteszeti\/wp-json\/wp\/v2\/pages\/1293"}],"collection":[{"href":"https:\/\/proscnat.org\/kerteszeti\/wp-json\/wp\/v2\/pages"}],"about":[{"href":"https:\/\/proscnat.org\/kerteszeti\/wp-json\/wp\/v2\/types\/page"}],"author":[{"embeddable":true,"href":"https:\/\/proscnat.org\/kerteszeti\/wp-json\/wp\/v2\/users\/3"}],"replies":[{"embeddable":true,"href":"https:\/\/proscnat.org\/kerteszeti\/wp-json\/wp\/v2\/comments?post=1293"}],"version-history":[{"count":6,"href":"https:\/\/proscnat.org\/kerteszeti\/wp-json\/wp\/v2\/pages\/1293\/revisions"}],"predecessor-version":[{"id":4004,"href":"https:\/\/proscnat.org\/kerteszeti\/wp-json\/wp\/v2\/pages\/1293\/revisions\/4004"}],"wp:attachment":[{"href":"https:\/\/proscnat.org\/kerteszeti\/wp-json\/wp\/v2\/media?parent=1293"}],"curies":[{"name":"wp","href":"https:\/\/api.w.org\/{rel}","templated":true}]}}