{"id":1653,"date":"2018-02-06T11:47:20","date_gmt":"2018-02-06T11:47:20","guid":{"rendered":"http:\/\/kerteszeti.tanuljkertesz.hu\/?page_id=1653"},"modified":"2024-03-05T09:23:52","modified_gmt":"2024-03-05T09:23:52","slug":"kerteszmernok-bsc-alapszak","status":"publish","type":"page","link":"https:\/\/proscnat.org\/kerteszeti\/kerteszmernok-bsc-alapszak\/","title":{"rendered":"Kert\u00e9szm\u00e9rn\u00f6k BSc alapk\u00e9pz\u00e9s"},"content":{"rendered":"\t\t<div data-elementor-type=\"wp-page\" data-elementor-id=\"1653\" class=\"elementor elementor-1653\" data-elementor-post-type=\"page\">\n\t\t\t\t\t\t\t\t\t<section class=\"elementor-section elementor-top-section elementor-element elementor-element-aa8d82b elementor-section-height-min-height elementor-section-boxed elementor-section-height-default elementor-section-items-middle\" data-id=\"aa8d82b\" data-element_type=\"section\" data-settings=\"{&quot;background_background&quot;:&quot;classic&quot;}\">\n\t\t\t\t\t\t\t<div class=\"elementor-background-overlay\"><\/div>\n\t\t\t\t\t\t\t<div class=\"elementor-container elementor-column-gap-default\">\n\t\t\t\t\t<div class=\"elementor-column elementor-col-100 elementor-top-column elementor-element elementor-element-15354e89\" data-id=\"15354e89\" data-element_type=\"column\">\n\t\t\t<div class=\"elementor-widget-wrap elementor-element-populated\">\n\t\t\t\t\t\t\t\t<div class=\"elementor-element elementor-element-5f69a706 elementor-invisible elementor-widget elementor-widget-heading\" data-id=\"5f69a706\" data-element_type=\"widget\" data-settings=\"{&quot;_animation&quot;:&quot;fadeIn&quot;}\" data-widget_type=\"heading.default\">\n\t\t\t\t<div class=\"elementor-widget-container\">\n\t\t\t<style>\/*! elementor - v3.17.0 - 25-10-2023 *\/\n.elementor-heading-title{padding:0;margin:0;line-height:1}.elementor-widget-heading .elementor-heading-title[class*=elementor-size-]>a{color:inherit;font-size:inherit;line-height:inherit}.elementor-widget-heading .elementor-heading-title.elementor-size-small{font-size:15px}.elementor-widget-heading .elementor-heading-title.elementor-size-medium{font-size:19px}.elementor-widget-heading .elementor-heading-title.elementor-size-large{font-size:29px}.elementor-widget-heading .elementor-heading-title.elementor-size-xl{font-size:39px}.elementor-widget-heading .elementor-heading-title.elementor-size-xxl{font-size:59px}<\/style><h2 class=\"elementor-heading-title elementor-size-default\">Kert\u00e9szm\u00e9rn\u00f6k BSc alapk\u00e9pz\u00e9s<\/h2>\t\t<\/div>\n\t\t\t\t<\/div>\n\t\t\t\t<div class=\"elementor-element elementor-element-1b4b8657 elementor-icon-list--layout-inline elementor-align-center elementor-list-item-link-full_width elementor-invisible elementor-widget elementor-widget-icon-list\" data-id=\"1b4b8657\" data-element_type=\"widget\" data-settings=\"{&quot;_animation&quot;:&quot;fadeIn&quot;,&quot;_animation_delay&quot;:200}\" data-widget_type=\"icon-list.default\">\n\t\t\t\t<div class=\"elementor-widget-container\">\n\t\t\t<link rel=\"stylesheet\" href=\"https:\/\/proscnat.org\/kerteszeti\/wp-content\/plugins\/elementor\/assets\/css\/widget-icon-list.min.css\">\t\t<ul class=\"elementor-icon-list-items elementor-inline-items\">\n\t\t\t\t\t\t\t<li class=\"elementor-icon-list-item elementor-inline-item\">\n\t\t\t\t\t\t\t\t\t\t\t<a href=\"https:\/\/proscnat.org\/kerteszeti\/\">\n\n\t\t\t\t\t\t\t\t\t\t\t<span class=\"elementor-icon-list-text\">Nyit\u00f3lap<\/span>\n\t\t\t\t\t\t\t\t\t\t\t<\/a>\n\t\t\t\t\t\t\t\t\t<\/li>\n\t\t\t\t\t\t\t\t<li class=\"elementor-icon-list-item elementor-inline-item\">\n\t\t\t\t\t\t\t\t\t\t\t<span class=\"elementor-icon-list-icon\">\n\t\t\t\t\t\t\t<i aria-hidden=\"true\" class=\"icon icon-right-arrow1\"><\/i>\t\t\t\t\t\t<\/span>\n\t\t\t\t\t\t\t\t\t\t<span class=\"elementor-icon-list-text\">Kert\u00e9szm\u00e9rn\u00f6k BSc alapk\u00e9pz\u00e9s<\/span>\n\t\t\t\t\t\t\t\t\t<\/li>\n\t\t\t\t\t\t<\/ul>\n\t\t\t\t<\/div>\n\t\t\t\t<\/div>\n\t\t\t\t\t<\/div>\n\t\t<\/div>\n\t\t\t\t\t\t\t<\/div>\n\t\t<\/section>\n\t\t<div class=\"elementor-element elementor-element-225bd992 e-flex e-con-boxed e-con e-parent\" data-id=\"225bd992\" data-element_type=\"container\" data-settings=\"{&quot;content_width&quot;:&quot;boxed&quot;}\" data-core-v316-plus=\"true\">\n\t\t\t\t\t<div class=\"e-con-inner\">\n\t\t\t\t<div class=\"elementor-element elementor-element-39a65806 elementor-widget elementor-widget-text-editor\" data-id=\"39a65806\" data-element_type=\"widget\" data-widget_type=\"text-editor.default\">\n\t\t\t\t<div class=\"elementor-widget-container\">\n\t\t\t<style>\/*! elementor - v3.17.0 - 25-10-2023 *\/\n.elementor-widget-text-editor.elementor-drop-cap-view-stacked .elementor-drop-cap{background-color:#69727d;color:#fff}.elementor-widget-text-editor.elementor-drop-cap-view-framed .elementor-drop-cap{color:#69727d;border:3px solid;background-color:transparent}.elementor-widget-text-editor:not(.elementor-drop-cap-view-default) .elementor-drop-cap{margin-top:8px}.elementor-widget-text-editor:not(.elementor-drop-cap-view-default) .elementor-drop-cap-letter{width:1em;height:1em}.elementor-widget-text-editor .elementor-drop-cap{float:left;text-align:center;line-height:1;font-size:50px}.elementor-widget-text-editor .elementor-drop-cap-letter{display:inline-block}<\/style>\t\t\t\t<h2>\u00c1ltal\u00e1nos ismertet\u0151<\/h2><p style=\"text-align: justify;\"><span style=\"font-weight: 400;\">A Magyar Agr\u00e1r- \u00e9s \u00c9lettudom\u00e1nyi Egyetem Kert\u00e9szettudom\u00e1nyi Int\u00e9zete az \u00e9retts\u00e9gi bizony\u00edtv\u00e1nnyal rendelkez\u0151 magyar ajk\u00fa hallgat\u00f3k sz\u00e1m\u00e1ra biztos\u00edt lehet\u0151s\u00e9get az anyanyelven t\u00f6rt\u00e9n\u0151 tov\u00e1bbtanul\u00e1sra a Zentai Konzult\u00e1ci\u00f3s K\u00f6zpontj\u00e1ban.<\/span><\/p><h2>A k\u00e9pz\u00e9sr\u0151l<\/h2><p style=\"text-align: justify;\"><span style=\"font-weight: 400;\">A Hat\u00e1ron T\u00fali Levelez\u0151 Tagozaton 1996 \u00f3ta folyik k\u00e9pz\u00e9s. A hallgat\u00f3k k\u00e9pz\u00e9s\u00e9t a Magyar \u00c1llam t\u00e1mogatja, ez\u00e9rt nem fizetnek tand\u00edjat. Az itt tanul\u00f3k gyakorlati tapasztalatszerz\u00e9s\u00e9t, valamint szakmai j\u00e1rtass\u00e1g\u00e1t t\u00f6bb vajdas\u00e1gi \u00e9s magyarorsz\u00e1gi c\u00e9g, sz\u00f6vetkezet \u00e9s egy\u00e9b mez\u0151gazdas\u00e1gi v\u00e1llalkoz\u00e1s seg\u00edti \u00e9s szavatolja. A k\u00e9pz\u00e9si rendszer a Kert\u00e9szettudom\u00e1nyi Int\u00e9zetben \u00e9vtizedek \u00f3ta m\u0171k\u00f6d\u0151 levelez\u0151 oktat\u00e1s fel\u00e9p\u00edt\u00e9s\u00e9re, m\u00f3dszertan\u00e1ra \u00e9s tapasztalataira \u00e9p\u00fcl. A hallgat\u00f3k tanulm\u00e1nyaik befejezt\u00e9vel a MATE Kert\u00e9szettudom\u00e1nyi Int\u00e9zete \u00e1ltal kiadott BSc oklevelet kapj\u00e1k, amelyet Eur\u00f3p\u00e1ban minden\u00fctt elismernek \u00e9s elfogadnak, Szerbi\u00e1ban pedig honos\u00edt\u00e1si k\u00f6telezetts\u00e9ggel j\u00e1r, amelyet a Konzult\u00e1ci\u00f3s K\u00f6zpont szervezett form\u00e1ban int\u00e9z.<\/span><\/p><p style=\"text-align: justify;\">A konzult\u00e1ci\u00f3k p\u00e9ntek d\u00e9lut\u00e1n \u00e9s szombaton eg\u00e9sz nap zajlanak Zent\u00e1n.<br \/>K\u00e9pz\u00e9si id\u0151: 6+1 (gyakorlati) f\u00e9l\u00e9v<\/p><p style=\"text-align: justify;\">A kert\u00e9szm\u00e9rn\u00f6k k\u00e9pz\u00e9sen bel\u00fcl v\u00e1laszthat\u00f3 szakir\u00e1nyok:<\/p><ul><li>D\u00edszn\u00f6v\u00e9nytermeszt\u00e9s<\/li><li>Gy\u00f3gyn\u00f6v\u00e9nytermeszt\u00e9s<\/li><li>Gy\u00fcm\u00f6lcstermeszt\u00e9s<\/li><li>Sz\u0151l\u0151termeszt\u00e9s<\/li><li>Z\u00f6lds\u00e9gtermeszt\u00e9s<\/li><\/ul><h4>A jelentkez\u00e9sr\u0151l \u00e9s a felv\u00e9telr\u0151l <a href=\"https:\/\/proscnat.org\/kerteszeti\/felveteli\/\">itt<\/a> t\u00e1j\u00e9koz\u00f3dhatnak!<\/h4><p style=\"text-align: justify;\"><a href=\"https:\/\/kerteszettudomany.uni-mate.hu\/alapk%C3%A9pz%C3%A9sek\" target=\"_blank\" rel=\"noopener noreferrer\">B\u0151vebb inform\u00e1ci\u00f3<\/a><\/p>\t\t\t\t\t\t<\/div>\n\t\t\t\t<\/div>\n\t\t\t\t\t<\/div>\n\t\t\t\t<\/div>\n\t\t\t\t\t\t\t<\/div>\n\t\t","protected":false},"excerpt":{"rendered":"<p>Kert\u00e9szm\u00e9rn\u00f6k BSc alapk\u00e9pz\u00e9s Nyit\u00f3lap Kert\u00e9szm\u00e9rn\u00f6k BSc alapk\u00e9pz\u00e9s \u00c1ltal\u00e1nos ismertet\u0151 A Magyar Agr\u00e1r- \u00e9s \u00c9lettudom\u00e1nyi Egyetem Kert\u00e9szettudom\u00e1nyi Int\u00e9zete az \u00e9retts\u00e9gi bizony\u00edtv\u00e1nnyal rendelkez\u0151 magyar ajk\u00fa hallgat\u00f3k sz\u00e1m\u00e1ra biztos\u00edt lehet\u0151s\u00e9get az anyanyelven t\u00f6rt\u00e9n\u0151 tov\u00e1bbtanul\u00e1sra a Zentai Konzult\u00e1ci\u00f3s K\u00f6zpontj\u00e1ban. A k\u00e9pz\u00e9sr\u0151l A Hat\u00e1ron T\u00fali Levelez\u0151 Tagozaton 1996 \u00f3ta folyik k\u00e9pz\u00e9s. A hallgat\u00f3k k\u00e9pz\u00e9s\u00e9t a Magyar \u00c1llam t\u00e1mogatja, ez\u00e9rt nem [&hellip;]<\/p>\n","protected":false},"author":3,"featured_media":0,"parent":0,"menu_order":0,"comment_status":"closed","ping_status":"closed","template":"","meta":{"footnotes":""},"_links":{"self":[{"href":"https:\/\/proscnat.org\/kerteszeti\/wp-json\/wp\/v2\/pages\/1653"}],"collection":[{"href":"https:\/\/proscnat.org\/kerteszeti\/wp-json\/wp\/v2\/pages"}],"about":[{"href":"https:\/\/proscnat.org\/kerteszeti\/wp-json\/wp\/v2\/types\/page"}],"author":[{"embeddable":true,"href":"https:\/\/proscnat.org\/kerteszeti\/wp-json\/wp\/v2\/users\/3"}],"replies":[{"embeddable":true,"href":"https:\/\/proscnat.org\/kerteszeti\/wp-json\/wp\/v2\/comments?post=1653"}],"version-history":[{"count":9,"href":"https:\/\/proscnat.org\/kerteszeti\/wp-json\/wp\/v2\/pages\/1653\/revisions"}],"predecessor-version":[{"id":4549,"href":"https:\/\/proscnat.org\/kerteszeti\/wp-json\/wp\/v2\/pages\/1653\/revisions\/4549"}],"wp:attachment":[{"href":"https:\/\/proscnat.org\/kerteszeti\/wp-json\/wp\/v2\/media?parent=1653"}],"curies":[{"name":"wp","href":"https:\/\/api.w.org\/{rel}","templated":true}]}}