{"id":1659,"date":"2018-02-06T12:02:32","date_gmt":"2018-02-06T12:02:32","guid":{"rendered":"http:\/\/kerteszeti.tanuljkertesz.hu\/?page_id=1659"},"modified":"2025-02-12T08:51:37","modified_gmt":"2025-02-12T08:51:37","slug":"mezogazdasagi-mernoki-bsc-alapszak","status":"publish","type":"page","link":"https:\/\/proscnat.org\/kerteszeti\/mezogazdasagi-mernoki-bsc-alapszak\/","title":{"rendered":"Mez\u0151gazdas\u00e1gi m\u00e9rn\u00f6ki BSc alapk\u00e9pz\u00e9s"},"content":{"rendered":"\t\t<div data-elementor-type=\"wp-page\" data-elementor-id=\"1659\" class=\"elementor elementor-1659\" data-elementor-post-type=\"page\">\n\t\t\t\t\t\t\t\t\t<section class=\"elementor-section elementor-top-section elementor-element elementor-element-18c0a530 elementor-section-height-min-height elementor-section-boxed elementor-section-height-default elementor-section-items-middle\" data-id=\"18c0a530\" data-element_type=\"section\" data-settings=\"{&quot;background_background&quot;:&quot;classic&quot;}\">\n\t\t\t\t\t\t\t<div class=\"elementor-background-overlay\"><\/div>\n\t\t\t\t\t\t\t<div class=\"elementor-container elementor-column-gap-default\">\n\t\t\t\t\t<div class=\"elementor-column elementor-col-100 elementor-top-column elementor-element elementor-element-c805d4c\" data-id=\"c805d4c\" data-element_type=\"column\">\n\t\t\t<div class=\"elementor-widget-wrap elementor-element-populated\">\n\t\t\t\t\t\t\t\t<div class=\"elementor-element elementor-element-4500e3a2 elementor-invisible elementor-widget elementor-widget-heading\" data-id=\"4500e3a2\" data-element_type=\"widget\" data-settings=\"{&quot;_animation&quot;:&quot;fadeIn&quot;}\" data-widget_type=\"heading.default\">\n\t\t\t\t<div class=\"elementor-widget-container\">\n\t\t\t<style>\/*! elementor - v3.17.0 - 25-10-2023 *\/\n.elementor-heading-title{padding:0;margin:0;line-height:1}.elementor-widget-heading .elementor-heading-title[class*=elementor-size-]>a{color:inherit;font-size:inherit;line-height:inherit}.elementor-widget-heading .elementor-heading-title.elementor-size-small{font-size:15px}.elementor-widget-heading .elementor-heading-title.elementor-size-medium{font-size:19px}.elementor-widget-heading .elementor-heading-title.elementor-size-large{font-size:29px}.elementor-widget-heading .elementor-heading-title.elementor-size-xl{font-size:39px}.elementor-widget-heading .elementor-heading-title.elementor-size-xxl{font-size:59px}<\/style><h2 class=\"elementor-heading-title elementor-size-default\">Mez\u0151gazdas\u00e1gi m\u00e9rn\u00f6ki BSc alapk\u00e9pz\u00e9s<\/h2>\t\t<\/div>\n\t\t\t\t<\/div>\n\t\t\t\t<div class=\"elementor-element elementor-element-7505fd2e elementor-icon-list--layout-inline elementor-align-center elementor-list-item-link-full_width elementor-invisible elementor-widget elementor-widget-icon-list\" data-id=\"7505fd2e\" data-element_type=\"widget\" data-settings=\"{&quot;_animation&quot;:&quot;fadeIn&quot;,&quot;_animation_delay&quot;:200}\" data-widget_type=\"icon-list.default\">\n\t\t\t\t<div class=\"elementor-widget-container\">\n\t\t\t<link rel=\"stylesheet\" href=\"https:\/\/proscnat.org\/kerteszeti\/wp-content\/plugins\/elementor\/assets\/css\/widget-icon-list.min.css\">\t\t<ul class=\"elementor-icon-list-items elementor-inline-items\">\n\t\t\t\t\t\t\t<li class=\"elementor-icon-list-item elementor-inline-item\">\n\t\t\t\t\t\t\t\t\t\t\t<a href=\"https:\/\/proscnat.org\/kerteszeti\/\">\n\n\t\t\t\t\t\t\t\t\t\t\t<span class=\"elementor-icon-list-text\">Nyit\u00f3lap<\/span>\n\t\t\t\t\t\t\t\t\t\t\t<\/a>\n\t\t\t\t\t\t\t\t\t<\/li>\n\t\t\t\t\t\t\t\t<li class=\"elementor-icon-list-item elementor-inline-item\">\n\t\t\t\t\t\t\t\t\t\t\t<span class=\"elementor-icon-list-icon\">\n\t\t\t\t\t\t\t<i aria-hidden=\"true\" class=\"icon icon-right-arrow1\"><\/i>\t\t\t\t\t\t<\/span>\n\t\t\t\t\t\t\t\t\t\t<span class=\"elementor-icon-list-text\">Mez\u0151gazdas\u00e1gi m\u00e9rn\u00f6ki BSc alapk\u00e9pz\u00e9s<\/span>\n\t\t\t\t\t\t\t\t\t<\/li>\n\t\t\t\t\t\t<\/ul>\n\t\t\t\t<\/div>\n\t\t\t\t<\/div>\n\t\t\t\t\t<\/div>\n\t\t<\/div>\n\t\t\t\t\t\t\t<\/div>\n\t\t<\/section>\n\t\t<div class=\"elementor-element elementor-element-21a9a252 e-flex e-con-boxed e-con e-parent\" data-id=\"21a9a252\" data-element_type=\"container\" data-settings=\"{&quot;content_width&quot;:&quot;boxed&quot;}\" data-core-v316-plus=\"true\">\n\t\t\t\t\t<div class=\"e-con-inner\">\n\t\t\t\t<div class=\"elementor-element elementor-element-7292f6e1 elementor-widget elementor-widget-text-editor\" data-id=\"7292f6e1\" data-element_type=\"widget\" data-widget_type=\"text-editor.default\">\n\t\t\t\t<div class=\"elementor-widget-container\">\n\t\t\t<style>\/*! elementor - v3.17.0 - 25-10-2023 *\/\n.elementor-widget-text-editor.elementor-drop-cap-view-stacked .elementor-drop-cap{background-color:#69727d;color:#fff}.elementor-widget-text-editor.elementor-drop-cap-view-framed .elementor-drop-cap{color:#69727d;border:3px solid;background-color:transparent}.elementor-widget-text-editor:not(.elementor-drop-cap-view-default) .elementor-drop-cap{margin-top:8px}.elementor-widget-text-editor:not(.elementor-drop-cap-view-default) .elementor-drop-cap-letter{width:1em;height:1em}.elementor-widget-text-editor .elementor-drop-cap{float:left;text-align:center;line-height:1;font-size:50px}.elementor-widget-text-editor .elementor-drop-cap-letter{display:inline-block}<\/style>\t\t\t\t<h2>\u00c1ltal\u00e1nos ismertet\u0151<\/h2><p style=\"text-align: justify;\"><span style=\"font-weight: 400;\">A Magyar Agr\u00e1r- \u00e9s \u00c9lettudom\u00e1nyi Egyetem N\u00f6v\u00e9nytermeszt\u00e9si-Tudom\u00e1nyok Int\u00e9zete az \u00e9retts\u00e9gi bizony\u00edtv\u00e1nnyal rendelkez\u0151 magyar ajk\u00fa hallgat\u00f3k sz\u00e1m\u00e1ra biztos\u00edt lehet\u0151s\u00e9get az anyanyelven t\u00f6rt\u00e9n\u0151 tov\u00e1bbtanul\u00e1sra a Zentai Konzult\u00e1ci\u00f3s K\u00f6zpontj\u00e1ban.<\/span><\/p><h2>A k\u00e9pz\u00e9sr\u0151l<\/h2><p style=\"text-align: justify;\"><span style=\"font-weight: 400;\">A Hat\u00e1ron T\u00fali Levelez\u0151 Tagozaton 1996 \u00f3ta folyik k\u00e9pz\u00e9s. A hallgat\u00f3k k\u00e9pz\u00e9s\u00e9t a Magyar \u00c1llam t\u00e1mogatja, ez\u00e9rt nem fizetnek tand\u00edjat. Az itt tanul\u00f3k gyakorlati tapasztalatszerz\u00e9s\u00e9t, valamint szakmai j\u00e1rtass\u00e1g\u00e1t t\u00f6bb vajdas\u00e1gi \u00e9s magyarorsz\u00e1gi c\u00e9g, sz\u00f6vetkezet \u00e9s egy\u00e9b mez\u0151gazdas\u00e1gi v\u00e1llalkoz\u00e1s seg\u00edti \u00e9s szavatolja. A k\u00e9pz\u00e9si rendszer a N\u00f6v\u00e9nytermeszt\u00e9si-Tudom\u00e1nyok Int\u00e9zet\u00e9ben \u00e9vtizedek \u00f3ta m\u0171k\u00f6d\u0151 levelez\u0151 oktat\u00e1s fel\u00e9p\u00edt\u00e9s\u00e9re, m\u00f3dszertan\u00e1ra \u00e9s tapasztalataira \u00e9p\u00fcl. A hallgat\u00f3k tanulm\u00e1nyaik befejezt\u00e9vel a MATE N\u00f6v\u00e9nytermeszt\u00e9si-Tudom\u00e1nyok Int\u00e9zete\u00a0 \u00e1ltal kiadott BSc oklevelet kapj\u00e1k, amelyet Eur\u00f3p\u00e1ban minden\u00fctt elismernek \u00e9s elfogadnak, Szerbi\u00e1ban pedig honos\u00edt\u00e1si k\u00f6telezetts\u00e9ggel j\u00e1r, amelyet a Konzult\u00e1ci\u00f3s K\u00f6zpont szervezett form\u00e1ban int\u00e9z.<\/span><\/p><p style=\"text-align: justify;\">A konzult\u00e1ci\u00f3k p\u00e9ntek d\u00e9lut\u00e1n \u00e9s szombaton eg\u00e9sz nap zajlanak Zent\u00e1n.<br \/>K\u00e9pz\u00e9si id\u0151: 6+1 (gyakorlati) f\u00e9l\u00e9v<\/p><h4>A jelentkez\u00e9sr\u0151l \u00e9s a felv\u00e9telr\u0151l <a href=\"https:\/\/proscnat.org\/kerteszeti\/felveteli\/\">itt<\/a> t\u00e1j\u00e9koz\u00f3dhatnak!<\/h4><p style=\"text-align: justify;\"><a href=\"https:\/\/novenytermesztes.uni-mate.hu\/mez%C5%91gazdas%C3%A1gi-m%C3%A9rn%C3%B6k-b.sc.\" target=\"_blank\" rel=\"noopener noreferrer\">B\u0151vebben<\/a><\/p>\t\t\t\t\t\t<\/div>\n\t\t\t\t<\/div>\n\t\t\t\t\t<\/div>\n\t\t\t\t<\/div>\n\t\t\t\t\t\t\t<\/div>\n\t\t","protected":false},"excerpt":{"rendered":"<p>Mez\u0151gazdas\u00e1gi m\u00e9rn\u00f6ki BSc alapk\u00e9pz\u00e9s Nyit\u00f3lap Mez\u0151gazdas\u00e1gi m\u00e9rn\u00f6ki BSc alapk\u00e9pz\u00e9s \u00c1ltal\u00e1nos ismertet\u0151 A Magyar Agr\u00e1r- \u00e9s \u00c9lettudom\u00e1nyi Egyetem N\u00f6v\u00e9nytermeszt\u00e9si-Tudom\u00e1nyok Int\u00e9zete az \u00e9retts\u00e9gi bizony\u00edtv\u00e1nnyal rendelkez\u0151 magyar ajk\u00fa hallgat\u00f3k sz\u00e1m\u00e1ra biztos\u00edt lehet\u0151s\u00e9get az anyanyelven t\u00f6rt\u00e9n\u0151 tov\u00e1bbtanul\u00e1sra a Zentai Konzult\u00e1ci\u00f3s K\u00f6zpontj\u00e1ban. A k\u00e9pz\u00e9sr\u0151l A Hat\u00e1ron T\u00fali Levelez\u0151 Tagozaton 1996 \u00f3ta folyik k\u00e9pz\u00e9s. A hallgat\u00f3k k\u00e9pz\u00e9s\u00e9t a Magyar \u00c1llam t\u00e1mogatja, [&hellip;]<\/p>\n","protected":false},"author":3,"featured_media":0,"parent":0,"menu_order":0,"comment_status":"closed","ping_status":"closed","template":"","meta":{"footnotes":""},"_links":{"self":[{"href":"https:\/\/proscnat.org\/kerteszeti\/wp-json\/wp\/v2\/pages\/1659"}],"collection":[{"href":"https:\/\/proscnat.org\/kerteszeti\/wp-json\/wp\/v2\/pages"}],"about":[{"href":"https:\/\/proscnat.org\/kerteszeti\/wp-json\/wp\/v2\/types\/page"}],"author":[{"embeddable":true,"href":"https:\/\/proscnat.org\/kerteszeti\/wp-json\/wp\/v2\/users\/3"}],"replies":[{"embeddable":true,"href":"https:\/\/proscnat.org\/kerteszeti\/wp-json\/wp\/v2\/comments?post=1659"}],"version-history":[{"count":12,"href":"https:\/\/proscnat.org\/kerteszeti\/wp-json\/wp\/v2\/pages\/1659\/revisions"}],"predecessor-version":[{"id":4807,"href":"https:\/\/proscnat.org\/kerteszeti\/wp-json\/wp\/v2\/pages\/1659\/revisions\/4807"}],"wp:attachment":[{"href":"https:\/\/proscnat.org\/kerteszeti\/wp-json\/wp\/v2\/media?parent=1659"}],"curies":[{"name":"wp","href":"https:\/\/api.w.org\/{rel}","templated":true}]}}