{"id":2793,"date":"2019-11-12T14:31:21","date_gmt":"2019-11-12T13:31:21","guid":{"rendered":"http:\/\/kerteszeti.tanuljkertesz.hu\/?page_id=2793"},"modified":"2025-07-24T10:27:29","modified_gmt":"2025-07-24T10:27:29","slug":"videkfejlesztesi-agrarmernoki-msc","status":"publish","type":"page","link":"https:\/\/proscnat.org\/kerteszeti\/videkfejlesztesi-agrarmernoki-msc\/","title":{"rendered":"Vid\u00e9kfejleszt\u00e9si agr\u00e1rm\u00e9rn\u00f6ki MSc"},"content":{"rendered":"\t\t<div data-elementor-type=\"wp-page\" data-elementor-id=\"2793\" class=\"elementor elementor-2793\" data-elementor-post-type=\"page\">\n\t\t\t\t\t\t\t\t\t<section class=\"elementor-section elementor-top-section elementor-element elementor-element-53fd710b elementor-section-height-min-height elementor-section-boxed elementor-section-height-default elementor-section-items-middle\" data-id=\"53fd710b\" data-element_type=\"section\" data-settings=\"{&quot;background_background&quot;:&quot;classic&quot;}\">\n\t\t\t\t\t\t\t<div class=\"elementor-background-overlay\"><\/div>\n\t\t\t\t\t\t\t<div class=\"elementor-container elementor-column-gap-default\">\n\t\t\t\t\t<div class=\"elementor-column elementor-col-100 elementor-top-column elementor-element elementor-element-2770badf\" data-id=\"2770badf\" data-element_type=\"column\">\n\t\t\t<div class=\"elementor-widget-wrap elementor-element-populated\">\n\t\t\t\t\t\t\t\t<div class=\"elementor-element elementor-element-556bb347 elementor-invisible elementor-widget elementor-widget-heading\" data-id=\"556bb347\" data-element_type=\"widget\" data-settings=\"{&quot;_animation&quot;:&quot;fadeIn&quot;}\" data-widget_type=\"heading.default\">\n\t\t\t\t<div class=\"elementor-widget-container\">\n\t\t\t<style>\/*! elementor - v3.17.0 - 25-10-2023 *\/\n.elementor-heading-title{padding:0;margin:0;line-height:1}.elementor-widget-heading .elementor-heading-title[class*=elementor-size-]>a{color:inherit;font-size:inherit;line-height:inherit}.elementor-widget-heading .elementor-heading-title.elementor-size-small{font-size:15px}.elementor-widget-heading .elementor-heading-title.elementor-size-medium{font-size:19px}.elementor-widget-heading .elementor-heading-title.elementor-size-large{font-size:29px}.elementor-widget-heading .elementor-heading-title.elementor-size-xl{font-size:39px}.elementor-widget-heading .elementor-heading-title.elementor-size-xxl{font-size:59px}<\/style><h2 class=\"elementor-heading-title elementor-size-default\">Vid\u00e9kfejleszt\u00e9si agr\u00e1rm\u00e9rn\u00f6ki MSc<\/h2>\t\t<\/div>\n\t\t\t\t<\/div>\n\t\t\t\t<div class=\"elementor-element elementor-element-73e3680c elementor-icon-list--layout-inline elementor-align-center elementor-list-item-link-full_width elementor-invisible elementor-widget elementor-widget-icon-list\" data-id=\"73e3680c\" data-element_type=\"widget\" data-settings=\"{&quot;_animation&quot;:&quot;fadeIn&quot;,&quot;_animation_delay&quot;:200}\" data-widget_type=\"icon-list.default\">\n\t\t\t\t<div class=\"elementor-widget-container\">\n\t\t\t<link rel=\"stylesheet\" href=\"https:\/\/proscnat.org\/kerteszeti\/wp-content\/plugins\/elementor\/assets\/css\/widget-icon-list.min.css\">\t\t<ul class=\"elementor-icon-list-items elementor-inline-items\">\n\t\t\t\t\t\t\t<li class=\"elementor-icon-list-item elementor-inline-item\">\n\t\t\t\t\t\t\t\t\t\t\t<a href=\"https:\/\/proscnat.org\/kerteszeti\/\">\n\n\t\t\t\t\t\t\t\t\t\t\t<span class=\"elementor-icon-list-text\">Nyit\u00f3lap<\/span>\n\t\t\t\t\t\t\t\t\t\t\t<\/a>\n\t\t\t\t\t\t\t\t\t<\/li>\n\t\t\t\t\t\t\t\t<li class=\"elementor-icon-list-item elementor-inline-item\">\n\t\t\t\t\t\t\t\t\t\t\t<span class=\"elementor-icon-list-icon\">\n\t\t\t\t\t\t\t<i aria-hidden=\"true\" class=\"icon icon-right-arrow1\"><\/i>\t\t\t\t\t\t<\/span>\n\t\t\t\t\t\t\t\t\t\t<span class=\"elementor-icon-list-text\">Vid\u00e9kfejleszt\u00e9si agr\u00e1rm\u00e9rn\u00f6ki MSc<\/span>\n\t\t\t\t\t\t\t\t\t<\/li>\n\t\t\t\t\t\t<\/ul>\n\t\t\t\t<\/div>\n\t\t\t\t<\/div>\n\t\t\t\t\t<\/div>\n\t\t<\/div>\n\t\t\t\t\t\t\t<\/div>\n\t\t<\/section>\n\t\t<div class=\"elementor-element elementor-element-31e72309 e-flex e-con-boxed e-con e-parent\" data-id=\"31e72309\" data-element_type=\"container\" data-settings=\"{&quot;content_width&quot;:&quot;boxed&quot;}\" data-core-v316-plus=\"true\">\n\t\t\t\t\t<div class=\"e-con-inner\">\n\t\t\t\t<div class=\"elementor-element elementor-element-57c39359 elementor-widget elementor-widget-text-editor\" data-id=\"57c39359\" data-element_type=\"widget\" data-widget_type=\"text-editor.default\">\n\t\t\t\t<div class=\"elementor-widget-container\">\n\t\t\t<style>\/*! elementor - v3.17.0 - 25-10-2023 *\/\n.elementor-widget-text-editor.elementor-drop-cap-view-stacked .elementor-drop-cap{background-color:#69727d;color:#fff}.elementor-widget-text-editor.elementor-drop-cap-view-framed .elementor-drop-cap{color:#69727d;border:3px solid;background-color:transparent}.elementor-widget-text-editor:not(.elementor-drop-cap-view-default) .elementor-drop-cap{margin-top:8px}.elementor-widget-text-editor:not(.elementor-drop-cap-view-default) .elementor-drop-cap-letter{width:1em;height:1em}.elementor-widget-text-editor .elementor-drop-cap{float:left;text-align:center;line-height:1;font-size:50px}.elementor-widget-text-editor .elementor-drop-cap-letter{display:inline-block}<\/style>\t\t\t\t<p style=\"text-align: justify;\"><span style=\"font-weight: 400;\">A vid\u00e9kfejleszt\u00e9si agr\u00e1rm\u00e9rn\u00f6k k\u00e9pz\u00e9sben tanul\u00f3k mindenekel\u0151tt agr\u00e1r, gazdas\u00e1gi, menedzsment, vid\u00e9kszociol\u00f3giai, valamint ter\u00fcletfejleszt\u00e9si ismeretekre \u00e9p\u00edtve a fenntarthat\u00f3 fejl\u0151d\u00e9s \u00e9s a vid\u00e9ki t\u00e9rs\u00e9gek mai probl\u00e9m\u00e1inak meg\u00e9rt\u00e9s\u00e9re, a fejleszt\u00e9sek lehets\u00e9ges ir\u00e1nyainak meghat\u00e1roz\u00e1s\u00e1ban val\u00f3 k\u00f6zrem\u0171k\u00f6d\u00e9sre, a konkr\u00e9t fejleszt\u00e9si programok megfogalmaz\u00e1s\u00e1ra, azok megval\u00f3s\u00edt\u00e1s\u00e1nak menedzsel\u00e9s\u00e9re \u00e9s a folyamatok monitoringj\u00e1nak v\u00e9gz\u00e9s\u00e9re lesznek alkalmasak.<\/span><\/p>\n<p style=\"text-align: justify;\">A sz\u00e9lesk\u00f6r\u0171 menedzsment- \u00e9s vid\u00e9kfejleszt\u00e9si megalapoz\u00e1s kiv\u00e1l\u00f3 lehet\u0151s\u00e9get teremt egyr\u00e9szt a k\u00fcl\u00f6nb\u00f6z\u0151 munkak\u00f6r\u00fclm\u00e9nyekben t\u00f6rt\u00e9n\u0151 ismeret adapt\u00e1l\u00e1sra, m\u00e1sr\u00e9szt a specializ\u00e1ci\u00f3 r\u00e9v\u00e9n egy-egy ter\u00fcleten t\u00f6rt\u00e9n\u0151 intenz\u00edv elm\u00e9ly\u00fcl\u00e9sre.<\/p>\n<p style=\"text-align: justify;\">Munkahelyk\u00e9nt a saj\u00e1t \u00e9s t\u00e1rsas v\u00e1llalkoz\u00e1sok, sz\u00f6vetkezetek, p\u00e9nzint\u00e9zetek, biztos\u00edt\u00f3t\u00e1rsas\u00e1gok, \u00f6nkorm\u00e1nyzatok, a szakigazgat\u00e1s hivatalai, szaktan\u00e1csad\u00f3 szervezetek hat\u00e1rozhat\u00f3k meg, ahol a fenti tev\u00e9kenys\u00e9geket alapvet\u0151en k\u00f6z\u00e9p \u00e9s fels\u0151szint\u0171 vezet\u0151i beoszt\u00e1sban k\u00e9pesek ell\u00e1tni. Ezeket a k\u00e9pess\u00e9geket az uni\u00f3s programok \u2013 ide \u00e9rtve a Nemzeti Fejleszt\u00e9si Tervet \u2013 megval\u00f3s\u00edt\u00e1sa sor\u00e1n is kiv\u00e1l\u00f3an lehet kamatoztatni. A jelentkez\u00e9shez \u00e9s a beiratkoz\u00e1shoz sz\u00fcks\u00e9ges dokumentumokat az \u00e9rdekl\u0151d\u0151k megkaphatj\u00e1k Zent\u00e1n, a k\u00e9pz\u00e9s sz\u00ednhely\u00e9n.<\/p>\n<!-- wp:paragraph -->\n<p>Beadand\u00f3 dokumentumok:<\/p>\n<!-- \/wp:paragraph --><!-- wp:list -->\n<ul>\n<li>A f\u0151iskolai\/egyetemi oklev\u00e9l m\u00e1solata (\u00e9s ford\u00edt\u00e1sa)<\/li>\n<li>Az index, vagy t\u00f6rzsk\u00f6nyv, vagy diplomamell\u00e9klet m\u00e1solata (\u00e9s ford\u00edt\u00e1sa)<\/li>\n<li>\u00c9retts\u00e9gi diploma f\u00e9nym\u00e1solata (\u00e9s ford\u00edt\u00e1sa)<\/li>\n<li>A k\u00f6z\u00e9piskola bizony\u00edtv\u00e1nyainak f\u00e9nym\u00e1solata (mind a 4 \u00e9vb\u0151l)<\/li>\n<li>2 db igazolv\u00e1nyk\u00e9p<\/li>\n<li>Szem\u00e9lyigazolv\u00e1ny f\u00e9nym\u00e1solata, vagy a leolvasott\/kih\u00fazott verzi\u00f3ja<\/li>\n<\/ul>\n<!-- \/wp:list --><!-- wp:paragraph -->\n<p style=\"text-align: justify;\"><span style=\"font-weight: 400;\">Amennyiben Szerbi\u00e1ban v\u00e9gezte a f\u0151iskolai\/egyetemi tanulm\u00e1nyait, sz\u00fcks\u00e9ges elind\u00edtani egy kreditelismer\u00e9si elj\u00e1r\u00e1st. Ebben az esetben k\u00e9rj\u00fck, hogy vegye fel vel\u00fcnk a kapcsolatot.<\/span><\/p>\n<!-- \/wp:paragraph --><!-- wp:paragraph -->\n<p style=\"text-align: justify;\">A dokumentumokat vagy szkennelve vagy pedig szem\u00e9lyesen fogadjuk az al\u00e1bbi c\u00edmen: Zenta, \u0150sz utca 18. 1. emelet<\/p>\n<!-- \/wp:paragraph --><!-- wp:paragraph -->\n<p style=\"text-align: justify;\"><span style=\"font-weight: 400;\">Amennyiben b\u00e1rmilyen k\u00e9rd\u00e9s\u00fck van, keressenek bizalommal.<\/span><\/p>\n<p>Fleisz V\u00e9kony \u00c1gnes:\u00a0<strong>+381-60\/099-14-16<\/strong><\/p>\n<!-- wp:paragraph -->\n<p style=\"text-align: justify;\"><span style=\"font-weight: 400;\">K\u00f6nyves Tibor: <strong>+381\/60-099-1401<\/strong><\/span><\/p>\n<!-- \/wp:paragraph -->\n<p style=\"text-align: left;\"><a href=\"https:\/\/videkfejlesztes.uni-mate.hu\/vid%C3%A9kfejleszt%C3%A9si-agr%C3%A1rm%C3%A9rn%C3%B6ki-msc\" target=\"_blank\" rel=\"noopener noreferrer\">B\u0151vebb inform\u00e1ci\u00f3<\/a><\/p>\n<!-- \/wp:paragraph -->\t\t\t\t\t\t<\/div>\n\t\t\t\t<\/div>\n\t\t\t\t\t<\/div>\n\t\t\t\t<\/div>\n\t\t\t\t\t\t\t<\/div>\n\t\t","protected":false},"excerpt":{"rendered":"<p>Vid\u00e9kfejleszt\u00e9si agr\u00e1rm\u00e9rn\u00f6ki MSc Nyit\u00f3lap Vid\u00e9kfejleszt\u00e9si agr\u00e1rm\u00e9rn\u00f6ki MSc A vid\u00e9kfejleszt\u00e9si agr\u00e1rm\u00e9rn\u00f6k k\u00e9pz\u00e9sben tanul\u00f3k mindenekel\u0151tt agr\u00e1r, gazdas\u00e1gi, menedzsment, vid\u00e9kszociol\u00f3giai, valamint ter\u00fcletfejleszt\u00e9si ismeretekre \u00e9p\u00edtve a fenntarthat\u00f3 fejl\u0151d\u00e9s \u00e9s a vid\u00e9ki t\u00e9rs\u00e9gek mai probl\u00e9m\u00e1inak meg\u00e9rt\u00e9s\u00e9re, a fejleszt\u00e9sek lehets\u00e9ges ir\u00e1nyainak meghat\u00e1roz\u00e1s\u00e1ban val\u00f3 k\u00f6zrem\u0171k\u00f6d\u00e9sre, a konkr\u00e9t fejleszt\u00e9si programok megfogalmaz\u00e1s\u00e1ra, azok megval\u00f3s\u00edt\u00e1s\u00e1nak menedzsel\u00e9s\u00e9re \u00e9s a folyamatok monitoringj\u00e1nak v\u00e9gz\u00e9s\u00e9re lesznek alkalmasak. A sz\u00e9lesk\u00f6r\u0171 [&hellip;]<\/p>\n","protected":false},"author":3,"featured_media":0,"parent":0,"menu_order":0,"comment_status":"closed","ping_status":"closed","template":"","meta":{"footnotes":""},"_links":{"self":[{"href":"https:\/\/proscnat.org\/kerteszeti\/wp-json\/wp\/v2\/pages\/2793"}],"collection":[{"href":"https:\/\/proscnat.org\/kerteszeti\/wp-json\/wp\/v2\/pages"}],"about":[{"href":"https:\/\/proscnat.org\/kerteszeti\/wp-json\/wp\/v2\/types\/page"}],"author":[{"embeddable":true,"href":"https:\/\/proscnat.org\/kerteszeti\/wp-json\/wp\/v2\/users\/3"}],"replies":[{"embeddable":true,"href":"https:\/\/proscnat.org\/kerteszeti\/wp-json\/wp\/v2\/comments?post=2793"}],"version-history":[{"count":12,"href":"https:\/\/proscnat.org\/kerteszeti\/wp-json\/wp\/v2\/pages\/2793\/revisions"}],"predecessor-version":[{"id":4911,"href":"https:\/\/proscnat.org\/kerteszeti\/wp-json\/wp\/v2\/pages\/2793\/revisions\/4911"}],"wp:attachment":[{"href":"https:\/\/proscnat.org\/kerteszeti\/wp-json\/wp\/v2\/media?parent=2793"}],"curies":[{"name":"wp","href":"https:\/\/api.w.org\/{rel}","templated":true}]}}