{"id":3195,"date":"2022-02-13T22:54:47","date_gmt":"2022-02-13T21:54:47","guid":{"rendered":"http:\/\/kerteszeti.tanuljkertesz.hu\/?page_id=3195"},"modified":"2025-07-24T10:29:04","modified_gmt":"2025-07-24T10:29:04","slug":"kerteszmernok-mesterkepzesi-szak","status":"publish","type":"page","link":"https:\/\/proscnat.org\/kerteszeti\/kerteszmernok-mesterkepzesi-szak\/","title":{"rendered":"Kert\u00e9szm\u00e9rn\u00f6k mesterk\u00e9pz\u00e9si szak"},"content":{"rendered":"\t\t<div data-elementor-type=\"wp-page\" data-elementor-id=\"3195\" class=\"elementor elementor-3195\" data-elementor-post-type=\"page\">\n\t\t\t\t\t\t\t\t\t<section class=\"elementor-section elementor-top-section elementor-element elementor-element-67e23123 elementor-section-height-min-height elementor-section-boxed elementor-section-height-default elementor-section-items-middle\" data-id=\"67e23123\" data-element_type=\"section\" data-settings=\"{&quot;background_background&quot;:&quot;classic&quot;}\">\n\t\t\t\t\t\t\t<div class=\"elementor-background-overlay\"><\/div>\n\t\t\t\t\t\t\t<div class=\"elementor-container elementor-column-gap-default\">\n\t\t\t\t\t<div class=\"elementor-column elementor-col-100 elementor-top-column elementor-element elementor-element-f4ef91a\" data-id=\"f4ef91a\" data-element_type=\"column\">\n\t\t\t<div class=\"elementor-widget-wrap elementor-element-populated\">\n\t\t\t\t\t\t\t\t<div class=\"elementor-element elementor-element-4c7d6448 elementor-invisible elementor-widget elementor-widget-heading\" data-id=\"4c7d6448\" data-element_type=\"widget\" data-settings=\"{&quot;_animation&quot;:&quot;fadeIn&quot;}\" data-widget_type=\"heading.default\">\n\t\t\t\t<div class=\"elementor-widget-container\">\n\t\t\t<style>\/*! elementor - v3.17.0 - 25-10-2023 *\/\n.elementor-heading-title{padding:0;margin:0;line-height:1}.elementor-widget-heading .elementor-heading-title[class*=elementor-size-]>a{color:inherit;font-size:inherit;line-height:inherit}.elementor-widget-heading .elementor-heading-title.elementor-size-small{font-size:15px}.elementor-widget-heading .elementor-heading-title.elementor-size-medium{font-size:19px}.elementor-widget-heading .elementor-heading-title.elementor-size-large{font-size:29px}.elementor-widget-heading .elementor-heading-title.elementor-size-xl{font-size:39px}.elementor-widget-heading .elementor-heading-title.elementor-size-xxl{font-size:59px}<\/style><h2 class=\"elementor-heading-title elementor-size-default\">Kert\u00e9szm\u00e9rn\u00f6k mesterk\u00e9pz\u00e9si szak<\/h2>\t\t<\/div>\n\t\t\t\t<\/div>\n\t\t\t\t<div class=\"elementor-element elementor-element-1bdb67f9 elementor-icon-list--layout-inline elementor-align-center elementor-list-item-link-full_width elementor-invisible elementor-widget elementor-widget-icon-list\" data-id=\"1bdb67f9\" data-element_type=\"widget\" data-settings=\"{&quot;_animation&quot;:&quot;fadeIn&quot;,&quot;_animation_delay&quot;:200}\" data-widget_type=\"icon-list.default\">\n\t\t\t\t<div class=\"elementor-widget-container\">\n\t\t\t<link rel=\"stylesheet\" href=\"https:\/\/proscnat.org\/kerteszeti\/wp-content\/plugins\/elementor\/assets\/css\/widget-icon-list.min.css\">\t\t<ul class=\"elementor-icon-list-items elementor-inline-items\">\n\t\t\t\t\t\t\t<li class=\"elementor-icon-list-item elementor-inline-item\">\n\t\t\t\t\t\t\t\t\t\t\t<a href=\"https:\/\/proscnat.org\/kerteszeti\/\">\n\n\t\t\t\t\t\t\t\t\t\t\t<span class=\"elementor-icon-list-text\">Nyit\u00f3lap<\/span>\n\t\t\t\t\t\t\t\t\t\t\t<\/a>\n\t\t\t\t\t\t\t\t\t<\/li>\n\t\t\t\t\t\t\t\t<li class=\"elementor-icon-list-item elementor-inline-item\">\n\t\t\t\t\t\t\t\t\t\t\t<span class=\"elementor-icon-list-icon\">\n\t\t\t\t\t\t\t<i aria-hidden=\"true\" class=\"icon icon-right-arrow1\"><\/i>\t\t\t\t\t\t<\/span>\n\t\t\t\t\t\t\t\t\t\t<span class=\"elementor-icon-list-text\">Kert\u00e9szm\u00e9rn\u00f6k mesterk\u00e9pz\u00e9si szak<\/span>\n\t\t\t\t\t\t\t\t\t<\/li>\n\t\t\t\t\t\t<\/ul>\n\t\t\t\t<\/div>\n\t\t\t\t<\/div>\n\t\t\t\t\t<\/div>\n\t\t<\/div>\n\t\t\t\t\t\t\t<\/div>\n\t\t<\/section>\n\t\t<div class=\"elementor-element elementor-element-6463a568 e-flex e-con-boxed e-con e-parent\" data-id=\"6463a568\" data-element_type=\"container\" data-settings=\"{&quot;content_width&quot;:&quot;boxed&quot;}\" data-core-v316-plus=\"true\">\n\t\t\t\t\t<div class=\"e-con-inner\">\n\t\t\t\t<div class=\"elementor-element elementor-element-33269a8 elementor-widget elementor-widget-text-editor\" data-id=\"33269a8\" data-element_type=\"widget\" data-widget_type=\"text-editor.default\">\n\t\t\t\t<div class=\"elementor-widget-container\">\n\t\t\t<style>\/*! elementor - v3.17.0 - 25-10-2023 *\/\n.elementor-widget-text-editor.elementor-drop-cap-view-stacked .elementor-drop-cap{background-color:#69727d;color:#fff}.elementor-widget-text-editor.elementor-drop-cap-view-framed .elementor-drop-cap{color:#69727d;border:3px solid;background-color:transparent}.elementor-widget-text-editor:not(.elementor-drop-cap-view-default) .elementor-drop-cap{margin-top:8px}.elementor-widget-text-editor:not(.elementor-drop-cap-view-default) .elementor-drop-cap-letter{width:1em;height:1em}.elementor-widget-text-editor .elementor-drop-cap{float:left;text-align:center;line-height:1;font-size:50px}.elementor-widget-text-editor .elementor-drop-cap-letter{display:inline-block}<\/style>\t\t\t\t<!-- wp:html -->\n<p class=\"has-text-align-justify\">A kert\u00e9szet a mez\u0151gazdas\u00e1g legdinamikusabban fejl\u0151d\u0151, legsz\u00ednesebb szektora. Ma m\u00e1r azonban a kert\u00e9szm\u00e9rn\u00f6k\u00f6k feladatai kib\u0151v\u00fcltek, nem csak a n\u00f6v\u00e9nytermeszt\u00e9si \u00e9s feldolgoz\u00e1si tev\u00e9kenys\u00e9gb\u0151l \u00e1llnak. Szervesen kapcsol\u00f3dik ezekhez t\u00f6bbek k\u00f6z\u00f6tt a v\u00e1llalkoz\u00e1si, szaktan\u00e1csad\u00e1si, szervez\u0151i tev\u00e9kenys\u00e9g, a min\u0151s\u00e9gbiztos\u00edt\u00e1s, a menedzsment, a k\u00fcl- \u00e9s belpiaci \u00e9rt\u00e9kes\u00edt\u00e9s \u00e9s a szolg\u00e1ltat\u00e1sok. A v\u00e9gzetteknek k\u00e9pesnek kell lenni\u00fck a kert\u00e9szeti vertikum term\u00e9szeti, illetve szoci\u00e1lis k\u00f6rnyezetre gyakorolt hat\u00e1sainak felm\u00e9r\u00e9s\u00e9re, azok kontrollj\u00e1ra, a strat\u00e9giai szeml\u00e9letre.<\/p>\n<!-- \/wp:html --><!-- wp:html -->\n<p class=\"has-text-align-justify\"><span style=\"font-weight: 400;\">Ennek \u00e9rdek\u00e9ben a kert\u00e9szm\u00e9rn\u00f6k mesterszak k\u00e9pz\u00e9si tematik\u00e1ja a kert\u00e9szeti szakismereteket \u00f6tv\u00f6zi a term\u00e9szettudom\u00e1nyos \u00e9s interdiszciplin\u00e1ris ismeretekkel, korszer\u0171 elm\u00e9leti alapot \u00e9s ezzel egy\u00fctt gyakorlati felk\u00e9sz\u00fclts\u00e9get biztos\u00edt. A szakir\u00e1nyi modulokon (d\u00edszn\u00f6v\u00e9ny, gy\u00fcm\u00f6lcs, gy\u00f3gyn\u00f6v\u00e9ny, sz\u0151l\u00e9sz-bor\u00e1sz, z\u00f6lds\u00e9g) k\u00edv\u00fcl magas szint\u0171 genetikai, \u00e9lettani, k\u00f6rnyezettudom\u00e1nyi, biometriai \u00e9s kapcsol\u00f3d\u00f3 ismereteket biztos\u00edt.<\/span><\/p>\n<p>Beadand\u00f3 dokumentumok:<\/p>\n<ul>\n<li>A f\u0151iskolai\/egyetemi oklev\u00e9l m\u00e1solata (\u00e9s ford\u00edt\u00e1sa)<\/li>\n<li>Az index, vagy t\u00f6rzsk\u00f6nyv, vagy diplomamell\u00e9klet m\u00e1solata (\u00e9s ford\u00edt\u00e1sa)<\/li>\n<li>\u00c9retts\u00e9gi diploma f\u00e9nym\u00e1solata (\u00e9s ford\u00edt\u00e1sa)<\/li>\n<li>A k\u00f6z\u00e9piskola bizony\u00edtv\u00e1nyainak f\u00e9nym\u00e1solata (mind a 4 \u00e9vb\u0151l)<\/li>\n<li>2 db igazolv\u00e1nyk\u00e9p<\/li>\n<li>Szem\u00e9lyigazolv\u00e1ny f\u00e9nym\u00e1solata, vagy a leolvasott\/kih\u00fazott verzi\u00f3ja<\/li>\n<\/ul>\n<p>Amennyiben Szerbi\u00e1ban v\u00e9gezte a f\u0151iskolai\/egyetemi tanulm\u00e1nyait, sz\u00fcks\u00e9ges elind\u00edtani egy kreditelismer\u00e9si elj\u00e1r\u00e1st. Ebben az esetben k\u00e9rj\u00fck, hogy vegye fel vel\u00fcnk a kapcsolatot.<\/p>\n<p>A dokumentumokat vagy szkennelve vagy pedig szem\u00e9lyesen fogadjuk az al\u00e1bbi c\u00edmen: Zenta, \u0150sz utca 18. 1. emelet<\/p>\n<p>Amennyiben b\u00e1rmilyen k\u00e9rd\u00e9s\u00fck van, keressenek bizalommal.<\/p>\n<p>Fleisz V\u00e9kony \u00c1gnes:\u00a0<strong>+381-60\/099-14-16<\/strong><\/p>\n<p>K\u00f6nyves Tibor: <strong>+381\/60-099-1401<\/strong><\/p>\n<!-- \/wp:html --><!-- wp:paragraph -->\n<p><a href=\"https:\/\/kerteszettudomany.uni-mate.hu\/mesterk%C3%A9pz%C3%A9sek\" target=\"_blank\" rel=\"noopener noreferrer\" data-type=\"URL\" data-id=\"https:\/\/kerteszettudomany.uni-mate.hu\/mesterk%C3%A9pz%C3%A9sek\">B\u0151vebb inform\u00e1ci\u00f3<\/a><\/p>\n<!-- \/wp:paragraph -->\t\t\t\t\t\t<\/div>\n\t\t\t\t<\/div>\n\t\t\t\t\t<\/div>\n\t\t\t\t<\/div>\n\t\t\t\t\t\t\t<\/div>\n\t\t","protected":false},"excerpt":{"rendered":"<p>Kert\u00e9szm\u00e9rn\u00f6k mesterk\u00e9pz\u00e9si szak Nyit\u00f3lap Kert\u00e9szm\u00e9rn\u00f6k mesterk\u00e9pz\u00e9si szak A kert\u00e9szet a mez\u0151gazdas\u00e1g legdinamikusabban fejl\u0151d\u0151, legsz\u00ednesebb szektora. Ma m\u00e1r azonban a kert\u00e9szm\u00e9rn\u00f6k\u00f6k feladatai kib\u0151v\u00fcltek, nem csak a n\u00f6v\u00e9nytermeszt\u00e9si \u00e9s feldolgoz\u00e1si tev\u00e9kenys\u00e9gb\u0151l \u00e1llnak. Szervesen kapcsol\u00f3dik ezekhez t\u00f6bbek k\u00f6z\u00f6tt a v\u00e1llalkoz\u00e1si, szaktan\u00e1csad\u00e1si, szervez\u0151i tev\u00e9kenys\u00e9g, a min\u0151s\u00e9gbiztos\u00edt\u00e1s, a menedzsment, a k\u00fcl- \u00e9s belpiaci \u00e9rt\u00e9kes\u00edt\u00e9s \u00e9s a szolg\u00e1ltat\u00e1sok. A v\u00e9gzetteknek k\u00e9pesnek [&hellip;]<\/p>\n","protected":false},"author":3,"featured_media":0,"parent":0,"menu_order":0,"comment_status":"closed","ping_status":"closed","template":"","meta":{"footnotes":""},"_links":{"self":[{"href":"https:\/\/proscnat.org\/kerteszeti\/wp-json\/wp\/v2\/pages\/3195"}],"collection":[{"href":"https:\/\/proscnat.org\/kerteszeti\/wp-json\/wp\/v2\/pages"}],"about":[{"href":"https:\/\/proscnat.org\/kerteszeti\/wp-json\/wp\/v2\/types\/page"}],"author":[{"embeddable":true,"href":"https:\/\/proscnat.org\/kerteszeti\/wp-json\/wp\/v2\/users\/3"}],"replies":[{"embeddable":true,"href":"https:\/\/proscnat.org\/kerteszeti\/wp-json\/wp\/v2\/comments?post=3195"}],"version-history":[{"count":12,"href":"https:\/\/proscnat.org\/kerteszeti\/wp-json\/wp\/v2\/pages\/3195\/revisions"}],"predecessor-version":[{"id":4914,"href":"https:\/\/proscnat.org\/kerteszeti\/wp-json\/wp\/v2\/pages\/3195\/revisions\/4914"}],"wp:attachment":[{"href":"https:\/\/proscnat.org\/kerteszeti\/wp-json\/wp\/v2\/media?parent=3195"}],"curies":[{"name":"wp","href":"https:\/\/api.w.org\/{rel}","templated":true}]}}