{"id":8,"date":"2016-01-18T14:36:24","date_gmt":"2016-01-18T14:36:24","guid":{"rendered":"http:\/\/kerteszeti.tanuljkertesz.hu\/?page_id=8"},"modified":"2025-09-02T06:54:22","modified_gmt":"2025-09-02T06:54:22","slug":"elerhetoseg","status":"publish","type":"page","link":"https:\/\/proscnat.org\/kerteszeti\/elerhetoseg\/","title":{"rendered":"El\u00e9rhet\u0151s\u00e9g"},"content":{"rendered":"\t\t<div data-elementor-type=\"wp-page\" data-elementor-id=\"8\" class=\"elementor elementor-8\" data-elementor-post-type=\"page\">\n\t\t\t\t\t\t\t\t\t<section class=\"elementor-section elementor-top-section elementor-element elementor-element-5f782f26 elementor-section-height-min-height elementor-section-boxed elementor-section-height-default elementor-section-items-middle\" data-id=\"5f782f26\" data-element_type=\"section\" data-settings=\"{&quot;background_background&quot;:&quot;classic&quot;}\">\n\t\t\t\t\t\t\t<div class=\"elementor-background-overlay\"><\/div>\n\t\t\t\t\t\t\t<div class=\"elementor-container elementor-column-gap-default\">\n\t\t\t\t\t<div class=\"elementor-column elementor-col-100 elementor-top-column elementor-element elementor-element-488b163d\" data-id=\"488b163d\" data-element_type=\"column\">\n\t\t\t<div class=\"elementor-widget-wrap elementor-element-populated\">\n\t\t\t\t\t\t\t\t<div class=\"elementor-element elementor-element-4b14397d elementor-invisible elementor-widget elementor-widget-heading\" data-id=\"4b14397d\" data-element_type=\"widget\" data-settings=\"{&quot;_animation&quot;:&quot;fadeIn&quot;}\" data-widget_type=\"heading.default\">\n\t\t\t\t<div class=\"elementor-widget-container\">\n\t\t\t<style>\/*! elementor - v3.17.0 - 25-10-2023 *\/\n.elementor-heading-title{padding:0;margin:0;line-height:1}.elementor-widget-heading .elementor-heading-title[class*=elementor-size-]>a{color:inherit;font-size:inherit;line-height:inherit}.elementor-widget-heading .elementor-heading-title.elementor-size-small{font-size:15px}.elementor-widget-heading .elementor-heading-title.elementor-size-medium{font-size:19px}.elementor-widget-heading .elementor-heading-title.elementor-size-large{font-size:29px}.elementor-widget-heading .elementor-heading-title.elementor-size-xl{font-size:39px}.elementor-widget-heading .elementor-heading-title.elementor-size-xxl{font-size:59px}<\/style><h2 class=\"elementor-heading-title elementor-size-default\">El\u00e9rhet\u0151s\u00e9g<\/h2>\t\t<\/div>\n\t\t\t\t<\/div>\n\t\t\t\t<div class=\"elementor-element elementor-element-5852d7b8 elementor-icon-list--layout-inline elementor-align-center elementor-list-item-link-full_width elementor-invisible elementor-widget elementor-widget-icon-list\" data-id=\"5852d7b8\" data-element_type=\"widget\" data-settings=\"{&quot;_animation&quot;:&quot;fadeIn&quot;,&quot;_animation_delay&quot;:200}\" data-widget_type=\"icon-list.default\">\n\t\t\t\t<div class=\"elementor-widget-container\">\n\t\t\t<link rel=\"stylesheet\" href=\"https:\/\/proscnat.org\/kerteszeti\/wp-content\/plugins\/elementor\/assets\/css\/widget-icon-list.min.css\">\t\t<ul class=\"elementor-icon-list-items elementor-inline-items\">\n\t\t\t\t\t\t\t<li class=\"elementor-icon-list-item elementor-inline-item\">\n\t\t\t\t\t\t\t\t\t\t\t<a href=\"https:\/\/proscnat.org\/kerteszeti\">\n\n\t\t\t\t\t\t\t\t\t\t\t<span class=\"elementor-icon-list-text\"><\/span>\n\t\t\t\t\t\t\t\t\t\t\t<\/a>\n\t\t\t\t\t\t\t\t\t<\/li>\n\t\t\t\t\t\t<\/ul>\n\t\t\t\t<\/div>\n\t\t\t\t<\/div>\n\t\t\t\t\t<\/div>\n\t\t<\/div>\n\t\t\t\t\t\t\t<\/div>\n\t\t<\/section>\n\t\t<div class=\"elementor-element elementor-element-a99ad27 e-flex e-con-boxed e-con e-parent\" data-id=\"a99ad27\" data-element_type=\"container\" data-settings=\"{&quot;content_width&quot;:&quot;boxed&quot;}\" data-core-v316-plus=\"true\">\n\t\t\t\t\t<div class=\"e-con-inner\">\n\t\t\t\t<div class=\"elementor-element elementor-element-716eb882 elementor-widget elementor-widget-text-editor\" data-id=\"716eb882\" data-element_type=\"widget\" data-widget_type=\"text-editor.default\">\n\t\t\t\t<div class=\"elementor-widget-container\">\n\t\t\t<style>\/*! elementor - v3.17.0 - 25-10-2023 *\/\n.elementor-widget-text-editor.elementor-drop-cap-view-stacked .elementor-drop-cap{background-color:#69727d;color:#fff}.elementor-widget-text-editor.elementor-drop-cap-view-framed .elementor-drop-cap{color:#69727d;border:3px solid;background-color:transparent}.elementor-widget-text-editor:not(.elementor-drop-cap-view-default) .elementor-drop-cap{margin-top:8px}.elementor-widget-text-editor:not(.elementor-drop-cap-view-default) .elementor-drop-cap-letter{width:1em;height:1em}.elementor-widget-text-editor .elementor-drop-cap{float:left;text-align:center;line-height:1;font-size:50px}.elementor-widget-text-editor .elementor-drop-cap-letter{display:inline-block}<\/style>\t\t\t\t<h1><span style=\"font-weight: 400;\">Postac\u00edm\u00fcnk:<\/span><\/h1><p><strong>Magyar Agr\u00e1r- \u00e9s \u00c9lettudom\u00e1nyi Egyetem &#8211; Zentai Konzult\u00e1ci\u00f3s K\u00f6zpont<\/strong><\/p><p><span style=\"font-weight: 400;\">Levelez\u00e9si c\u00edm:<\/span><span style=\"font-weight: 400;\"> 24400 Zenta \/ \u0150sz utca 18.\u00a0<\/span><\/p><p><span style=\"font-weight: 400;\">Inform\u00e1ci\u00f3kat az al\u00e1bbi szem\u00e9lyekt\u0151l kaphat:<strong> Fleisz V\u00e9kony \u00c1gnes (060\/099-1416)<\/strong> vagy <strong>Dr. K\u00f6nyves Tibor (060\/099-1401)<\/strong><\/span><\/p><p><span style=\"font-weight: 400;\">\u00dcgyf\u00e9lfogad\u00e1s: <strong>H\u00e9tf\u0151-Cs\u00fct\u00f6rt\u00f6k: 8:00-13:00 P\u00e9ntek 15:00-18:00, Szombat 9:00-13:00<\/strong>\u00a0az irod\u00e1ban (\u0150sz utca. 18. &#8211; 1. emelet)<\/span><\/p><p class=\"bodytext\"><strong>E-mail:<\/strong> <a href=\"mailto:htlt.zenta@gmail.com\">htlt.zenta@gmail.com<\/a><\/p><h1><span style=\"font-weight: 400;\">K\u00f6z\u00f6ss\u00e9gi m\u00e9dia:<\/span><\/h1><p>Facebook: <a class=\"yt-core-attributed-string__link yt-core-attributed-string__link--display-type yt-core-attributed-string__link--call-to-action-color yt-core-attributed-string--link-inherit-color\" dir=\"auto\" tabindex=\"0\" href=\"https:\/\/facebook.com\/MATEZenta\" target=\"_blank\" rel=\"nofollow noopener\">facebook.com\/MATEZenta<\/a><\/p><p>Instagram: <a class=\"yt-core-attributed-string__link yt-core-attributed-string__link--display-type yt-core-attributed-string__link--call-to-action-color yt-core-attributed-string--link-inherit-color\" dir=\"auto\" tabindex=\"0\" href=\"https:\/\/instagram.com\/mate.zenta\" target=\"_blank\" rel=\"nofollow noopener\">instagram.com\/MATE.Zenta<\/a><\/p><p>TikTok: <a class=\"yt-core-attributed-string__link yt-core-attributed-string__link--display-type yt-core-attributed-string__link--call-to-action-color yt-core-attributed-string--link-inherit-color\" dir=\"auto\" tabindex=\"0\" href=\"https:\/\/tiktok.com\/@mate.zenta\" target=\"_blank\" rel=\"nofollow noopener\">tiktok.com\/@MATE.Zenta<\/a><\/p><p>Youtube: <a class=\"yt-simple-endpoint style-scope ytd-about-channel-renderer\" href=\"http:\/\/www.youtube.com\/@MATEZenta\">youtube.com\/@MATEZenta<\/a><\/p><p>X (twitter): <a class=\"yt-core-attributed-string__link yt-core-attributed-string__link--display-type yt-core-attributed-string__link--call-to-action-color yt-core-attributed-string--link-inherit-color\" dir=\"auto\" tabindex=\"0\" href=\"https:\/\/x.com\/MATEZenta\" target=\"_blank\" rel=\"nofollow noopener\">x.com\/MATEZenta<\/a><\/p><p>Google Maps: <a href=\"https:\/\/maps.app.goo.gl\/w68uWqqYY54Z8f7bA\">https:\/\/maps.app.goo.gl\/w68uWqqYY54Z8f7bA<\/a><\/p>\t\t\t\t\t\t<\/div>\n\t\t\t\t<\/div>\n\t\t\t\t\t<\/div>\n\t\t\t\t<\/div>\n\t\t<div class=\"elementor-element elementor-element-75aba5c e-flex e-con-boxed e-con e-parent\" data-id=\"75aba5c\" data-element_type=\"container\" data-settings=\"{&quot;content_width&quot;:&quot;boxed&quot;}\" data-core-v316-plus=\"true\">\n\t\t\t\t\t<div class=\"e-con-inner\">\n\t\t\t\t<div class=\"elementor-element elementor-element-7585ce0 elementor-widget elementor-widget-google_maps\" data-id=\"7585ce0\" data-element_type=\"widget\" data-widget_type=\"google_maps.default\">\n\t\t\t\t<div class=\"elementor-widget-container\">\n\t\t\t<style>\/*! elementor - v3.17.0 - 25-10-2023 *\/\n.elementor-widget-google_maps .elementor-widget-container{overflow:hidden}.elementor-widget-google_maps .elementor-custom-embed{line-height:0}.elementor-widget-google_maps iframe{height:300px}<\/style>\t\t<div class=\"elementor-custom-embed\">\n\t\t\t<iframe loading=\"lazy\"\n\t\t\t\t\tsrc=\"https:\/\/maps.google.com\/maps?q=mate%20zentai%20konzult%C3%A1ci%C3%B3s%20k%C3%B6zpont&#038;t=m&#038;z=17&#038;output=embed&#038;iwloc=near\"\n\t\t\t\t\ttitle=\"mate zentai konzult\u00e1ci\u00f3s k\u00f6zpont\"\n\t\t\t\t\taria-label=\"mate zentai konzult\u00e1ci\u00f3s k\u00f6zpont\"\n\t\t\t><\/iframe>\n\t\t<\/div>\n\t\t\t\t<\/div>\n\t\t\t\t<\/div>\n\t\t\t\t\t<\/div>\n\t\t\t\t<\/div>\n\t\t<div class=\"elementor-element elementor-element-7d13e8f e-flex e-con-boxed e-con e-parent\" data-id=\"7d13e8f\" data-element_type=\"container\" data-settings=\"{&quot;content_width&quot;:&quot;boxed&quot;}\" data-core-v316-plus=\"true\">\n\t\t\t\t\t<div class=\"e-con-inner\">\n\t\t\t\t<div class=\"elementor-element elementor-element-6f29acc elementor-widget elementor-widget-html\" data-id=\"6f29acc\" data-element_type=\"widget\" data-widget_type=\"html.default\">\n\t\t\t\t<div class=\"elementor-widget-container\">\n\t\t\t<iframe src=\"https:\/\/www.google.com\/maps\/embed?pb=!4v1746875386017!6m8!1m7!1sCAoSF0NJSE0wb2dLRUlDQWdJQzlrODN6dlFF!2m2!1d45.92893779958988!2d20.08870930368034!3f13.112659117121936!4f9.985711201216148!5f0.7820865974627469\" width=\"600\" height=\"450\" style=\"border:0;\" allowfullscreen=\"\" loading=\"lazy\" referrerpolicy=\"no-referrer-when-downgrade\"><\/iframe>\t\t<\/div>\n\t\t\t\t<\/div>\n\t\t\t\t\t<\/div>\n\t\t\t\t<\/div>\n\t\t<div class=\"elementor-element elementor-element-95e6da8 e-flex e-con-boxed e-con e-parent\" data-id=\"95e6da8\" data-element_type=\"container\" data-settings=\"{&quot;content_width&quot;:&quot;boxed&quot;}\" data-core-v316-plus=\"true\">\n\t\t\t\t\t<div class=\"e-con-inner\">\n\t\t\t\t<div class=\"elementor-element elementor-element-0323cda elementor-widget elementor-widget-html\" data-id=\"0323cda\" data-element_type=\"widget\" data-widget_type=\"html.default\">\n\t\t\t\t<div class=\"elementor-widget-container\">\n\t\t\t<iframe src=\"https:\/\/www.google.com\/maps\/embed?pb=!4v1746875725850!6m8!1m7!1sCAoSF0NJSE0wb2dLRUlDQWdJQ25qT3phOFFF!2m2!1d45.92905439199518!2d20.08885380128859!3f28.946396512862542!4f-2.959393020271918!5f0.7820865974627469\" width=\"600\" height=\"450\" style=\"border:0;\" allowfullscreen=\"\" loading=\"lazy\" referrerpolicy=\"no-referrer-when-downgrade\"><\/iframe>\t\t<\/div>\n\t\t\t\t<\/div>\n\t\t\t\t\t<\/div>\n\t\t\t\t<\/div>\n\t\t<div class=\"elementor-element elementor-element-2c9646e e-flex e-con-boxed e-con e-parent\" data-id=\"2c9646e\" data-element_type=\"container\" data-settings=\"{&quot;content_width&quot;:&quot;boxed&quot;}\" data-core-v316-plus=\"true\">\n\t\t\t\t\t<div class=\"e-con-inner\">\n\t\t\t\t<div class=\"elementor-element elementor-element-e56bc5a elementor-widget elementor-widget-html\" data-id=\"e56bc5a\" data-element_type=\"widget\" data-widget_type=\"html.default\">\n\t\t\t\t<div class=\"elementor-widget-container\">\n\t\t\t<iframe src=\"https:\/\/www.google.com\/maps\/embed?pb=!4v1746875819838!6m8!1m7!1sCAoSF0NJSE0wb2dLRUlDQWdJRDNuNExnbUFF!2m2!1d45.92905439199518!2d20.08885380128859!3f338.30512441744946!4f-22.734666975171947!5f0.7820865974627469\" width=\"600\" height=\"450\" style=\"border:0;\" allowfullscreen=\"\" loading=\"lazy\" referrerpolicy=\"no-referrer-when-downgrade\"><\/iframe>\t\t<\/div>\n\t\t\t\t<\/div>\n\t\t\t\t\t<\/div>\n\t\t\t\t<\/div>\n\t\t<div class=\"elementor-element elementor-element-c3dff4a e-flex e-con-boxed e-con e-parent\" data-id=\"c3dff4a\" data-element_type=\"container\" data-settings=\"{&quot;content_width&quot;:&quot;boxed&quot;}\" data-core-v316-plus=\"true\">\n\t\t\t\t\t<div class=\"e-con-inner\">\n\t\t\t\t<div class=\"elementor-element elementor-element-3fc289f elementor-widget elementor-widget-html\" data-id=\"3fc289f\" data-element_type=\"widget\" data-widget_type=\"html.default\">\n\t\t\t\t<div class=\"elementor-widget-container\">\n\t\t\t<iframe src=\"https:\/\/www.google.com\/maps\/embed?pb=!4v1746875781302!6m8!1m7!1sCAoSFkNJSE0wb2dLRUlDQWdJQ0x6cW5YV1E.!2m2!1d45.92917004889052!2d20.08869689216485!3f292.4582997333547!4f-6.9504871870797444!5f0.7820865974627469\" width=\"600\" height=\"450\" style=\"border:0;\" allowfullscreen=\"\" loading=\"lazy\" referrerpolicy=\"no-referrer-when-downgrade\"><\/iframe>\t\t<\/div>\n\t\t\t\t<\/div>\n\t\t\t\t\t<\/div>\n\t\t\t\t<\/div>\n\t\t\t\t\t\t\t<\/div>\n\t\t","protected":false},"excerpt":{"rendered":"<p>El\u00e9rhet\u0151s\u00e9g Postac\u00edm\u00fcnk: Magyar Agr\u00e1r- \u00e9s \u00c9lettudom\u00e1nyi Egyetem &#8211; Zentai Konzult\u00e1ci\u00f3s K\u00f6zpont Levelez\u00e9si c\u00edm: 24400 Zenta \/ \u0150sz utca 18.\u00a0 Inform\u00e1ci\u00f3kat az al\u00e1bbi szem\u00e9lyekt\u0151l kaphat: Fleisz V\u00e9kony \u00c1gnes (060\/099-1416) vagy Dr. K\u00f6nyves Tibor (060\/099-1401) \u00dcgyf\u00e9lfogad\u00e1s: H\u00e9tf\u0151-Cs\u00fct\u00f6rt\u00f6k: 8:00-13:00 P\u00e9ntek 15:00-18:00, Szombat 9:00-13:00\u00a0az irod\u00e1ban (\u0150sz utca. 18. &#8211; 1. emelet) E-mail: htlt.zenta@gmail.com K\u00f6z\u00f6ss\u00e9gi m\u00e9dia: Facebook: facebook.com\/MATEZenta Instagram: instagram.com\/MATE.Zenta [&hellip;]<\/p>\n","protected":false},"author":3,"featured_media":0,"parent":0,"menu_order":0,"comment_status":"closed","ping_status":"closed","template":"","meta":{"footnotes":""},"_links":{"self":[{"href":"https:\/\/proscnat.org\/kerteszeti\/wp-json\/wp\/v2\/pages\/8"}],"collection":[{"href":"https:\/\/proscnat.org\/kerteszeti\/wp-json\/wp\/v2\/pages"}],"about":[{"href":"https:\/\/proscnat.org\/kerteszeti\/wp-json\/wp\/v2\/types\/page"}],"author":[{"embeddable":true,"href":"https:\/\/proscnat.org\/kerteszeti\/wp-json\/wp\/v2\/users\/3"}],"replies":[{"embeddable":true,"href":"https:\/\/proscnat.org\/kerteszeti\/wp-json\/wp\/v2\/comments?post=8"}],"version-history":[{"count":66,"href":"https:\/\/proscnat.org\/kerteszeti\/wp-json\/wp\/v2\/pages\/8\/revisions"}],"predecessor-version":[{"id":4918,"href":"https:\/\/proscnat.org\/kerteszeti\/wp-json\/wp\/v2\/pages\/8\/revisions\/4918"}],"wp:attachment":[{"href":"https:\/\/proscnat.org\/kerteszeti\/wp-json\/wp\/v2\/media?parent=8"}],"curies":[{"name":"wp","href":"https:\/\/api.w.org\/{rel}","templated":true}]}}