{"id":1342,"date":"2021-06-29T13:10:58","date_gmt":"2021-06-29T13:10:58","guid":{"rendered":"http:\/\/proscnat.tanuljkertesz.hu\/?page_id=1342"},"modified":"2024-07-22T09:51:54","modified_gmt":"2024-07-22T09:51:54","slug":"ut-a-siker-fele","status":"publish","type":"page","link":"https:\/\/proscnat.org\/proscnat\/programok\/ut-a-siker-fele\/","title":{"rendered":"\u00dat a siker fel\u00e9"},"content":{"rendered":"\t\t<div data-elementor-type=\"wp-page\" data-elementor-id=\"1342\" class=\"elementor elementor-1342\" data-elementor-post-type=\"page\">\n\t\t\t\t\t\t\t\t\t<section class=\"elementor-section elementor-top-section elementor-element elementor-element-10377703 elementor-section-height-min-height elementor-section-boxed elementor-section-height-default elementor-section-items-middle\" data-id=\"10377703\" data-element_type=\"section\" data-settings=\"{&quot;background_background&quot;:&quot;classic&quot;}\">\n\t\t\t\t\t\t\t<div class=\"elementor-background-overlay\"><\/div>\n\t\t\t\t\t\t\t<div class=\"elementor-container elementor-column-gap-default\">\n\t\t\t\t\t<div class=\"elementor-column elementor-col-100 elementor-top-column elementor-element elementor-element-2fc0e9fd\" data-id=\"2fc0e9fd\" data-element_type=\"column\">\n\t\t\t<div class=\"elementor-widget-wrap elementor-element-populated\">\n\t\t\t\t\t\t\t\t<div class=\"elementor-element elementor-element-5cea5d64 elementor-invisible elementor-widget elementor-widget-heading\" data-id=\"5cea5d64\" data-element_type=\"widget\" data-settings=\"{&quot;_animation&quot;:&quot;fadeIn&quot;}\" data-widget_type=\"heading.default\">\n\t\t\t\t<div class=\"elementor-widget-container\">\n\t\t\t<style>\/*! elementor - v3.17.0 - 25-10-2023 *\/\n.elementor-heading-title{padding:0;margin:0;line-height:1}.elementor-widget-heading .elementor-heading-title[class*=elementor-size-]>a{color:inherit;font-size:inherit;line-height:inherit}.elementor-widget-heading .elementor-heading-title.elementor-size-small{font-size:15px}.elementor-widget-heading .elementor-heading-title.elementor-size-medium{font-size:19px}.elementor-widget-heading .elementor-heading-title.elementor-size-large{font-size:29px}.elementor-widget-heading .elementor-heading-title.elementor-size-xl{font-size:39px}.elementor-widget-heading .elementor-heading-title.elementor-size-xxl{font-size:59px}<\/style><h2 class=\"elementor-heading-title elementor-size-default\">\u00dat a siker fel\u00e9<\/h2>\t\t<\/div>\n\t\t\t\t<\/div>\n\t\t\t\t<div class=\"elementor-element elementor-element-31e117da elementor-icon-list--layout-inline elementor-align-center elementor-list-item-link-full_width elementor-invisible elementor-widget elementor-widget-icon-list\" data-id=\"31e117da\" data-element_type=\"widget\" data-settings=\"{&quot;_animation&quot;:&quot;fadeIn&quot;,&quot;_animation_delay&quot;:200}\" data-widget_type=\"icon-list.default\">\n\t\t\t\t<div class=\"elementor-widget-container\">\n\t\t\t<link rel=\"stylesheet\" href=\"https:\/\/proscnat.org\/proscnat\/wp-content\/plugins\/elementor\/assets\/css\/widget-icon-list.min.css\">\t\t<ul class=\"elementor-icon-list-items elementor-inline-items\">\n\t\t\t\t\t\t\t<li class=\"elementor-icon-list-item elementor-inline-item\">\n\t\t\t\t\t\t\t\t\t\t\t<a href=\"#\">\n\n\t\t\t\t\t\t\t\t\t\t\t<span class=\"elementor-icon-list-text\">Programok > \u00dat a siker fel\u00e9 (2020)<\/span>\n\t\t\t\t\t\t\t\t\t\t\t<\/a>\n\t\t\t\t\t\t\t\t\t<\/li>\n\t\t\t\t\t\t<\/ul>\n\t\t\t\t<\/div>\n\t\t\t\t<\/div>\n\t\t\t\t\t<\/div>\n\t\t<\/div>\n\t\t\t\t\t\t\t<\/div>\n\t\t<\/section>\n\t\t<div class=\"elementor-element elementor-element-30072976 e-flex e-con-boxed e-con e-parent\" data-id=\"30072976\" data-element_type=\"container\" data-settings=\"{&quot;content_width&quot;:&quot;boxed&quot;}\" data-core-v316-plus=\"true\">\n\t\t\t\t\t<div class=\"e-con-inner\">\n\t\t\t\t<div class=\"elementor-element elementor-element-660dab77 elementor-widget elementor-widget-text-editor\" data-id=\"660dab77\" data-element_type=\"widget\" data-widget_type=\"text-editor.default\">\n\t\t\t\t<div class=\"elementor-widget-container\">\n\t\t\t<style>\/*! elementor - v3.17.0 - 25-10-2023 *\/\n.elementor-widget-text-editor.elementor-drop-cap-view-stacked .elementor-drop-cap{background-color:#69727d;color:#fff}.elementor-widget-text-editor.elementor-drop-cap-view-framed .elementor-drop-cap{color:#69727d;border:3px solid;background-color:transparent}.elementor-widget-text-editor:not(.elementor-drop-cap-view-default) .elementor-drop-cap{margin-top:8px}.elementor-widget-text-editor:not(.elementor-drop-cap-view-default) .elementor-drop-cap-letter{width:1em;height:1em}.elementor-widget-text-editor .elementor-drop-cap{float:left;text-align:center;line-height:1;font-size:50px}.elementor-widget-text-editor .elementor-drop-cap-letter{display:inline-block}<\/style>\t\t\t\t<h3><strong>\u00dat a siker fel\u00e9:<\/strong><\/h3><p><strong><a href=\"https:\/\/proscnat.org\/proscnat\/vallalkozasi-otletek-megszerzese-es-megalapozasa\/\">V\u00e1llalkoz\u00e1si \u00f6tletek megszerz\u00e9se \u00e9s megalapoz\u00e1sa<\/a><\/strong><\/p><p><img decoding=\"async\" loading=\"lazy\" class=\"alignnone wp-image-4697 size-large\" src=\"https:\/\/proscnat.org\/proscnat\/wp-content\/uploads\/sites\/4\/2024\/07\/kicsi-01-Vallalkozasi-otletek-719x1024.jpg\" alt=\"\" width=\"719\" height=\"1024\" srcset=\"https:\/\/proscnat.org\/proscnat\/wp-content\/uploads\/sites\/4\/2024\/07\/kicsi-01-Vallalkozasi-otletek-719x1024.jpg 719w, https:\/\/proscnat.org\/proscnat\/wp-content\/uploads\/sites\/4\/2024\/07\/kicsi-01-Vallalkozasi-otletek-211x300.jpg 211w, https:\/\/proscnat.org\/proscnat\/wp-content\/uploads\/sites\/4\/2024\/07\/kicsi-01-Vallalkozasi-otletek-768x1094.jpg 768w, https:\/\/proscnat.org\/proscnat\/wp-content\/uploads\/sites\/4\/2024\/07\/kicsi-01-Vallalkozasi-otletek-1078x1536.jpg 1078w, https:\/\/proscnat.org\/proscnat\/wp-content\/uploads\/sites\/4\/2024\/07\/kicsi-01-Vallalkozasi-otletek-1438x2048.jpg 1438w, https:\/\/proscnat.org\/proscnat\/wp-content\/uploads\/sites\/4\/2024\/07\/kicsi-01-Vallalkozasi-otletek.jpg 1797w\" sizes=\"(max-width: 719px) 100vw, 719px\" \/><\/p><p><strong><a style=\"text-decoration: none;\" href=\"https:\/\/proscnat.org\/proscnat\/feltetelek-felterkepezese-es-kornyezetelemzes\/\">Felt\u00e9telek felt\u00e9rk\u00e9pez\u00e9se \u00e9s k\u00f6rnyezetelemz\u00e9s<\/a><\/strong><\/p><p><img decoding=\"async\" loading=\"lazy\" class=\"wp-image-4698 size-large alignnone\" src=\"https:\/\/proscnat.org\/proscnat\/wp-content\/uploads\/sites\/4\/2024\/07\/kicsi-02-Feltetelek-felterkepezese-719x1024.jpg\" alt=\"\" width=\"719\" height=\"1024\" srcset=\"https:\/\/proscnat.org\/proscnat\/wp-content\/uploads\/sites\/4\/2024\/07\/kicsi-02-Feltetelek-felterkepezese-719x1024.jpg 719w, https:\/\/proscnat.org\/proscnat\/wp-content\/uploads\/sites\/4\/2024\/07\/kicsi-02-Feltetelek-felterkepezese-211x300.jpg 211w, https:\/\/proscnat.org\/proscnat\/wp-content\/uploads\/sites\/4\/2024\/07\/kicsi-02-Feltetelek-felterkepezese-768x1094.jpg 768w, https:\/\/proscnat.org\/proscnat\/wp-content\/uploads\/sites\/4\/2024\/07\/kicsi-02-Feltetelek-felterkepezese-1078x1536.jpg 1078w, https:\/\/proscnat.org\/proscnat\/wp-content\/uploads\/sites\/4\/2024\/07\/kicsi-02-Feltetelek-felterkepezese-1438x2048.jpg 1438w, https:\/\/proscnat.org\/proscnat\/wp-content\/uploads\/sites\/4\/2024\/07\/kicsi-02-Feltetelek-felterkepezese.jpg 1797w\" sizes=\"(max-width: 719px) 100vw, 719px\" \/><\/p><p><strong><a style=\"text-decoration: none;\" href=\"https:\/\/proscnat.org\/proscnat\/gyakorlati-szuksegessegek\/\">Gyakorlati sz\u00fcks\u00e9gess\u00e9gek<\/a><\/strong><\/p><p><img decoding=\"async\" loading=\"lazy\" class=\"alignnone wp-image-4699 size-large\" src=\"https:\/\/proscnat.org\/proscnat\/wp-content\/uploads\/sites\/4\/2024\/07\/kicsi-03-Gyakorlati-szuksegessegek-719x1024.jpg\" alt=\"\" width=\"719\" height=\"1024\" srcset=\"https:\/\/proscnat.org\/proscnat\/wp-content\/uploads\/sites\/4\/2024\/07\/kicsi-03-Gyakorlati-szuksegessegek-719x1024.jpg 719w, https:\/\/proscnat.org\/proscnat\/wp-content\/uploads\/sites\/4\/2024\/07\/kicsi-03-Gyakorlati-szuksegessegek-211x300.jpg 211w, https:\/\/proscnat.org\/proscnat\/wp-content\/uploads\/sites\/4\/2024\/07\/kicsi-03-Gyakorlati-szuksegessegek-768x1094.jpg 768w, https:\/\/proscnat.org\/proscnat\/wp-content\/uploads\/sites\/4\/2024\/07\/kicsi-03-Gyakorlati-szuksegessegek-1078x1536.jpg 1078w, https:\/\/proscnat.org\/proscnat\/wp-content\/uploads\/sites\/4\/2024\/07\/kicsi-03-Gyakorlati-szuksegessegek-1438x2048.jpg 1438w, https:\/\/proscnat.org\/proscnat\/wp-content\/uploads\/sites\/4\/2024\/07\/kicsi-03-Gyakorlati-szuksegessegek.jpg 1797w\" sizes=\"(max-width: 719px) 100vw, 719px\" \/><\/p><p><strong><a style=\"text-decoration: none;\" href=\"https:\/\/proscnat.org\/proscnat\/a-vallalkozas-fenntarthatosaga\/\">A v\u00e1llalkoz\u00e1s fenntarthat\u00f3s\u00e1ga<\/a><\/strong><\/p><p><img decoding=\"async\" loading=\"lazy\" class=\"alignnone wp-image-4700 size-large\" src=\"https:\/\/proscnat.org\/proscnat\/wp-content\/uploads\/sites\/4\/2024\/07\/kicsi-04-A-vallalkozas-fenntarthatosaga-719x1024.jpg\" alt=\"\" width=\"719\" height=\"1024\" srcset=\"https:\/\/proscnat.org\/proscnat\/wp-content\/uploads\/sites\/4\/2024\/07\/kicsi-04-A-vallalkozas-fenntarthatosaga-719x1024.jpg 719w, https:\/\/proscnat.org\/proscnat\/wp-content\/uploads\/sites\/4\/2024\/07\/kicsi-04-A-vallalkozas-fenntarthatosaga-211x300.jpg 211w, https:\/\/proscnat.org\/proscnat\/wp-content\/uploads\/sites\/4\/2024\/07\/kicsi-04-A-vallalkozas-fenntarthatosaga-768x1094.jpg 768w, https:\/\/proscnat.org\/proscnat\/wp-content\/uploads\/sites\/4\/2024\/07\/kicsi-04-A-vallalkozas-fenntarthatosaga-1078x1536.jpg 1078w, https:\/\/proscnat.org\/proscnat\/wp-content\/uploads\/sites\/4\/2024\/07\/kicsi-04-A-vallalkozas-fenntarthatosaga-1438x2048.jpg 1438w, https:\/\/proscnat.org\/proscnat\/wp-content\/uploads\/sites\/4\/2024\/07\/kicsi-04-A-vallalkozas-fenntarthatosaga.jpg 1797w\" sizes=\"(max-width: 719px) 100vw, 719px\" \/><\/p><p><strong><a style=\"text-decoration: none;\" href=\"https:\/\/proscnat.org\/proscnat\/a-tovabbfejlesztes-es-a-szervezes-fontossagai\/\">A tov\u00e1bbfejleszt\u00e9s \u00e9s a szervez\u00e9s fontoss\u00e1gai<\/a><\/strong><\/p><p><img decoding=\"async\" loading=\"lazy\" class=\"alignnone wp-image-4701 size-large\" src=\"https:\/\/proscnat.org\/proscnat\/wp-content\/uploads\/sites\/4\/2024\/07\/kicsi-05-A-tovabbfejlesztes-719x1024.jpg\" alt=\"\" width=\"719\" height=\"1024\" srcset=\"https:\/\/proscnat.org\/proscnat\/wp-content\/uploads\/sites\/4\/2024\/07\/kicsi-05-A-tovabbfejlesztes-719x1024.jpg 719w, https:\/\/proscnat.org\/proscnat\/wp-content\/uploads\/sites\/4\/2024\/07\/kicsi-05-A-tovabbfejlesztes-211x300.jpg 211w, https:\/\/proscnat.org\/proscnat\/wp-content\/uploads\/sites\/4\/2024\/07\/kicsi-05-A-tovabbfejlesztes-768x1094.jpg 768w, https:\/\/proscnat.org\/proscnat\/wp-content\/uploads\/sites\/4\/2024\/07\/kicsi-05-A-tovabbfejlesztes-1078x1536.jpg 1078w, https:\/\/proscnat.org\/proscnat\/wp-content\/uploads\/sites\/4\/2024\/07\/kicsi-05-A-tovabbfejlesztes-1438x2048.jpg 1438w, https:\/\/proscnat.org\/proscnat\/wp-content\/uploads\/sites\/4\/2024\/07\/kicsi-05-A-tovabbfejlesztes.jpg 1797w\" sizes=\"(max-width: 719px) 100vw, 719px\" \/><\/p><p><strong><a style=\"text-decoration: none;\" href=\"https:\/\/proscnat.org\/proscnat\/a-menedzsment-stilusai\/\">A menedzsment st\u00edlusai<\/a><\/strong><\/p><p><img decoding=\"async\" loading=\"lazy\" class=\"alignnone wp-image-4702 size-large\" src=\"https:\/\/proscnat.org\/proscnat\/wp-content\/uploads\/sites\/4\/2024\/07\/kicsi-06-A-menedzsment-719x1024.jpg\" alt=\"\" width=\"719\" height=\"1024\" srcset=\"https:\/\/proscnat.org\/proscnat\/wp-content\/uploads\/sites\/4\/2024\/07\/kicsi-06-A-menedzsment-719x1024.jpg 719w, https:\/\/proscnat.org\/proscnat\/wp-content\/uploads\/sites\/4\/2024\/07\/kicsi-06-A-menedzsment-211x300.jpg 211w, https:\/\/proscnat.org\/proscnat\/wp-content\/uploads\/sites\/4\/2024\/07\/kicsi-06-A-menedzsment-768x1094.jpg 768w, https:\/\/proscnat.org\/proscnat\/wp-content\/uploads\/sites\/4\/2024\/07\/kicsi-06-A-menedzsment-1078x1536.jpg 1078w, https:\/\/proscnat.org\/proscnat\/wp-content\/uploads\/sites\/4\/2024\/07\/kicsi-06-A-menedzsment-1438x2048.jpg 1438w, https:\/\/proscnat.org\/proscnat\/wp-content\/uploads\/sites\/4\/2024\/07\/kicsi-06-A-menedzsment.jpg 1797w\" sizes=\"(max-width: 719px) 100vw, 719px\" \/><\/p><p><strong><a style=\"text-decoration: none;\" href=\"https:\/\/proscnat.org\/proscnat\/a-motivacio-fontossaga\/\">A motiv\u00e1ci\u00f3 fontoss\u00e1ga<\/a><\/strong><\/p><p><img decoding=\"async\" loading=\"lazy\" class=\"alignnone wp-image-4703 size-large\" src=\"https:\/\/proscnat.org\/proscnat\/wp-content\/uploads\/sites\/4\/2024\/07\/kicsi-07-A-motivacio-719x1024.jpg\" alt=\"\" width=\"719\" height=\"1024\" srcset=\"https:\/\/proscnat.org\/proscnat\/wp-content\/uploads\/sites\/4\/2024\/07\/kicsi-07-A-motivacio-719x1024.jpg 719w, https:\/\/proscnat.org\/proscnat\/wp-content\/uploads\/sites\/4\/2024\/07\/kicsi-07-A-motivacio-211x300.jpg 211w, https:\/\/proscnat.org\/proscnat\/wp-content\/uploads\/sites\/4\/2024\/07\/kicsi-07-A-motivacio-768x1094.jpg 768w, https:\/\/proscnat.org\/proscnat\/wp-content\/uploads\/sites\/4\/2024\/07\/kicsi-07-A-motivacio-1078x1536.jpg 1078w, https:\/\/proscnat.org\/proscnat\/wp-content\/uploads\/sites\/4\/2024\/07\/kicsi-07-A-motivacio-1438x2048.jpg 1438w, https:\/\/proscnat.org\/proscnat\/wp-content\/uploads\/sites\/4\/2024\/07\/kicsi-07-A-motivacio.jpg 1797w\" sizes=\"(max-width: 719px) 100vw, 719px\" \/><\/p><p>\u00a0<\/p><p><strong>A program online fel\u00fclete az al\u00e1bbi linken \u00e9rhet\u0151 el:<\/strong><\/p><p><a href=\"https:\/\/elearning.easygenerator.com\/5589ab2a-ef7b-4f61-92eb-298cdd12ecbf\/\">https:\/\/elearning.easygenerator.com\/5589ab2a-ef7b-4f61-92eb-298cdd12ecbf\/<\/a><\/p>\t\t\t\t\t\t<\/div>\n\t\t\t\t<\/div>\n\t\t\t\t\t<\/div>\n\t\t\t\t<\/div>\n\t\t\t\t\t\t\t<\/div>\n\t\t","protected":false},"excerpt":{"rendered":"<p>\u00dat a siker fel\u00e9 Programok > \u00dat a siker fel\u00e9 (2020) \u00dat a siker fel\u00e9: V\u00e1llalkoz\u00e1si \u00f6tletek megszerz\u00e9se \u00e9s megalapoz\u00e1sa Felt\u00e9telek felt\u00e9rk\u00e9pez\u00e9se \u00e9s k\u00f6rnyezetelemz\u00e9s Gyakorlati sz\u00fcks\u00e9gess\u00e9gek A v\u00e1llalkoz\u00e1s fenntarthat\u00f3s\u00e1ga A tov\u00e1bbfejleszt\u00e9s \u00e9s a szervez\u00e9s fontoss\u00e1gai A menedzsment st\u00edlusai A motiv\u00e1ci\u00f3 fontoss\u00e1ga \u00a0 A program online fel\u00fclete az al\u00e1bbi linken \u00e9rhet\u0151 el: https:\/\/elearning.easygenerator.com\/5589ab2a-ef7b-4f61-92eb-298cdd12ecbf\/<\/p>\n","protected":false},"author":3,"featured_media":0,"parent":3535,"menu_order":0,"comment_status":"closed","ping_status":"closed","template":"","meta":{"footnotes":""},"_links":{"self":[{"href":"https:\/\/proscnat.org\/proscnat\/wp-json\/wp\/v2\/pages\/1342"}],"collection":[{"href":"https:\/\/proscnat.org\/proscnat\/wp-json\/wp\/v2\/pages"}],"about":[{"href":"https:\/\/proscnat.org\/proscnat\/wp-json\/wp\/v2\/types\/page"}],"author":[{"embeddable":true,"href":"https:\/\/proscnat.org\/proscnat\/wp-json\/wp\/v2\/users\/3"}],"replies":[{"embeddable":true,"href":"https:\/\/proscnat.org\/proscnat\/wp-json\/wp\/v2\/comments?post=1342"}],"version-history":[{"count":39,"href":"https:\/\/proscnat.org\/proscnat\/wp-json\/wp\/v2\/pages\/1342\/revisions"}],"predecessor-version":[{"id":4721,"href":"https:\/\/proscnat.org\/proscnat\/wp-json\/wp\/v2\/pages\/1342\/revisions\/4721"}],"up":[{"embeddable":true,"href":"https:\/\/proscnat.org\/proscnat\/wp-json\/wp\/v2\/pages\/3535"}],"wp:attachment":[{"href":"https:\/\/proscnat.org\/proscnat\/wp-json\/wp\/v2\/media?parent=1342"}],"curies":[{"name":"wp","href":"https:\/\/api.w.org\/{rel}","templated":true}]}}