{"id":18,"date":"2016-01-10T20:38:20","date_gmt":"2016-01-10T20:38:20","guid":{"rendered":"http:\/\/proscnat.tanuljkertesz.hu\/?page_id=18"},"modified":"2024-03-19T11:02:13","modified_gmt":"2024-03-19T11:02:13","slug":"tamogatoink-partnereink","status":"publish","type":"page","link":"https:\/\/proscnat.org\/proscnat\/tamogatoink-partnereink\/","title":{"rendered":"T\u00e1mogat\u00f3ink\/Partnereink"},"content":{"rendered":"\t\t<div data-elementor-type=\"wp-page\" data-elementor-id=\"18\" class=\"elementor elementor-18\" data-elementor-post-type=\"page\">\n\t\t\t\t\t\t\t\t\t<section class=\"elementor-section elementor-top-section elementor-element elementor-element-27bf0ad9 elementor-section-height-min-height elementor-section-boxed elementor-section-height-default elementor-section-items-middle\" data-id=\"27bf0ad9\" data-element_type=\"section\" data-settings=\"{&quot;background_background&quot;:&quot;classic&quot;}\">\n\t\t\t\t\t\t\t<div class=\"elementor-background-overlay\"><\/div>\n\t\t\t\t\t\t\t<div class=\"elementor-container elementor-column-gap-default\">\n\t\t\t\t\t<div class=\"elementor-column elementor-col-100 elementor-top-column elementor-element elementor-element-54b5b937\" data-id=\"54b5b937\" data-element_type=\"column\">\n\t\t\t<div class=\"elementor-widget-wrap elementor-element-populated\">\n\t\t\t\t\t\t\t\t<div class=\"elementor-element elementor-element-1b61c41d elementor-invisible elementor-widget elementor-widget-heading\" data-id=\"1b61c41d\" data-element_type=\"widget\" data-settings=\"{&quot;_animation&quot;:&quot;fadeIn&quot;}\" data-widget_type=\"heading.default\">\n\t\t\t\t<div class=\"elementor-widget-container\">\n\t\t\t<style>\/*! elementor - v3.17.0 - 25-10-2023 *\/\n.elementor-heading-title{padding:0;margin:0;line-height:1}.elementor-widget-heading .elementor-heading-title[class*=elementor-size-]>a{color:inherit;font-size:inherit;line-height:inherit}.elementor-widget-heading .elementor-heading-title.elementor-size-small{font-size:15px}.elementor-widget-heading .elementor-heading-title.elementor-size-medium{font-size:19px}.elementor-widget-heading .elementor-heading-title.elementor-size-large{font-size:29px}.elementor-widget-heading .elementor-heading-title.elementor-size-xl{font-size:39px}.elementor-widget-heading .elementor-heading-title.elementor-size-xxl{font-size:59px}<\/style><h2 class=\"elementor-heading-title elementor-size-default\">T\u00e1mogat\u00f3ink\/Partnereink<\/h2>\t\t<\/div>\n\t\t\t\t<\/div>\n\t\t\t\t<div class=\"elementor-element elementor-element-64dc1085 elementor-icon-list--layout-inline elementor-align-center elementor-list-item-link-full_width elementor-invisible elementor-widget elementor-widget-icon-list\" data-id=\"64dc1085\" data-element_type=\"widget\" data-settings=\"{&quot;_animation&quot;:&quot;fadeIn&quot;,&quot;_animation_delay&quot;:200}\" data-widget_type=\"icon-list.default\">\n\t\t\t\t<div class=\"elementor-widget-container\">\n\t\t\t<link rel=\"stylesheet\" href=\"https:\/\/proscnat.org\/proscnat\/wp-content\/plugins\/elementor\/assets\/css\/widget-icon-list.min.css\">\t\t<ul class=\"elementor-icon-list-items elementor-inline-items\">\n\t\t\t\t\t\t\t<li class=\"elementor-icon-list-item elementor-inline-item\">\n\t\t\t\t\t\t\t\t\t\t\t<a href=\"#\">\n\n\t\t\t\t\t\t\t\t\t\t\t<span class=\"elementor-icon-list-text\"><\/span>\n\t\t\t\t\t\t\t\t\t\t\t<\/a>\n\t\t\t\t\t\t\t\t\t<\/li>\n\t\t\t\t\t\t<\/ul>\n\t\t\t\t<\/div>\n\t\t\t\t<\/div>\n\t\t\t\t\t<\/div>\n\t\t<\/div>\n\t\t\t\t\t\t\t<\/div>\n\t\t<\/section>\n\t\t<div class=\"elementor-element elementor-element-14acc9b e-flex e-con-boxed e-con e-parent\" data-id=\"14acc9b\" data-element_type=\"container\" data-settings=\"{&quot;content_width&quot;:&quot;boxed&quot;}\" data-core-v316-plus=\"true\">\n\t\t\t\t\t<div class=\"e-con-inner\">\n\t\t\t\t<div class=\"elementor-element elementor-element-a6ded9c elementor-widget elementor-widget-elementskit-simple-tab\" data-id=\"a6ded9c\" data-element_type=\"widget\" data-widget_type=\"elementskit-simple-tab.default\">\n\t\t\t\t<div class=\"elementor-widget-container\">\n\t\t\t<div class=\"ekit-wid-con\" >        <div class=\"elementkit-tab-wraper   elementskit-fitcontent-tab \">\n            <ul class=\"nav nav-tabs elementkit-tab-nav \">\n                                    <li class=\"elementkit-nav-item elementor-repeater-item-b971320\">\n                        <a class=\"elementkit-nav-link  active show left-pos\" id=\"content-b97132069f6b57e105df-tab\" data-ekit-handler-id=\"t-mogat-ink\" data-ekit-toggle=\"tab\" data-target=\"#content-b97132069f6b57e105df\" href=\"#Content-b97132069f6b57e105df\"\n                            data-ekit-toggle-trigger=\"click\"\n                            aria-describedby=\"Content-b97132069f6b57e105df\">\n                            <span class=\"icon icon-earth elementskit-tab-icon\"><\/span>                            <span class=\"elementskit-tab-title\"> T\u00e1mogat\u00f3ink<\/span>\n                        <\/a>\n                    <\/li>\n                                        <li class=\"elementkit-nav-item elementor-repeater-item-08b6a02\">\n                        <a class=\"elementkit-nav-link  left-pos\" id=\"content-08b6a0269f6b57e105df-tab\" data-ekit-handler-id=\"partnerint-zm-nyek\" data-ekit-toggle=\"tab\" data-target=\"#content-08b6a0269f6b57e105df\" href=\"#Content-08b6a0269f6b57e105df\"\n                            data-ekit-toggle-trigger=\"click\"\n                            aria-describedby=\"Content-08b6a0269f6b57e105df\">\n                            <span class=\"fas fa-hands-helping elementskit-tab-icon\"><\/span>                            <span class=\"elementskit-tab-title\"> Partnerint\u00e9zm\u00e9nyek<\/span>\n                        <\/a>\n                    <\/li>\n                                        <li class=\"elementkit-nav-item elementor-repeater-item-629981a\">\n                        <a class=\"elementkit-nav-link  left-pos\" id=\"content-629981a69f6b57e105df-tab\" data-ekit-handler-id=\"m-diapartnerek\" data-ekit-toggle=\"tab\" data-target=\"#content-629981a69f6b57e105df\" href=\"#Content-629981a69f6b57e105df\"\n                            data-ekit-toggle-trigger=\"click\"\n                            aria-describedby=\"Content-629981a69f6b57e105df\">\n                            <span class=\"fas fa-camera elementskit-tab-icon\"><\/span>                            <span class=\"elementskit-tab-title\"> M\u00e9diapartnerek<\/span>\n                        <\/a>\n                    <\/li>\n                                <\/ul>\n\n            <div class=\"tab-content elementkit-tab-content\">\n                                    <div class=\"tab-pane elementkit-tab-pane elementor-repeater-item-b971320  active show\" id=\"content-b97132069f6b57e105df\" role=\"tabpanel\"\n                         aria-labelledby=\"content-b97132069f6b57e105df-tab\">\n                        <div class=\"animated fadeIn\">\n                            <h4>Kultur\u00e1lis \u00e9s Innov\u00e1ci\u00f3s Miniszt\u00e9rium &#8211; Magyarorsz\u00e1g<\/h4><h4>Magyar Agr\u00e1r- \u00e9s \u00c9lettudom\u00e1nyi Egyetem &#8211; Magyarorsz\u00e1g<\/h4><h4>Agr\u00e1rminiszt\u00e9rium &#8211; Magyarorsz\u00e1g<\/h4><h4>Oktat\u00e1si Miniszt\u00e9rium &#8211; Szerbia<\/h4><h4>Magyar Nemzeti Tan\u00e1cs &#8211; Szerbia<\/h4><h4>Zenta V\u00e1ros \u00d6nkorm\u00e1nyzata &#8211; Szerbia<\/h4>                        <\/div>\n                    <\/div>\n                                    <div class=\"tab-pane elementkit-tab-pane elementor-repeater-item-08b6a02 \" id=\"content-08b6a0269f6b57e105df\" role=\"tabpanel\"\n                         aria-labelledby=\"content-08b6a0269f6b57e105df-tab\">\n                        <div class=\"animated fadeIn\">\n                            <h4>\u00dajvid\u00e9ki Egyetem Mez\u0151gazdas\u00e1gi Kar &#8211; \u00dajvid\u00e9k<\/h4><h4>Besz\u00e9des J\u00f3zsef Mez\u0151gazdas\u00e1gi \u00e9s M\u0171szaki Iskolak\u00f6zpont &#8211; Magyarkanizsa<\/h4><h4>Mez\u0151gazdas\u00e1gi Iskola \u00e9s Di\u00e1kotthon &#8211; Topolya<\/h4><h4>Vajdas\u00e1gi Agr\u00e1regyes\u00fcletek Sz\u00f6vets\u00e9ge &#8211; Zenta<\/h4>                        <\/div>\n                    <\/div>\n                                    <div class=\"tab-pane elementkit-tab-pane elementor-repeater-item-629981a \" id=\"content-629981a69f6b57e105df\" role=\"tabpanel\"\n                         aria-labelledby=\"content-629981a69f6b57e105df-tab\">\n                        <div class=\"animated fadeIn\">\n                            <h4>Magyar Sz\u00f3<\/h4><h4>H\u00e9t Nap<\/h4><h4>Pannon RTV<\/h4><h4>Vajdas\u00e1gi RTV<\/h4>                        <\/div>\n                    <\/div>\n                            <\/div>\n        <\/div>\n    <\/div>\t\t<\/div>\n\t\t\t\t<\/div>\n\t\t\t\t\t<\/div>\n\t\t\t\t<\/div>\n\t\t\t\t\t\t\t<\/div>\n\t\t","protected":false},"excerpt":{"rendered":"<p>T\u00e1mogat\u00f3ink\/Partnereink T\u00e1mogat\u00f3ink Partnerint\u00e9zm\u00e9nyek M\u00e9diapartnerek Kultur\u00e1lis \u00e9s Innov\u00e1ci\u00f3s Miniszt\u00e9rium &#8211; Magyarorsz\u00e1g Magyar Agr\u00e1r- \u00e9s \u00c9lettudom\u00e1nyi Egyetem &#8211; Magyarorsz\u00e1g Agr\u00e1rminiszt\u00e9rium &#8211; Magyarorsz\u00e1g Oktat\u00e1si Miniszt\u00e9rium &#8211; Szerbia Magyar Nemzeti Tan\u00e1cs &#8211; Szerbia Zenta V\u00e1ros \u00d6nkorm\u00e1nyzata &#8211; Szerbia \u00dajvid\u00e9ki Egyetem Mez\u0151gazdas\u00e1gi Kar &#8211; \u00dajvid\u00e9k Besz\u00e9des J\u00f3zsef Mez\u0151gazdas\u00e1gi \u00e9s M\u0171szaki Iskolak\u00f6zpont &#8211; Magyarkanizsa Mez\u0151gazdas\u00e1gi Iskola \u00e9s Di\u00e1kotthon &#8211; Topolya Vajdas\u00e1gi [&hellip;]<\/p>\n","protected":false},"author":3,"featured_media":0,"parent":0,"menu_order":0,"comment_status":"closed","ping_status":"closed","template":"","meta":{"footnotes":""},"_links":{"self":[{"href":"https:\/\/proscnat.org\/proscnat\/wp-json\/wp\/v2\/pages\/18"}],"collection":[{"href":"https:\/\/proscnat.org\/proscnat\/wp-json\/wp\/v2\/pages"}],"about":[{"href":"https:\/\/proscnat.org\/proscnat\/wp-json\/wp\/v2\/types\/page"}],"author":[{"embeddable":true,"href":"https:\/\/proscnat.org\/proscnat\/wp-json\/wp\/v2\/users\/3"}],"replies":[{"embeddable":true,"href":"https:\/\/proscnat.org\/proscnat\/wp-json\/wp\/v2\/comments?post=18"}],"version-history":[{"count":48,"href":"https:\/\/proscnat.org\/proscnat\/wp-json\/wp\/v2\/pages\/18\/revisions"}],"predecessor-version":[{"id":4472,"href":"https:\/\/proscnat.org\/proscnat\/wp-json\/wp\/v2\/pages\/18\/revisions\/4472"}],"wp:attachment":[{"href":"https:\/\/proscnat.org\/proscnat\/wp-json\/wp\/v2\/media?parent=18"}],"curies":[{"name":"wp","href":"https:\/\/api.w.org\/{rel}","templated":true}]}}