{"id":3724,"date":"2023-10-19T16:56:44","date_gmt":"2023-10-19T16:56:44","guid":{"rendered":"https:\/\/proscnat.org\/proscnat\/?page_id=3724"},"modified":"2024-10-04T10:01:21","modified_gmt":"2024-10-04T10:01:21","slug":"podrska-partneri","status":"publish","type":"page","link":"https:\/\/proscnat.org\/proscnat\/sr\/podrska-partneri\/","title":{"rendered":"Podrska\/partneri"},"content":{"rendered":"\t\t<div data-elementor-type=\"wp-page\" data-elementor-id=\"3724\" class=\"elementor elementor-3724\" data-elementor-post-type=\"page\">\n\t\t\t\t\t\t\t\t\t<section class=\"elementor-section elementor-top-section elementor-element elementor-element-27bf0ad9 elementor-section-height-min-height elementor-section-boxed elementor-section-height-default elementor-section-items-middle\" data-id=\"27bf0ad9\" data-element_type=\"section\" data-settings=\"{&quot;background_background&quot;:&quot;classic&quot;}\">\n\t\t\t\t\t\t\t<div class=\"elementor-background-overlay\"><\/div>\n\t\t\t\t\t\t\t<div class=\"elementor-container elementor-column-gap-default\">\n\t\t\t\t\t<div class=\"elementor-column elementor-col-100 elementor-top-column elementor-element elementor-element-54b5b937\" data-id=\"54b5b937\" data-element_type=\"column\">\n\t\t\t<div class=\"elementor-widget-wrap elementor-element-populated\">\n\t\t\t\t\t\t\t\t<div class=\"elementor-element elementor-element-1b61c41d elementor-invisible elementor-widget elementor-widget-heading\" data-id=\"1b61c41d\" data-element_type=\"widget\" data-settings=\"{&quot;_animation&quot;:&quot;fadeIn&quot;}\" data-widget_type=\"heading.default\">\n\t\t\t\t<div class=\"elementor-widget-container\">\n\t\t\t<style>\/*! elementor - v3.17.0 - 25-10-2023 *\/\n.elementor-heading-title{padding:0;margin:0;line-height:1}.elementor-widget-heading .elementor-heading-title[class*=elementor-size-]>a{color:inherit;font-size:inherit;line-height:inherit}.elementor-widget-heading .elementor-heading-title.elementor-size-small{font-size:15px}.elementor-widget-heading .elementor-heading-title.elementor-size-medium{font-size:19px}.elementor-widget-heading .elementor-heading-title.elementor-size-large{font-size:29px}.elementor-widget-heading .elementor-heading-title.elementor-size-xl{font-size:39px}.elementor-widget-heading .elementor-heading-title.elementor-size-xxl{font-size:59px}<\/style><h2 class=\"elementor-heading-title elementor-size-default\">\u041f\u043e\u0434\u0440\u0448\u043a\u0430, \u043f\u0430\u0440\u0442\u043d\u0435\u0440\u0438<\/h2>\t\t<\/div>\n\t\t\t\t<\/div>\n\t\t\t\t<div class=\"elementor-element elementor-element-64dc1085 elementor-icon-list--layout-inline elementor-align-center elementor-list-item-link-full_width elementor-invisible elementor-widget elementor-widget-icon-list\" data-id=\"64dc1085\" data-element_type=\"widget\" data-settings=\"{&quot;_animation&quot;:&quot;fadeIn&quot;,&quot;_animation_delay&quot;:200}\" data-widget_type=\"icon-list.default\">\n\t\t\t\t<div class=\"elementor-widget-container\">\n\t\t\t<link rel=\"stylesheet\" href=\"https:\/\/proscnat.org\/proscnat\/wp-content\/plugins\/elementor\/assets\/css\/widget-icon-list.min.css\">\t\t<ul class=\"elementor-icon-list-items elementor-inline-items\">\n\t\t\t\t\t\t\t<li class=\"elementor-icon-list-item elementor-inline-item\">\n\t\t\t\t\t\t\t\t\t\t\t<a href=\"#\">\n\n\t\t\t\t\t\t\t\t\t\t\t<span class=\"elementor-icon-list-text\"><\/span>\n\t\t\t\t\t\t\t\t\t\t\t<\/a>\n\t\t\t\t\t\t\t\t\t<\/li>\n\t\t\t\t\t\t<\/ul>\n\t\t\t\t<\/div>\n\t\t\t\t<\/div>\n\t\t\t\t\t<\/div>\n\t\t<\/div>\n\t\t\t\t\t\t\t<\/div>\n\t\t<\/section>\n\t\t<div class=\"elementor-element elementor-element-14acc9b e-flex e-con-boxed e-con e-parent\" data-id=\"14acc9b\" data-element_type=\"container\" data-settings=\"{&quot;content_width&quot;:&quot;boxed&quot;}\" data-core-v316-plus=\"true\">\n\t\t\t\t\t<div class=\"e-con-inner\">\n\t\t\t\t<div class=\"elementor-element elementor-element-a6ded9c elementor-widget elementor-widget-elementskit-simple-tab\" data-id=\"a6ded9c\" data-element_type=\"widget\" data-widget_type=\"elementskit-simple-tab.default\">\n\t\t\t\t<div class=\"elementor-widget-container\">\n\t\t\t<div class=\"ekit-wid-con\" >        <div class=\"elementkit-tab-wraper   elementskit-fitcontent-tab \">\n            <ul class=\"nav nav-tabs elementkit-tab-nav \">\n                                    <li class=\"elementkit-nav-item elementor-repeater-item-b971320\">\n                        <a class=\"elementkit-nav-link  active show left-pos\" id=\"content-b97132069e4f94604127-tab\" data-ekit-handler-id=\"sponzori\" data-ekit-toggle=\"tab\" data-target=\"#content-b97132069e4f94604127\" href=\"#Content-b97132069e4f94604127\"\n                            data-ekit-toggle-trigger=\"click\"\n                            aria-describedby=\"Content-b97132069e4f94604127\">\n                            <span class=\"icon icon-earth elementskit-tab-icon\"><\/span>                            <span class=\"elementskit-tab-title\"> Sponzori<\/span>\n                        <\/a>\n                    <\/li>\n                                        <li class=\"elementkit-nav-item elementor-repeater-item-08b6a02\">\n                        <a class=\"elementkit-nav-link  left-pos\" id=\"content-08b6a0269e4f94604127-tab\" data-ekit-handler-id=\"partneri\" data-ekit-toggle=\"tab\" data-target=\"#content-08b6a0269e4f94604127\" href=\"#Content-08b6a0269e4f94604127\"\n                            data-ekit-toggle-trigger=\"click\"\n                            aria-describedby=\"Content-08b6a0269e4f94604127\">\n                            <span class=\"fas fa-hands-helping elementskit-tab-icon\"><\/span>                            <span class=\"elementskit-tab-title\"> Partneri<\/span>\n                        <\/a>\n                    <\/li>\n                                        <li class=\"elementkit-nav-item elementor-repeater-item-629981a\">\n                        <a class=\"elementkit-nav-link  left-pos\" id=\"content-629981a69e4f94604127-tab\" data-ekit-handler-id=\"medijski-partneri\" data-ekit-toggle=\"tab\" data-target=\"#content-629981a69e4f94604127\" href=\"#Content-629981a69e4f94604127\"\n                            data-ekit-toggle-trigger=\"click\"\n                            aria-describedby=\"Content-629981a69e4f94604127\">\n                            <span class=\"fas fa-camera elementskit-tab-icon\"><\/span>                            <span class=\"elementskit-tab-title\"> Medijski Partneri<\/span>\n                        <\/a>\n                    <\/li>\n                                <\/ul>\n\n            <div class=\"tab-content elementkit-tab-content\">\n                                    <div class=\"tab-pane elementkit-tab-pane elementor-repeater-item-b971320  active show\" id=\"content-b97132069e4f94604127\" role=\"tabpanel\"\n                         aria-labelledby=\"content-b97132069e4f94604127-tab\">\n                        <div class=\"animated fadeIn\">\n                            <h5><strong><a href=\"https:\/\/kormany.hu\/kulturalis-es-innovacios-miniszterium\">\u041c\u0438\u043d\u0438\u0441\u0442\u0430\u0440\u0441\u0442\u0432\u043e \u043a\u0443\u043b\u0442\u0443\u0440\u0435 \u0438 \u0438\u043d\u043e\u0432\u0430\u0446\u0438\u0458\u0430 \u041c\u0430\u0452\u0430\u0440\u0441\u043a\u0435<\/a><\/strong><\/h5><h5><strong><a href=\"https:\/\/kormany.hu\/agrarminiszterium\">\u041c\u0438\u043d\u0438\u0441\u0442\u0430\u0440\u0441\u0442\u0432\u043e \u041f\u043e\u043b\u0458\u043e\u043f\u0440\u0438\u0432\u0440\u0435\u0434\u0435 \u041c\u0430\u0452\u0430\u0440\u0441\u043a\u0435<\/a><\/strong><\/h5><p>\u00a0<\/p>                        <\/div>\n                    <\/div>\n                                    <div class=\"tab-pane elementkit-tab-pane elementor-repeater-item-08b6a02 \" id=\"content-08b6a0269e4f94604127\" role=\"tabpanel\"\n                         aria-labelledby=\"content-08b6a0269e4f94604127-tab\">\n                        <div class=\"animated fadeIn\">\n                            <ul><li><h5><a href=\"http:\/\/www.techniq.edu.rs\/Rise\/magyar\/\" target=\"_blank\" rel=\"noopener\">Poljoprivredni i tehni\u010dki \u0161kolski centar \u201eBesede\u0161 Jo\u017eef\u201c \u2013 Kanji\u017ea<\/a><\/h5><\/li><li><h5><a href=\"http:\/\/www.fokusz.info\" target=\"_blank\" rel=\"noopener\">\u201eFokus\u201c Vojvo\u0111anski portal za promociju nauke i edukaciju<\/a><\/h5><\/li><li><h5><a href=\"http:\/\/www.vfhalo.eu\" target=\"_blank\" rel=\"noopener\">\u201eMre\u017ea\u201c Vojvo\u0111anska fondacija za razvoj<\/a><\/h5><\/li><li><h5><a href=\"http:\/\/www.than.rs\/\" target=\"_blank\" rel=\"noopener\">Dru\u0161tvo intelektualaca bra\u0107e Tan, Be\u010dej<\/a><\/h5><\/li><li><h5><a href=\"http:\/\/www.tlkk.org\/\" target=\"_blank\" rel=\"noopener\">KUD \u201cTurzo Lajo\u0161\u201d, Senta<\/a><\/h5><\/li><li><h5><a href=\"http:\/\/www.vgazda.com\/\" target=\"_blank\" rel=\"noopener\">Savez Agrarnih Udru\u017eenja Vojvodine &#8211; Senta<\/a><\/h5><\/li><li><h5><a href=\"http:\/\/www.vmmi.org\/\" target=\"_blank\" rel=\"noopener\">Vojvo\u0111anski ma\u0111arski zavod za kulturu (VMMI), Senta<\/a><\/h5><\/li><\/ul>                        <\/div>\n                    <\/div>\n                                    <div class=\"tab-pane elementkit-tab-pane elementor-repeater-item-629981a \" id=\"content-629981a69e4f94604127\" role=\"tabpanel\"\n                         aria-labelledby=\"content-629981a69e4f94604127-tab\">\n                        <div class=\"animated fadeIn\">\n                            <ul><li><h5><a href=\"http:\/\/www.hetnap.rs\/uj\/index.php\" target=\"_blank\" rel=\"noopener\">Nedeljnik \u201cHet Nap\u201d<\/a><\/h5><\/li><li><h5><a href=\"http:\/\/www.csaladikor.com\/\" target=\"_blank\" rel=\"noopener\">Nedeljnik \u201c\u010caladi Ker\u201d<\/a><\/h5><\/li><li><h5><a href=\"http:\/\/www.dunatv.hu\/portal\/\" target=\"_blank\" rel=\"noopener\">Televizija Dunav<\/a><\/h5><\/li><li><h5><a href=\"http:\/\/www.fokusz.info\/\" target=\"_blank\" rel=\"noopener\">\u201eFokus\u201c Vojvo\u0111anski portal za promociju nauke i edukaciju<\/a><\/h5><\/li><li><h5><a href=\"http:\/\/www.mr1-kossuth.hu\/\" target=\"_blank\" rel=\"noopener\">Radio Ko\u0161ut<\/a><\/h5><\/li><li><h5><a href=\"http:\/\/www.magyarszo.com\/\" target=\"_blank\" rel=\"noopener\">Dnevne novine \u201eMa\u0111ar So\u201c<\/a><\/h5><\/li><li><h5><a href=\"http:\/\/pannonrtv.com\/\" target=\"_blank\" rel=\"noopener\">RTV Panon<\/a><\/h5><\/li><li><h5><a href=\"http:\/\/www.rtv.rs\/hu\/barazda\" target=\"_blank\" rel=\"noopener\">Radio Novi Sad, redakcija emisije o selu<\/a><\/h5><\/li><\/ul>                        <\/div>\n                    <\/div>\n                            <\/div>\n        <\/div>\n    <\/div>\t\t<\/div>\n\t\t\t\t<\/div>\n\t\t\t\t\t<\/div>\n\t\t\t\t<\/div>\n\t\t\t\t\t\t\t<\/div>\n\t\t","protected":false},"excerpt":{"rendered":"<p>\u041f\u043e\u0434\u0440\u0448\u043a\u0430, \u043f\u0430\u0440\u0442\u043d\u0435\u0440\u0438 Sponzori Partneri Medijski Partneri \u041c\u0438\u043d\u0438\u0441\u0442\u0430\u0440\u0441\u0442\u0432\u043e \u043a\u0443\u043b\u0442\u0443\u0440\u0435 \u0438 \u0438\u043d\u043e\u0432\u0430\u0446\u0438\u0458\u0430 \u041c\u0430\u0452\u0430\u0440\u0441\u043a\u0435 \u041c\u0438\u043d\u0438\u0441\u0442\u0430\u0440\u0441\u0442\u0432\u043e \u041f\u043e\u043b\u0458\u043e\u043f\u0440\u0438\u0432\u0440\u0435\u0434\u0435 \u041c\u0430\u0452\u0430\u0440\u0441\u043a\u0435 \u00a0 Poljoprivredni i tehni\u010dki \u0161kolski centar \u201eBesede\u0161 Jo\u017eef\u201c \u2013 Kanji\u017ea \u201eFokus\u201c Vojvo\u0111anski portal za promociju nauke i edukaciju \u201eMre\u017ea\u201c Vojvo\u0111anska fondacija za razvoj Dru\u0161tvo intelektualaca bra\u0107e Tan, Be\u010dej KUD \u201cTurzo Lajo\u0161\u201d, Senta Savez Agrarnih Udru\u017eenja Vojvodine &#8211; Senta Vojvo\u0111anski ma\u0111arski zavod [&hellip;]<\/p>\n","protected":false},"author":1,"featured_media":0,"parent":0,"menu_order":0,"comment_status":"closed","ping_status":"closed","template":"","meta":{"footnotes":""},"_links":{"self":[{"href":"https:\/\/proscnat.org\/proscnat\/wp-json\/wp\/v2\/pages\/3724"}],"collection":[{"href":"https:\/\/proscnat.org\/proscnat\/wp-json\/wp\/v2\/pages"}],"about":[{"href":"https:\/\/proscnat.org\/proscnat\/wp-json\/wp\/v2\/types\/page"}],"author":[{"embeddable":true,"href":"https:\/\/proscnat.org\/proscnat\/wp-json\/wp\/v2\/users\/1"}],"replies":[{"embeddable":true,"href":"https:\/\/proscnat.org\/proscnat\/wp-json\/wp\/v2\/comments?post=3724"}],"version-history":[{"count":43,"href":"https:\/\/proscnat.org\/proscnat\/wp-json\/wp\/v2\/pages\/3724\/revisions"}],"predecessor-version":[{"id":5129,"href":"https:\/\/proscnat.org\/proscnat\/wp-json\/wp\/v2\/pages\/3724\/revisions\/5129"}],"wp:attachment":[{"href":"https:\/\/proscnat.org\/proscnat\/wp-json\/wp\/v2\/media?parent=3724"}],"curies":[{"name":"wp","href":"https:\/\/api.w.org\/{rel}","templated":true}]}}