{"id":409,"date":"2016-04-19T13:37:37","date_gmt":"2016-04-19T13:37:37","guid":{"rendered":"http:\/\/proscnat.tanuljkertesz.hu\/?page_id=409"},"modified":"2024-09-06T13:09:36","modified_gmt":"2024-09-06T13:09:36","slug":"oktatasi-tevekenyseg","status":"publish","type":"page","link":"https:\/\/proscnat.org\/proscnat\/oktatasi-tevekenyseg\/","title":{"rendered":"Oktat\u00e1si tev\u00e9kenys\u00e9g"},"content":{"rendered":"\t\t<div data-elementor-type=\"wp-page\" data-elementor-id=\"409\" class=\"elementor elementor-409\" data-elementor-post-type=\"page\">\n\t\t\t\t\t\t\t\t\t<section class=\"elementor-section elementor-top-section elementor-element elementor-element-58cae22 elementor-section-height-min-height elementor-section-boxed elementor-section-height-default elementor-section-items-middle\" data-id=\"58cae22\" data-element_type=\"section\" data-settings=\"{&quot;background_background&quot;:&quot;classic&quot;}\">\n\t\t\t\t\t\t\t<div class=\"elementor-background-overlay\"><\/div>\n\t\t\t\t\t\t\t<div class=\"elementor-container elementor-column-gap-default\">\n\t\t\t\t\t<div class=\"elementor-column elementor-col-100 elementor-top-column elementor-element elementor-element-49f363e0\" data-id=\"49f363e0\" data-element_type=\"column\">\n\t\t\t<div class=\"elementor-widget-wrap elementor-element-populated\">\n\t\t\t\t\t\t\t\t<div class=\"elementor-element elementor-element-55433076 elementor-invisible elementor-widget elementor-widget-heading\" data-id=\"55433076\" data-element_type=\"widget\" data-settings=\"{&quot;_animation&quot;:&quot;fadeIn&quot;}\" data-widget_type=\"heading.default\">\n\t\t\t\t<div class=\"elementor-widget-container\">\n\t\t\t<style>\/*! elementor - v3.17.0 - 25-10-2023 *\/\n.elementor-heading-title{padding:0;margin:0;line-height:1}.elementor-widget-heading .elementor-heading-title[class*=elementor-size-]>a{color:inherit;font-size:inherit;line-height:inherit}.elementor-widget-heading .elementor-heading-title.elementor-size-small{font-size:15px}.elementor-widget-heading .elementor-heading-title.elementor-size-medium{font-size:19px}.elementor-widget-heading .elementor-heading-title.elementor-size-large{font-size:29px}.elementor-widget-heading .elementor-heading-title.elementor-size-xl{font-size:39px}.elementor-widget-heading .elementor-heading-title.elementor-size-xxl{font-size:59px}<\/style><h2 class=\"elementor-heading-title elementor-size-default\">Oktat\u00e1si tev\u00e9kenys\u00e9g<\/h2>\t\t<\/div>\n\t\t\t\t<\/div>\n\t\t\t\t<div class=\"elementor-element elementor-element-4739d1b3 elementor-icon-list--layout-inline elementor-align-center elementor-list-item-link-full_width elementor-invisible elementor-widget elementor-widget-icon-list\" data-id=\"4739d1b3\" data-element_type=\"widget\" data-settings=\"{&quot;_animation&quot;:&quot;fadeIn&quot;,&quot;_animation_delay&quot;:200}\" data-widget_type=\"icon-list.default\">\n\t\t\t\t<div class=\"elementor-widget-container\">\n\t\t\t<link rel=\"stylesheet\" href=\"https:\/\/proscnat.org\/proscnat\/wp-content\/plugins\/elementor\/assets\/css\/widget-icon-list.min.css\">\t\t<ul class=\"elementor-icon-list-items elementor-inline-items\">\n\t\t\t\t\t\t\t<li class=\"elementor-icon-list-item elementor-inline-item\">\n\t\t\t\t\t\t\t\t\t\t\t<a href=\"#\">\n\n\t\t\t\t\t\t\t\t\t\t\t<span class=\"elementor-icon-list-text\"><\/span>\n\t\t\t\t\t\t\t\t\t\t\t<\/a>\n\t\t\t\t\t\t\t\t\t<\/li>\n\t\t\t\t\t\t<\/ul>\n\t\t\t\t<\/div>\n\t\t\t\t<\/div>\n\t\t\t\t\t<\/div>\n\t\t<\/div>\n\t\t\t\t\t\t\t<\/div>\n\t\t<\/section>\n\t\t<div class=\"elementor-element elementor-element-6f59c62b e-flex e-con-boxed e-con e-parent\" data-id=\"6f59c62b\" data-element_type=\"container\" data-settings=\"{&quot;content_width&quot;:&quot;boxed&quot;}\" data-core-v316-plus=\"true\">\n\t\t\t\t\t<div class=\"e-con-inner\">\n\t\t\t\t<div class=\"elementor-element elementor-element-4dd64e88 elementor-widget elementor-widget-text-editor\" data-id=\"4dd64e88\" data-element_type=\"widget\" data-widget_type=\"text-editor.default\">\n\t\t\t\t<div class=\"elementor-widget-container\">\n\t\t\t<style>\/*! elementor - v3.17.0 - 25-10-2023 *\/\n.elementor-widget-text-editor.elementor-drop-cap-view-stacked .elementor-drop-cap{background-color:#69727d;color:#fff}.elementor-widget-text-editor.elementor-drop-cap-view-framed .elementor-drop-cap{color:#69727d;border:3px solid;background-color:transparent}.elementor-widget-text-editor:not(.elementor-drop-cap-view-default) .elementor-drop-cap{margin-top:8px}.elementor-widget-text-editor:not(.elementor-drop-cap-view-default) .elementor-drop-cap-letter{width:1em;height:1em}.elementor-widget-text-editor .elementor-drop-cap{float:left;text-align:center;line-height:1;font-size:50px}.elementor-widget-text-editor .elementor-drop-cap-letter{display:inline-block}<\/style>\t\t\t\t<p>A <strong>Pro Scientia Naturae Alap\u00edtv\u00e1ny<\/strong> megalap\u00edt\u00e1sa \u00f3ta biztos\u00edtja a felt\u00e9teleket a <strong>Magyar Agr\u00e1r- \u00e9s<\/strong><br \/><strong>\u00c9lettudom\u00e1nyi Egyetem<\/strong> \u00e9s jogel\u0151djei \u00e1ltal, a Vajdas\u00e1gi t\u00e9rs\u00e9gben lebonyol\u00edtott fels\u0151oktat\u00e1si<br \/>k\u00e9pz\u00e9sek r\u00e9sz\u00e9re. Jelenleg ezek a k\u00e9pz\u00e9sek a <strong>Kert\u00e9szm\u00e9rn\u00f6k<\/strong> \u00e9s <strong>Mez\u0151gazdas\u00e1gi m\u00e9rn\u00f6k<\/strong><br \/>alapszakok, valamint a <strong>Vid\u00e9kfejleszt\u00e9si agr\u00e1rm\u00e9rn\u00f6k<\/strong> \u00e9s <strong>Kert\u00e9szm\u00e9rn\u00f6k<\/strong> mesterszakok (<a href=\"https:\/\/proscnat.org\/kerteszeti\/\" target=\"_blank\" rel=\"noopener\">https:\/\/proscnat.org\/kerteszeti<\/a>).<\/p><p><br \/>Az egyetemi k\u00e9pz\u00e9s mellett az Alap\u00edtv\u00e1ny feln\u0151ttk\u00e9pz\u00e9si programok elk\u00e9sz\u00edt\u00e9s\u00e9t \u00e9s<br \/>megval\u00f3s\u00edt\u00e1s\u00e1t is v\u00e1llalja, erre p\u00e9lda az el\u0151z\u0151 \u00e9vekben oktatott Integr\u00e1lt n\u00f6v\u00e9nyv\u00e9delem c\u00edm\u0171<br \/>k\u00e9pz\u00e9s, de sz\u00e1mos akkredit\u00e1lt online k\u00e9pz\u00e9s \u00e9s digit\u00e1lis tananyag is k\u00e9sz\u00fclt k\u00fcl\u00f6nb\u00f6z\u0151 megb\u00edz\u00f3k<br \/>megrendel\u00e9s\u00e9re, ilyenek pl:<\/p><p><a href=\"http:\/\/www.kepzes.prosperitati.rs\" target=\"_blank\" rel=\"noopener\">www.kepzes.prosperitati.rs<\/a><\/p><p><a href=\"http:\/\/www.vallalkozzvajdasag.prosperitati.rs\" target=\"_blank\" rel=\"noopener\">www.vallalkozzvajdasag.prosperitati.rs<\/a><\/p><p><a href=\"http:\/\/www.generaciovaltas.prosperitati.rs\" target=\"_blank\" rel=\"noopener\">www.generaciovaltas.prosperitati.rs<\/a><\/p><p>Az \u00e9v folyam\u00e1n k\u00fcl\u00f6nb\u00f6z\u0151 \u00fcnnepekhez vagy n\u00e9pszok\u00e1sokhoz kapcsol\u00f3d\u00f3an tanfolyamok<br \/>megszervez\u00e9s\u00e9t is v\u00e1llatuk, ilyenek pl. a vir\u00e1gk\u00f6t\u00e9szeti tanfolyamok, a metsz\u00e9si tanfolyam stb.<\/p>\t\t\t\t\t\t<\/div>\n\t\t\t\t<\/div>\n\t\t\t\t\t<\/div>\n\t\t\t\t<\/div>\n\t\t\t\t\t\t\t<\/div>\n\t\t","protected":false},"excerpt":{"rendered":"<p>Oktat\u00e1si tev\u00e9kenys\u00e9g A Pro Scientia Naturae Alap\u00edtv\u00e1ny megalap\u00edt\u00e1sa \u00f3ta biztos\u00edtja a felt\u00e9teleket a Magyar Agr\u00e1r- \u00e9s\u00c9lettudom\u00e1nyi Egyetem \u00e9s jogel\u0151djei \u00e1ltal, a Vajdas\u00e1gi t\u00e9rs\u00e9gben lebonyol\u00edtott fels\u0151oktat\u00e1sik\u00e9pz\u00e9sek r\u00e9sz\u00e9re. Jelenleg ezek a k\u00e9pz\u00e9sek a Kert\u00e9szm\u00e9rn\u00f6k \u00e9s Mez\u0151gazdas\u00e1gi m\u00e9rn\u00f6kalapszakok, valamint a Vid\u00e9kfejleszt\u00e9si agr\u00e1rm\u00e9rn\u00f6k \u00e9s Kert\u00e9szm\u00e9rn\u00f6k mesterszakok (https:\/\/proscnat.org\/kerteszeti). Az egyetemi k\u00e9pz\u00e9s mellett az Alap\u00edtv\u00e1ny feln\u0151ttk\u00e9pz\u00e9si programok elk\u00e9sz\u00edt\u00e9s\u00e9t \u00e9smegval\u00f3s\u00edt\u00e1s\u00e1t is v\u00e1llalja, [&hellip;]<\/p>\n","protected":false},"author":3,"featured_media":0,"parent":0,"menu_order":0,"comment_status":"closed","ping_status":"closed","template":"","meta":{"footnotes":""},"_links":{"self":[{"href":"https:\/\/proscnat.org\/proscnat\/wp-json\/wp\/v2\/pages\/409"}],"collection":[{"href":"https:\/\/proscnat.org\/proscnat\/wp-json\/wp\/v2\/pages"}],"about":[{"href":"https:\/\/proscnat.org\/proscnat\/wp-json\/wp\/v2\/types\/page"}],"author":[{"embeddable":true,"href":"https:\/\/proscnat.org\/proscnat\/wp-json\/wp\/v2\/users\/3"}],"replies":[{"embeddable":true,"href":"https:\/\/proscnat.org\/proscnat\/wp-json\/wp\/v2\/comments?post=409"}],"version-history":[{"count":25,"href":"https:\/\/proscnat.org\/proscnat\/wp-json\/wp\/v2\/pages\/409\/revisions"}],"predecessor-version":[{"id":5094,"href":"https:\/\/proscnat.org\/proscnat\/wp-json\/wp\/v2\/pages\/409\/revisions\/5094"}],"wp:attachment":[{"href":"https:\/\/proscnat.org\/proscnat\/wp-json\/wp\/v2\/media?parent=409"}],"curies":[{"name":"wp","href":"https:\/\/api.w.org\/{rel}","templated":true}]}}