{"id":4324,"date":"2024-03-18T10:45:54","date_gmt":"2024-03-18T10:45:54","guid":{"rendered":"https:\/\/proscnat.org\/proscnat\/?page_id=4324"},"modified":"2024-07-22T09:52:13","modified_gmt":"2024-07-22T09:52:13","slug":"a-penz-ezer-arca","status":"publish","type":"page","link":"https:\/\/proscnat.org\/proscnat\/programok\/a-penz-ezer-arca\/","title":{"rendered":"A p\u00e9nz ezer arca"},"content":{"rendered":"\t\t<div data-elementor-type=\"wp-page\" data-elementor-id=\"4324\" class=\"elementor elementor-4324\" data-elementor-post-type=\"page\">\n\t\t\t\t\t\t\t\t\t<section class=\"elementor-section elementor-top-section elementor-element elementor-element-29282090 elementor-section-height-min-height elementor-section-boxed elementor-section-height-default elementor-section-items-middle\" data-id=\"29282090\" data-element_type=\"section\" data-settings=\"{&quot;background_background&quot;:&quot;classic&quot;}\">\n\t\t\t\t\t\t\t<div class=\"elementor-background-overlay\"><\/div>\n\t\t\t\t\t\t\t<div class=\"elementor-container elementor-column-gap-default\">\n\t\t\t\t\t<div class=\"elementor-column elementor-col-100 elementor-top-column elementor-element elementor-element-1619595\" data-id=\"1619595\" data-element_type=\"column\">\n\t\t\t<div class=\"elementor-widget-wrap elementor-element-populated\">\n\t\t\t\t\t\t\t\t<div class=\"elementor-element elementor-element-5b0c4b81 elementor-invisible elementor-widget elementor-widget-heading\" data-id=\"5b0c4b81\" data-element_type=\"widget\" data-settings=\"{&quot;_animation&quot;:&quot;fadeIn&quot;}\" data-widget_type=\"heading.default\">\n\t\t\t\t<div class=\"elementor-widget-container\">\n\t\t\t<style>\/*! elementor - v3.17.0 - 25-10-2023 *\/\n.elementor-heading-title{padding:0;margin:0;line-height:1}.elementor-widget-heading .elementor-heading-title[class*=elementor-size-]>a{color:inherit;font-size:inherit;line-height:inherit}.elementor-widget-heading .elementor-heading-title.elementor-size-small{font-size:15px}.elementor-widget-heading .elementor-heading-title.elementor-size-medium{font-size:19px}.elementor-widget-heading .elementor-heading-title.elementor-size-large{font-size:29px}.elementor-widget-heading .elementor-heading-title.elementor-size-xl{font-size:39px}.elementor-widget-heading .elementor-heading-title.elementor-size-xxl{font-size:59px}<\/style><h2 class=\"elementor-heading-title elementor-size-default\">A p\u00e9nz ezer arca<\/h2>\t\t<\/div>\n\t\t\t\t<\/div>\n\t\t\t\t<div class=\"elementor-element elementor-element-1223f066 elementor-icon-list--layout-inline elementor-align-center elementor-list-item-link-full_width elementor-invisible elementor-widget elementor-widget-icon-list\" data-id=\"1223f066\" data-element_type=\"widget\" data-settings=\"{&quot;_animation&quot;:&quot;fadeIn&quot;,&quot;_animation_delay&quot;:200}\" data-widget_type=\"icon-list.default\">\n\t\t\t\t<div class=\"elementor-widget-container\">\n\t\t\t<link rel=\"stylesheet\" href=\"https:\/\/proscnat.org\/proscnat\/wp-content\/plugins\/elementor\/assets\/css\/widget-icon-list.min.css\">\t\t<ul class=\"elementor-icon-list-items elementor-inline-items\">\n\t\t\t\t\t\t\t<li class=\"elementor-icon-list-item elementor-inline-item\">\n\t\t\t\t\t\t\t\t\t\t\t<a href=\"#\">\n\n\t\t\t\t\t\t\t\t\t\t\t<span class=\"elementor-icon-list-text\">Programok > A p\u00e9nz ezer arca (2022)<\/span>\n\t\t\t\t\t\t\t\t\t\t\t<\/a>\n\t\t\t\t\t\t\t\t\t<\/li>\n\t\t\t\t\t\t<\/ul>\n\t\t\t\t<\/div>\n\t\t\t\t<\/div>\n\t\t\t\t\t<\/div>\n\t\t<\/div>\n\t\t\t\t\t\t\t<\/div>\n\t\t<\/section>\n\t\t<div class=\"elementor-element elementor-element-479c69d5 e-flex e-con-boxed e-con e-parent\" data-id=\"479c69d5\" data-element_type=\"container\" data-settings=\"{&quot;content_width&quot;:&quot;boxed&quot;}\" data-core-v316-plus=\"true\">\n\t\t\t\t\t<div class=\"e-con-inner\">\n\t\t\t\t<div class=\"elementor-element elementor-element-31416234 elementor-widget elementor-widget-text-editor\" data-id=\"31416234\" data-element_type=\"widget\" data-widget_type=\"text-editor.default\">\n\t\t\t\t<div class=\"elementor-widget-container\">\n\t\t\t<style>\/*! elementor - v3.17.0 - 25-10-2023 *\/\n.elementor-widget-text-editor.elementor-drop-cap-view-stacked .elementor-drop-cap{background-color:#69727d;color:#fff}.elementor-widget-text-editor.elementor-drop-cap-view-framed .elementor-drop-cap{color:#69727d;border:3px solid;background-color:transparent}.elementor-widget-text-editor:not(.elementor-drop-cap-view-default) .elementor-drop-cap{margin-top:8px}.elementor-widget-text-editor:not(.elementor-drop-cap-view-default) .elementor-drop-cap-letter{width:1em;height:1em}.elementor-widget-text-editor .elementor-drop-cap{float:left;text-align:center;line-height:1;font-size:50px}.elementor-widget-text-editor .elementor-drop-cap-letter{display:inline-block}<\/style>\t\t\t\t<h3><strong>A p\u00e9nz ezer arca:<\/strong><\/h3><p><img decoding=\"async\" loading=\"lazy\" class=\"alignnone wp-image-4678 size-large\" src=\"https:\/\/proscnat.org\/proscnat\/wp-content\/uploads\/sites\/4\/2024\/07\/A-penz-ezer-arca1-731x1024.jpg\" alt=\"\" width=\"731\" height=\"1024\" srcset=\"https:\/\/proscnat.org\/proscnat\/wp-content\/uploads\/sites\/4\/2024\/07\/A-penz-ezer-arca1-731x1024.jpg 731w, https:\/\/proscnat.org\/proscnat\/wp-content\/uploads\/sites\/4\/2024\/07\/A-penz-ezer-arca1-214x300.jpg 214w, https:\/\/proscnat.org\/proscnat\/wp-content\/uploads\/sites\/4\/2024\/07\/A-penz-ezer-arca1-768x1075.jpg 768w, https:\/\/proscnat.org\/proscnat\/wp-content\/uploads\/sites\/4\/2024\/07\/A-penz-ezer-arca1-1097x1536.jpg 1097w, https:\/\/proscnat.org\/proscnat\/wp-content\/uploads\/sites\/4\/2024\/07\/A-penz-ezer-arca1-1463x2048.jpg 1463w, https:\/\/proscnat.org\/proscnat\/wp-content\/uploads\/sites\/4\/2024\/07\/A-penz-ezer-arca1-scaled.jpg 1829w\" sizes=\"(max-width: 731px) 100vw, 731px\" \/><\/p><p style=\"font-weight: 400;\">Napjainkban egyre t\u00f6bb \u00e1ru \u00e9s szolg\u00e1ltat\u00e1s \u00e9rhet\u0151 el, v\u00e1s\u00e1rolhat\u00f3 meg \u00e9s fizethet\u0151 ki interneten kereszt\u00fcl. Ezzel p\u00e1rhuzamosan a bankok \u00e9s a munkaad\u00f3k k\u00edn\u00e1latai is diferenci\u00e1l\u00f3dnak ezen a t\u00e9ren. Programunk c\u00e9lja az, hogy a k\u00f6z\u00e9piskolai oktat\u00f3kkal \u00e9s a di\u00e1kokkal egyar\u00e1nt megismertess\u00fck a p\u00e9nz \u00e9s a vele val\u00f3 gazd\u00e1lkod\u00e1s k\u00fcl\u00f6nb\u00f6z\u0151 lehet\u0151s\u00e9geit, mellyel hozz\u00e1j\u00e1rulunk a fiatal gener\u00e1ci\u00f3 sikeresebb gazd\u00e1lkod\u00e1s\u00e1hoz, \u00f6n\u00e1ll\u00f3sul\u00e1s\u00e1hoz, boldogul\u00e1s\u00e1hoz. A p\u00e9nzzel kapcsolatos ismereteket minden esetben a hazai felt\u00e9telrendszerhez igaz\u00edtjuk az itteni jogi k\u00f6rnyezet figyelembev\u00e9tel\u00e9vel. A hazai lehet\u0151s\u00e9gek mellett viszont felvonultatunk k\u00fclf\u00f6ldi p\u00e9ld\u00e1kat is, amelyek az \u00e1gazat j\u00f6v\u0151beni \u00fatj\u00e1t jelezhetik a tanul\u00f3k sz\u00e1m\u00e1ra. A program \u00e9rdekes lehet minden k\u00f6z\u00e9piskolai szak\u00e1gazat sz\u00e1m\u00e1ra, k\u00fcl\u00f6n\u00f6sk\u00e9ppen a k\u00f6zgazdas\u00e1gi szakon tanul\u00f3knak \u00e9s oktat\u00f3iknak, valamint a szakiskol\u00e1k tan\u00e1rainak \u00e9s di\u00e1kjainak, akik \u00f6n\u00e1ll\u00f3 gazd\u00e1lkod\u00e1sra k\u00e9sz\u00fclnek fel tanulm\u00e1nyaik sor\u00e1n. A program magyar \u00e9s szerb nyelven k\u00e9sz\u00fclt el, nyomtatott plak\u00e1t \u00e9s digit\u00e1lis oktat\u00e1si platform haszn\u00e1lat\u00e1val.<\/p><p style=\"font-weight: 400;\">A program kidolgoz\u00e1s\u00e1t \u00e9s magval\u00f3s\u00edt\u00e1s\u00e1t a <strong>Szerb K\u00f6zt\u00e1rsas\u00e1g Oktat\u00e1si Miniszt\u00e9riuma<\/strong> t\u00e1mogatta.<\/p><p>\u00a0<\/p><p><strong>A program online fel\u00fclete az al\u00e1bbi linken \u00e9rhet\u0151 el:<\/strong><\/p><p><a href=\"https:\/\/elearning.easygenerator.com\/6b97f7ea-2254-4f6a-adbc-29b2cffe4a3b\/\">https:\/\/elearning.easygenerator.com\/6b97f7ea-2254-4f6a-adbc-29b2cffe4a3b\/<\/a><\/p>\t\t\t\t\t\t<\/div>\n\t\t\t\t<\/div>\n\t\t\t\t\t<\/div>\n\t\t\t\t<\/div>\n\t\t\t\t\t\t\t<\/div>\n\t\t","protected":false},"excerpt":{"rendered":"<p>A p\u00e9nz ezer arca Programok > A p\u00e9nz ezer arca (2022) A p\u00e9nz ezer arca: Napjainkban egyre t\u00f6bb \u00e1ru \u00e9s szolg\u00e1ltat\u00e1s \u00e9rhet\u0151 el, v\u00e1s\u00e1rolhat\u00f3 meg \u00e9s fizethet\u0151 ki interneten kereszt\u00fcl. Ezzel p\u00e1rhuzamosan a bankok \u00e9s a munkaad\u00f3k k\u00edn\u00e1latai is diferenci\u00e1l\u00f3dnak ezen a t\u00e9ren. Programunk c\u00e9lja az, hogy a k\u00f6z\u00e9piskolai oktat\u00f3kkal \u00e9s a di\u00e1kokkal egyar\u00e1nt megismertess\u00fck [&hellip;]<\/p>\n","protected":false},"author":4,"featured_media":0,"parent":3535,"menu_order":0,"comment_status":"closed","ping_status":"closed","template":"","meta":{"footnotes":""},"_links":{"self":[{"href":"https:\/\/proscnat.org\/proscnat\/wp-json\/wp\/v2\/pages\/4324"}],"collection":[{"href":"https:\/\/proscnat.org\/proscnat\/wp-json\/wp\/v2\/pages"}],"about":[{"href":"https:\/\/proscnat.org\/proscnat\/wp-json\/wp\/v2\/types\/page"}],"author":[{"embeddable":true,"href":"https:\/\/proscnat.org\/proscnat\/wp-json\/wp\/v2\/users\/4"}],"replies":[{"embeddable":true,"href":"https:\/\/proscnat.org\/proscnat\/wp-json\/wp\/v2\/comments?post=4324"}],"version-history":[{"count":22,"href":"https:\/\/proscnat.org\/proscnat\/wp-json\/wp\/v2\/pages\/4324\/revisions"}],"predecessor-version":[{"id":4724,"href":"https:\/\/proscnat.org\/proscnat\/wp-json\/wp\/v2\/pages\/4324\/revisions\/4724"}],"up":[{"embeddable":true,"href":"https:\/\/proscnat.org\/proscnat\/wp-json\/wp\/v2\/pages\/3535"}],"wp:attachment":[{"href":"https:\/\/proscnat.org\/proscnat\/wp-json\/wp\/v2\/media?parent=4324"}],"curies":[{"name":"wp","href":"https:\/\/api.w.org\/{rel}","templated":true}]}}