{"id":461,"date":"2016-04-19T15:20:31","date_gmt":"2016-04-19T15:20:31","guid":{"rendered":"http:\/\/proscnat.tanuljkertesz.hu\/?page_id=461"},"modified":"2024-03-19T10:33:21","modified_gmt":"2024-03-19T10:33:21","slug":"a-kuratorium-ugyrendje","status":"publish","type":"page","link":"https:\/\/proscnat.org\/proscnat\/rolunk\/a-kuratorium-ugyrendje\/","title":{"rendered":"A Kurat\u00f3rium \u00fcgyrendje"},"content":{"rendered":"\t\t<div data-elementor-type=\"wp-page\" data-elementor-id=\"461\" class=\"elementor elementor-461\" data-elementor-post-type=\"page\">\n\t\t\t\t\t\t\t\t\t<section class=\"elementor-section elementor-top-section elementor-element elementor-element-5bcf0704 elementor-section-height-min-height elementor-section-boxed elementor-section-height-default elementor-section-items-middle\" data-id=\"5bcf0704\" data-element_type=\"section\" data-settings=\"{&quot;background_background&quot;:&quot;classic&quot;}\">\n\t\t\t\t\t\t\t<div class=\"elementor-background-overlay\"><\/div>\n\t\t\t\t\t\t\t<div class=\"elementor-container elementor-column-gap-default\">\n\t\t\t\t\t<div class=\"elementor-column elementor-col-100 elementor-top-column elementor-element elementor-element-235499c2\" data-id=\"235499c2\" data-element_type=\"column\">\n\t\t\t<div class=\"elementor-widget-wrap elementor-element-populated\">\n\t\t\t\t\t\t\t\t<div class=\"elementor-element elementor-element-7c1a468e elementor-invisible elementor-widget elementor-widget-heading\" data-id=\"7c1a468e\" data-element_type=\"widget\" data-settings=\"{&quot;_animation&quot;:&quot;fadeIn&quot;}\" data-widget_type=\"heading.default\">\n\t\t\t\t<div class=\"elementor-widget-container\">\n\t\t\t<style>\/*! elementor - v3.17.0 - 25-10-2023 *\/\n.elementor-heading-title{padding:0;margin:0;line-height:1}.elementor-widget-heading .elementor-heading-title[class*=elementor-size-]>a{color:inherit;font-size:inherit;line-height:inherit}.elementor-widget-heading .elementor-heading-title.elementor-size-small{font-size:15px}.elementor-widget-heading .elementor-heading-title.elementor-size-medium{font-size:19px}.elementor-widget-heading .elementor-heading-title.elementor-size-large{font-size:29px}.elementor-widget-heading .elementor-heading-title.elementor-size-xl{font-size:39px}.elementor-widget-heading .elementor-heading-title.elementor-size-xxl{font-size:59px}<\/style><h2 class=\"elementor-heading-title elementor-size-default\">A Kurat\u00f3rium \u00fcgyrendje<\/h2>\t\t<\/div>\n\t\t\t\t<\/div>\n\t\t\t\t<div class=\"elementor-element elementor-element-68b97b49 elementor-icon-list--layout-inline elementor-align-center elementor-list-item-link-full_width elementor-invisible elementor-widget elementor-widget-icon-list\" data-id=\"68b97b49\" data-element_type=\"widget\" data-settings=\"{&quot;_animation&quot;:&quot;fadeIn&quot;,&quot;_animation_delay&quot;:200}\" data-widget_type=\"icon-list.default\">\n\t\t\t\t<div class=\"elementor-widget-container\">\n\t\t\t<link rel=\"stylesheet\" href=\"https:\/\/proscnat.org\/proscnat\/wp-content\/plugins\/elementor\/assets\/css\/widget-icon-list.min.css\">\t\t<ul class=\"elementor-icon-list-items elementor-inline-items\">\n\t\t\t\t\t\t\t<li class=\"elementor-icon-list-item elementor-inline-item\">\n\t\t\t\t\t\t\t\t\t\t\t<a href=\"#\">\n\n\t\t\t\t\t\t\t\t\t\t\t<span class=\"elementor-icon-list-text\">R\u00f3lunk<\/span>\n\t\t\t\t\t\t\t\t\t\t\t<\/a>\n\t\t\t\t\t\t\t\t\t<\/li>\n\t\t\t\t\t\t\t\t<li class=\"elementor-icon-list-item elementor-inline-item\">\n\t\t\t\t\t\t\t\t\t\t\t<a href=\"#\">\n\n\t\t\t\t\t\t\t\t\t\t\t\t<span class=\"elementor-icon-list-icon\">\n\t\t\t\t\t\t\t<i aria-hidden=\"true\" class=\"icon icon-right-arrow1\"><\/i>\t\t\t\t\t\t<\/span>\n\t\t\t\t\t\t\t\t\t\t<span class=\"elementor-icon-list-text\">A kurat\u00f3rium \u00fcgyrendje<\/span>\n\t\t\t\t\t\t\t\t\t\t\t<\/a>\n\t\t\t\t\t\t\t\t\t<\/li>\n\t\t\t\t\t\t<\/ul>\n\t\t\t\t<\/div>\n\t\t\t\t<\/div>\n\t\t\t\t\t<\/div>\n\t\t<\/div>\n\t\t\t\t\t\t\t<\/div>\n\t\t<\/section>\n\t\t<div class=\"elementor-element elementor-element-69c2d2ec e-flex e-con-boxed e-con e-parent\" data-id=\"69c2d2ec\" data-element_type=\"container\" data-settings=\"{&quot;content_width&quot;:&quot;boxed&quot;}\" data-core-v316-plus=\"true\">\n\t\t\t\t\t<div class=\"e-con-inner\">\n\t\t\t\t<div class=\"elementor-element elementor-element-c7b237e elementor-widget elementor-widget-text-editor\" data-id=\"c7b237e\" data-element_type=\"widget\" data-widget_type=\"text-editor.default\">\n\t\t\t\t<div class=\"elementor-widget-container\">\n\t\t\t<style>\/*! elementor - v3.17.0 - 25-10-2023 *\/\n.elementor-widget-text-editor.elementor-drop-cap-view-stacked .elementor-drop-cap{background-color:#69727d;color:#fff}.elementor-widget-text-editor.elementor-drop-cap-view-framed .elementor-drop-cap{color:#69727d;border:3px solid;background-color:transparent}.elementor-widget-text-editor:not(.elementor-drop-cap-view-default) .elementor-drop-cap{margin-top:8px}.elementor-widget-text-editor:not(.elementor-drop-cap-view-default) .elementor-drop-cap-letter{width:1em;height:1em}.elementor-widget-text-editor .elementor-drop-cap{float:left;text-align:center;line-height:1;font-size:50px}.elementor-widget-text-editor .elementor-drop-cap-letter{display:inline-block}<\/style>\t\t\t\t<header class=\"entry-header page-header\">\n<h3 class=\"entry-title\">A Kurat\u00f3rium \u00fcgyrendje<\/h3>\n<\/header>A zentai Pro Scientia Naturae Alap\u00edtv\u00e1ny (tov\u00e1bbiakban: Alap\u00edtv\u00e1ny) Alapszab\u00e1ly\u00e1nak 11. szakasza alapj\u00e1n az Alap\u00edtv\u00e1ny Kurat\u00f3riuma 2015.11.12- \u00e9n, Zent\u00e1n megtartott \u00fcl\u00e9s\u00e9n meghozza a\n<p style=\"text-align: center;\"><strong>PRO SCIENTIA NATURAE ALAP\u00cdTV\u00c1NY <\/strong>\n<strong>KURAT\u00d3RIUM\u00c1NAK \u00dcGYRENDJ\u00c9T<\/strong><\/p>\n<p style=\"text-align: center;\">I. \u00c1LTAL\u00c1NOS RENDELKEZ\u00c9SEK<\/p>\n<p style=\"text-align: center;\"><strong>1. szakasz<\/strong><\/p>\n<p style=\"text-align: justify;\">Ezen \u00dcgyrenddel a zentai Pro Scientia Naturae Alap\u00edtv\u00e1ny Kurat\u00f3rium\u00e1nak (a tov\u00e1bbiakban: Kurat\u00f3rium) munkam\u00f3dja \u00e9s d\u00f6nt\u00e9shozatala ker\u00fcl rendez\u00e9sre.<\/p>\n<p style=\"text-align: center;\"><strong>2. szakasz<\/strong><\/p>\n<p style=\"text-align: justify;\">A Kurat\u00f3rium \u00f6sszet\u00e9tel\u00e9t \u00e9s hat\u00e1sk\u00f6r\u00e9t az Alap\u00edtv\u00e1ny Alapszab\u00e1lya szab\u00e1lyozza.<\/p>\n<p style=\"text-align: center;\">II. AZ \u00dcL\u00c9SEK \u00d6SSZEH\u00cdV\u00c1SA<\/p>\n<p style=\"text-align: center;\"><strong>3. szakasz<\/strong><\/p>\n<p style=\"text-align: justify;\">A Kurat\u00f3rium \u00fcl\u00e9seken hozza meg d\u00f6nt\u00e9seit, kiv\u00e9ve ha az ezen \u00dcgyrend, illetve az Alap\u00edtv\u00e1ny Alapszab\u00e1lya m\u00e1sk\u00e9nt nem rendelkezik.<\/p>\n<p style=\"text-align: justify;\">A Kurat\u00f3rium \u00fcl\u00e9seit a Kurat\u00f3rium eln\u00f6ke, t\u00e1voll\u00e9t\u00e9ben az \u00e1ltala meghatalmazott szem\u00e9ly h\u00edvja \u00f6ssze.<\/p>\n<p style=\"text-align: justify;\">A Kurat\u00f3rium \u00fcl\u00e9s\u00e9t legkevesebb k\u00e9t kurat\u00f3riumi tag ind\u00edtv\u00e1ny\u00e1ra is \u00f6ssze kell h\u00edvni, mely esetben az ind\u00edtv\u00e1nynak tartalmaznia kell a javasolt napirendi pontokat.<\/p>\n<p style=\"text-align: justify;\">Az \u00fcl\u00e9sek \u00f6sszeh\u00edv\u00e1sa \u00edr\u00e1sos (teh\u00e1t nem sz\u00f3beli) megh\u00edv\u00f3val t\u00f6rt\u00e9nik legkevesebb 3 (h\u00e1rom) nappal az \u00fcl\u00e9s megtart\u00e1s\u00e1nak kijel\u00f6lt id\u0151pontja el\u0151tt.<\/p>\n<p style=\"text-align: justify;\">S\u00fcrg\u0151s esetekben rendk\u00edv\u00fcli \u00fcl\u00e9s is \u00f6sszeh\u00edvhat\u00f3 telefonon vagy m\u00e1s telekommunik\u00e1ci\u00f3s eszk\u00f6z seg\u00edts\u00e9g\u00e9vel legfeljebb az \u00fcl\u00e9st megel\u0151z\u0151 napon, a napirend sz\u00f3beli ismertet\u00e9se ut\u00e1n.<\/p>\n<p style=\"text-align: justify;\">A Kurat\u00f3rium \u00fcl\u00e9sein a Kurat\u00f3rium eln\u00f6k\u00e9nek d\u00f6nt\u00e9se alapj\u00e1n tan\u00e1cskoz\u00e1si joggal r\u00e9szt vehetnek olyan szem\u00e9lyek is, akik nem tagjai a Kurat\u00f3riumnak. \u00a0A Kurat\u00f3rium \u00fcl\u00e9seire meg kell h\u00edvni az Alap\u00edtv\u00e1ny eln\u00f6k\u00e9t \u00e9s tiszteletbeli tagjait, akik tan\u00e1cskoz\u00e1si joggal vesznek r\u00e9szt az \u00fcl\u00e9seken.<\/p>\n<p style=\"text-align: justify;\">Az \u00fcl\u00e9s sz\u00fcks\u00e9g szerint ker\u00fcl \u00f6sszeh\u00edv\u00e1sra a hat\u00e1lyos el\u0151\u00edr\u00e1sokkal \u00f6sszhangban, de minden esetben amikor az sz\u00fcks\u00e9ges a t\u00f6rv\u00e9nyes m\u0171k\u00f6d\u00e9s biztos\u00edt\u00e1sa \u00e9rdek\u00e9ben.<\/p>\n<p style=\"text-align: center;\">III. NAPIREND<\/p>\n<p style=\"text-align: center;\"><strong>4. szakasz<\/strong><\/p>\n<p style=\"text-align: justify;\">Az \u00fcl\u00e9sek megh\u00edv\u00f3ihoz mell\u00e9kelni kell a napirendi el\u0151terjeszt\u00e9seket.<\/p>\n<p style=\"text-align: justify;\">A napirendi pontokat a Kurat\u00f3rium eln\u00f6ke \u00e9s kiv\u00e9teles esetekben jelen \u00dcgyrend 3. szakasza 3. bekezd\u00e9se szerint a kurat\u00f3rium tagja terjeszti el\u0151.<\/p>\n<p style=\"text-align: justify;\">A napirendi pontokhoz, melyekr\u0151l a Kurat\u00f3rium d\u00f6nt\u00e9st hoz, a napirendi pont el\u0151terjeszt\u0151j\u00e9nek mell\u00e9kelnie kell a h\u00e1tt\u00e9r-dokument\u00e1ci\u00f3t \u00e9s lehet\u0151s\u00e9g szerint a javaslat sz\u00f6veg\u00e9t is.<\/p>\n<p style=\"text-align: center;\">IV. A KURAT\u00d3RIUM \u00dcL\u00c9SE, TAN\u00c1CSKOZ\u00c1SA \u00c9S HAT\u00c1ROZATHOZATALA<\/p>\n<p style=\"text-align: center;\"><strong>5. szakasz<\/strong><\/p>\n<p style=\"text-align: justify;\">A Kurat\u00f3rium \u00fcl\u00e9seit a Kurat\u00f3rium eln\u00f6ke, t\u00e1voll\u00e9t\u00e9ben az \u00e1ltala meghatalmazott szem\u00e9ly vezeti. A Kurat\u00f3rium k\u00e9pviselet\u00e9t a Kurat\u00f3rium eln\u00f6ke, t\u00e1voll\u00e9t\u00e9ben az \u00e1ltala meghatalmazott szem\u00e9ly l\u00e1tja el az Alap\u00edtv\u00e1ny Alapszab\u00e1ly\u00e1val \u00f6sszhangban.<\/p>\n<p style=\"text-align: justify;\">Az \u00fcl\u00e9s napirendj\u00e9r\u0151l a Kurat\u00f3rium vita n\u00e9lk\u00fcl hat\u00e1roz.<\/p>\n<p style=\"text-align: justify;\">Az \u00fcl\u00e9s napirendje egyes pontjainak megt\u00e1rgyal\u00e1sa, illetve az abban sz\u00fcks\u00e9ges d\u00f6nt\u00e9shozatal kell\u0151 megindokol\u00e1sa mellett elnapolhat\u00f3.<\/p>\n<p style=\"text-align: center;\"><strong>6. szakasz<\/strong><\/p>\n<p style=\"text-align: justify;\">A Kurat\u00f3rium hat\u00e1rozatk\u00e9pess\u00e9g\u00e9hez a kurat\u00f3riumi tagok t\u00f6bbs\u00e9g\u00e9nek a jelenl\u00e9te sz\u00fcks\u00e9ges, kiv\u00e9ve ha ezen \u00dcgyrend \u00e9s az Alap\u00edtv\u00e1ny Alapszab\u00e1lya m\u00e1sk\u00e9nt nem rendelkezik.<\/p>\n<p style=\"text-align: center;\"><strong>7. szakasz<\/strong><\/p>\n<p style=\"text-align: justify;\">A d\u00f6nt\u00e9shozatalt minden esetben megel\u0151zi a napirend el\u0151terjeszt\u00e9se a sz\u00fcks\u00e9ges indokl\u00e1ssal.<\/p>\n<p style=\"text-align: justify;\">A Kurat\u00f3rium tagjai ezut\u00e1n vit\u00e1t kezdem\u00e9nyezhetnek, illetve kifejthetik \u00e1ll\u00e1spontjukat \u00e9s \u00e9szrev\u00e9teleiket a napirenddel kapcsolatban.<\/p>\n<p style=\"text-align: justify;\">A vita szigor\u00faan csak a d\u00f6nt\u00e9shozatal t\u00e1rgy\u00e1ra korl\u00e1toz\u00f3dhat.<\/p>\n<p style=\"text-align: justify;\">A vita folyam\u00e1n a Kurat\u00f3rium tagjai a napirendi ponttal kapcsolatosan m\u00f3dos\u00edt\u00e1si javaslattal \u00e9lhetnek.<\/p>\n<p style=\"text-align: center;\"><strong>8. szakasz<\/strong><\/p>\n<p style=\"text-align: justify;\">A Kurat\u00f3rium a d\u00f6nt\u00e9seit a jelen l\u00e9v\u0151 tagok szavazatt\u00f6bbs\u00e9g\u00e9vel hozza meg, kiv\u00e9ve ha ezen \u00dcgyrend \u00e9s az Alap\u00edtv\u00e1ny Alapszab\u00e1lya m\u00e1sk\u00e9nt nem rendelkezik.<\/p>\n<p style=\"text-align: justify;\">A Kurat\u00f3rium eln\u00f6k\u00e9nek, illetve t\u00f6bbi tagja mindegyik\u00e9nek egy-egy szavazata van.<\/p>\n<p style=\"text-align: justify;\">Szavazategyenl\u0151s\u00e9g eset\u00e9n a Kurat\u00f3rium eln\u00f6k\u00e9nek, t\u00e1voll\u00e9t\u00e9ben az \u00fcl\u00e9st vezet\u0151 szem\u00e9lynek a szavazata d\u00f6nt.<\/p>\n<p style=\"text-align: center;\"><strong>9. szakasz<\/strong><\/p>\n<p style=\"text-align: justify;\">A Kurat\u00f3rium a d\u00f6nt\u00e9seit ny\u00edlt szavaz\u00e1ssal hozza.<\/p>\n<p style=\"text-align: justify;\">A Kurat\u00f3rium a d\u00f6nt\u00e9seit \u00edr\u00e1sos form\u00e1ban a jegyz\u0151k\u00f6nyv tartalmazza.<\/p>\n<p style=\"text-align: center;\">V. D\u00d6NT\u00c9SHOZATAL KIV\u00c9TELES ESETEKBEN<\/p>\n<p style=\"text-align: center;\"><strong>10. szakasz<\/strong><\/p>\n<p style=\"text-align: justify;\">A Kurat\u00f3rium eln\u00f6ke kezdem\u00e9nyezheti az elektronikus posta (e-mail) \u00fatj\u00e1n t\u00f6rt\u00e9n\u0151 d\u00f6nt\u00e9shozatalt az \u00e1ltala meghat\u00e1rozott esetekben.<\/p>\n<p style=\"text-align: justify;\">A Kurat\u00f3rium el\u0151zetes j\u00f3v\u00e1hagy\u00e1sa sz\u00fcks\u00e9ges az elektronikus posta (e-mail) \u00fatj\u00e1n t\u00f6rt\u00e9n\u0151 d\u00f6nt\u00e9shozatalhoz. A kezdem\u00e9nyez\u00e9st, a Kurat\u00f3rium eln\u00f6k\u00e9n k\u00edv\u00fcl, legal\u00e1bb h\u00e1rom kurat\u00f3riumi tagnak kell t\u00e1mogatnia.<\/p>\n<p style=\"text-align: justify;\">A kezdem\u00e9nyez\u00e9st elutas\u00edtj\u00e1k, ha a jelen szakasz 2. bekezd\u00e9se szerinti felt\u00e9tel nem teljes\u00fcl.<\/p>\n<p style=\"text-align: justify;\">Az elektronikus posta (e-mail) \u00fatj\u00e1n t\u00f6rt\u00e9n\u0151 d\u00f6nt\u00e9shozatal \u00e9rv\u00e9nyes, \u00e9s az elektronikus \u00fcl\u00e9s megtartottnak min\u0151s\u00fcl, ha az elektronikus \u00faton kik\u00fcld\u00f6tt napirendi pontokr\u00f3l a meghat\u00e1rozott id\u0151pontig a kurat\u00f3riumi tagok t\u00f6bbs\u00e9ge szavaz.<\/p>\n<p style=\"text-align: justify;\">A szavazatot elektronikus \u00faton kell elk\u00fcldeni.<\/p>\n<p style=\"text-align: justify;\">Ha valamelyik kurat\u00f3riumi tag nem szavaz a kijel\u00f6lt hat\u00e1rid\u0151ig, d\u00f6nt\u00e9se nem min\u0151s\u00fcl sem igennek, sem nemnek, sem pedig tart\u00f3zkod\u00e1snak.<\/p>\n<p style=\"text-align: justify;\">A d\u00f6nt\u00e9st a hat\u00e1rid\u0151n bel\u00fcl szavaz\u00f3 kurat\u00f3riumi tagok egyszer\u0171 t\u00f6bbs\u00e9ge hat\u00e1rozza meg.<\/p>\n<p style=\"text-align: justify;\">A Kurat\u00f3rium eln\u00f6k\u00e9nek t\u00e1j\u00e9koztatni kell a kurat\u00f3riumi tagokat \u00e9s az Alap\u00edtv\u00e1ny eln\u00f6k\u00e9t az elektronikus szavaz\u00e1s eredm\u00e9ny\u00e9r\u0151l.<\/p>\n<p style=\"text-align: center;\"><strong>11. szakasz<\/strong><\/p>\n<p style=\"text-align: justify;\">S\u00fcrg\u0151s esetekben a Kurat\u00f3rium eln\u00f6ke kezdem\u00e9nyezheti az SMS \u00fczenet, illetve e-mail szavazat \u00fatj\u00e1n t\u00f6rt\u00e9n\u0151 d\u00f6nt\u00e9shozatalt.<\/p>\n<p style=\"text-align: justify;\">S\u00fcrg\u0151s esetnek min\u0151s\u00fcl, ha a konkr\u00e9t k\u00f6r\u00fclm\u00e9nyekt\u0151l f\u00fcgg\u0151en 24 \u00f3ra vagy kevesebb id\u0151n bel\u00fcl kell a Kurat\u00f3riumnak d\u00f6ntenie.<\/p>\n<p style=\"text-align: justify;\">A Kurat\u00f3rium eln\u00f6ke telefonon \u00e9rtes\u00edti a Kurat\u00f3rium tagjait a d\u00f6nt\u00e9shozatal t\u00e1rgy\u00e1r\u00f3l, akik a telefonos megkeres\u00e9st k\u00f6vet\u0151en k\u00f6telesek a telefonbesz\u00e9lget\u00e9s sor\u00e1n sz\u00f3ban adott szavazatukat \u00edr\u00e1sos form\u00e1ban, e-mail vagy pedig SMS \u00fczenet form\u00e1j\u00e1ban is meger\u0151s\u00edteni a telefonos-sz\u00f3beli szavazat ut\u00e1n legk\u00e9s\u0151bb 5 \u00f3r\u00e1val. A Kurat\u00f3rium eln\u00f6ke k\u00f6teles saj\u00e1t szavazat\u00e1t szint\u00e9n \u00edr\u00e1sban r\u00f6gz\u00edteni.<\/p>\n<p style=\"text-align: justify;\">Ezen szakasz \u00e9rtelm\u00e9ben a d\u00f6nt\u00e9s \u00e9rv\u00e9nyesnek min\u0151s\u00fcl, ha a Kurat\u00f3rium tagjainak t\u00f6bb mint fele meger\u0151s\u00edtette sz\u00f3ban adott szavazat\u00e1t az ezen szakasz 3. bekezd\u00e9se szerint.<\/p>\n<p style=\"text-align: justify;\">A Kurat\u00f3rium eln\u00f6k\u00e9nek t\u00e1j\u00e9koztatni kell a kurat\u00f3riumi tagokat \u00e9s az Alap\u00edtv\u00e1ny eln\u00f6k\u00e9t a szavaz\u00e1s eredm\u00e9ny\u00e9r\u0151l.<\/p>\n<p style=\"text-align: justify;\">Az ezen szakasz \u00e9rtelm\u00e9ben t\u00f6rt\u00e9n\u0151 d\u00f6nt\u00e9shozatal nem min\u0151s\u00fcl \u00fcl\u00e9snek.<\/p>\n<p style=\"text-align: center;\">VI. JEGYZ\u0150K\u00d6NYV<\/p>\n<p style=\"text-align: center;\"><strong>12. szakasz<\/strong><\/p>\n<p style=\"text-align: justify;\">Minden \u00fcl\u00e9s munk\u00e1j\u00e1r\u00f3l \u00edr\u00e1sos jegyz\u0151k\u00f6nyv k\u00e9sz\u00fcl az \u00fcl\u00e9s sor\u00e1n felv\u00e9telezett hanganyag alapj\u00e1n. A jegyz\u0151k\u00f6nyvvezet\u0151 szem\u00e9ly\u00e9t az \u00fcl\u00e9st vezet\u0151 szem\u00e9ly jel\u00f6li ki.<\/p>\n<p style=\"text-align: justify;\">A jegyz\u0151k\u00f6nyv tartalmazza: az \u00fcl\u00e9s megtart\u00e1s\u00e1nak hely\u00e9t \u00e9s idej\u00e9t, a napirendi pontokat, a jegyz\u0151k\u00f6nyvvezet\u0151 \u00e9s az \u00fcl\u00e9st vezet\u0151 szem\u00e9ly nev\u00e9t, a szavaz\u00e1sok eredm\u00e9ny\u00e9t, kurat\u00f3riumi tagok r\u00f6vid \u00e9szrev\u00e9teleit a napirendi pontokkal kapcsolatban, esetleges hat\u00e1rozatk\u00e9ptelens\u00e9g\u00e9t stb.<\/p>\n<p style=\"text-align: justify;\">Az a d\u00f6nt\u00e9s, amelyet a jegyz\u0151k\u00f6nyv vagy ahhoz tartoz\u00f3\u00a0 hanganyag nem tartalmaz, semmisnek tekinthet\u0151.<\/p>\n<p style=\"text-align: justify;\">Minden d\u00f6nt\u00e9sr\u0151l k\u00e9sz\u00fclhet jegyz\u0151k\u00f6nyvi kivonat.<\/p>\n<p style=\"text-align: justify;\">B\u00e1rmely tag k\u00e9rheti a saj\u00e1t k\u00fcl\u00f6nv\u00e9lem\u00e9ny\u00e9nek a kihangs\u00falyoz\u00e1s\u00e1t, illetve a jegyz\u0151k\u00f6nyvben t\u00f6rt\u00e9n\u0151 k\u00fcl\u00f6n kiemel\u00e9s\u00e9t.<\/p>\n<p style=\"text-align: justify;\">A jegyz\u0151k\u00f6nyv mell\u00e9klet\u00e9t k\u00e9pezik az al\u00e1\u00edrt jelenl\u00e9ti \u00edvek az \u00fcl\u00e9s \u00f6sszeh\u00edv\u00e1s\u00e1t igazol\u00f3 bizony\u00edt\u00e9kokkal, a napirend mell\u00e9kleteivel \u00e9s h\u00e1tt\u00e9ranyag\u00e1val egy\u00fctt, valamint az \u00fcl\u00e9sr\u0151l k\u00e9sz\u00fclt hanganyag.<\/p>\n<p style=\"text-align: justify;\">A jegyz\u0151k\u00f6nyvet az \u00fcl\u00e9st vezet\u0151 szem\u00e9ly, illetve a jegyz\u0151k\u00f6nyvvezet\u0151 al\u00e1\u00edr\u00e1s\u00e1val hiteles\u00edti.<\/p>\n<p style=\"text-align: center;\"><strong>13. szakasz<\/strong><\/p>\n<p style=\"text-align: justify;\">Elektronikus kezdem\u00e9nyez\u00e9s eset\u00e9n az elektronikus szavaz\u00e1sr\u00f3l \u00f6n\u00e1ll\u00f3 jegyz\u0151k\u00f6nyv k\u00e9sz\u00fcl, melynek szerves r\u00e9sz\u00e9t k\u00e9pezik a kinyomtatott e-mailek (szavazatok).<\/p>\n<p style=\"text-align: justify;\">A 11. szakasz szerinti d\u00f6nt\u00e9shozatalr\u00f3l k\u00fcl\u00f6n jegyz\u0151k\u00f6nyv k\u00e9sz\u00fcl, melyen a Kurat\u00f3rium soron k\u00f6vetkez\u0151 \u00fcl\u00e9s\u00e9n a Kurat\u00f3rium tagjai al\u00e1\u00edr\u00e1sukkal hiteles\u00edtik az SMS \u00fczenet, illetve e-mail \u00fatj\u00e1n adott szavazatukat.<\/p>\n<p style=\"text-align: justify;\">Ezen szakasz szerinti jegyz\u0151k\u00f6nyveket a Kurat\u00f3rium eln\u00f6ke \u00e9s az \u00e1ltala megb\u00edzott jegyz\u0151k\u00f6nyvvezet\u0151 al\u00e1\u00edr\u00e1s\u00e1val hiteles\u00edti.<\/p>\n<p style=\"text-align: center;\">VII. A KURAT\u00d3RIUM TAGJAINAK T\u00c9R\u00cdT\u00c9SE<\/p>\n<p style=\"text-align: center;\"><strong>14. szakasz<\/strong><\/p>\n<p style=\"text-align: justify;\">A Kurat\u00f3rium tagjai tev\u00e9kenys\u00e9g\u00fck\u00e9rt d\u00edjaz\u00e1sban r\u00e9szes\u00fclnek az Alap\u00edtv\u00e1ny Alapszab\u00e1ly\u00e1val \u00f6sszhangban.<\/p>\n<p style=\"text-align: center;\">VIII. A KURAT\u00d3RIUM \u00dcL\u00c9S\u00c9NEK MEGSZAK\u00cdT\u00c1SA,\nILLETVE ELHALASZT\u00c1SA<\/p>\n<p style=\"text-align: center;\"><strong>15. szakasz<\/strong><\/p>\n<p style=\"text-align: justify;\">Az \u00fcl\u00e9s megszak\u00edt\u00e1sra ker\u00fcl:<\/p>\n\n<ul>\n \t<li>ha a tagok elhagyj\u00e1k az \u00fcl\u00e9st, \u00e9s a test\u00fclet hat\u00e1rozatk\u00e9ptelenn\u00e9 v\u00e1lik;<\/li>\n \t<li>ha a t\u00e1rgyaland\u00f3 napirendi pontok jellege miatt a tervezett id\u0151pontban az \u00fcl\u00e9s nem fejezhet\u0151 be;<\/li>\n \t<li>ha rendbont\u00e1sra ker\u00fcl sor az \u00fcl\u00e9sen, \u00e9s a munka rendes menete nem biztos\u00edthat\u00f3.<\/li>\n<\/ul>\n<p style=\"text-align: justify;\">Az \u00fcl\u00e9s megszak\u00edt\u00e1s\u00e1t \u00e9s elhalaszt\u00e1s\u00e1t az \u00fcl\u00e9st vezet\u0151 szem\u00e9ly rendeli el.<\/p>\n<p style=\"text-align: justify;\">A megszak\u00edtott \u00fcl\u00e9snek legk\u00e9s\u0151bb 10 napon bel\u00fcl folytat\u00f3dnia kell.<\/p>\n<p style=\"text-align: justify;\">Az elhalasztott \u00fcl\u00e9s folytat\u00e1s\u00e1t szint\u00e9n a Kurat\u00f3rium eln\u00f6ke, t\u00e1voll\u00e9t\u00e9ben az \u00fcl\u00e9st vezet\u0151 szem\u00e9ly rendeli el.<\/p>\n<p style=\"text-align: center;\">IX. RENDFENNTART\u00c1S AZ \u00dcL\u00c9SEN<\/p>\n<p style=\"text-align: center;\"><strong>16. szakasz<\/strong><\/p>\n<p style=\"text-align: justify;\">A rendfenntart\u00e1s c\u00e9lj\u00e1b\u00f3l elrendelt int\u00e9zked\u00e9seket, \u00fagy is mint figyelmeztet\u00e9s, \u00fajb\u00f3li figyelmeztet\u00e9s, az \u00fcl\u00e9sr\u0151l val\u00f3 elbocs\u00e1t\u00e1s az \u00fcl\u00e9st vezet\u0151 szem\u00e9ly rendeli el, \u00e9s azok jegyz\u0151k\u00f6nyvbe ker\u00fclnek.<\/p>\n<p style=\"text-align: center;\">X. Z\u00c1R\u00d3RENDELKEZ\u00c9SEK<\/p>\n<p style=\"text-align: center;\"><strong>17. szakasz<\/strong><\/p>\n<p style=\"text-align: justify;\">Ezen \u00dcgyrend alkalmaz\u00e1s\u00e1r\u00f3l a Kurat\u00f3rium eln\u00f6ke, illetve t\u00e1voll\u00e9t\u00e9ben az \u00fcl\u00e9st vezet\u0151 szem\u00e9ly gondoskodik.<\/p>\n<p style=\"text-align: justify;\">Ezen \u00dcgyrend m\u00f3dos\u00edt\u00e1s\u00e1t a Kurat\u00f3rium eln\u00f6ke vagy a Kurat\u00f3rium legal\u00e1bb 3 tagja kezdem\u00e9nyezheti.<\/p>\n<p style=\"text-align: justify;\">Az \u00dcgyrend \u00e9s m\u00f3dos\u00edt\u00e1s\u00e1nek elfogad\u00e1s\u00e1hoz a kurat\u00f3riumi tagok t\u00f6bbs\u00e9g\u00e9nek a szavazata sz\u00fcks\u00e9ges.<\/p>\n<p style=\"text-align: center;\"><strong>18. szakasz<\/strong><\/p>\n<p style=\"text-align: justify;\">Ezen \u00dcgyrend rendelkez\u00e9seinek tolm\u00e1csol\u00e1s\u00e1t a Kurat\u00f3rium adja.<\/p>\n<p style=\"text-align: center;\"><strong>19. szakasz<\/strong><\/p>\n<p style=\"text-align: justify;\">Ezen \u00dcgyrend az elfogad\u00e1s\u00e1nak napj\u00e1n l\u00e9p hat\u00e1lyba.<\/p>\n<p style=\"text-align: right;\"><strong>A Kurat\u00f3rium Eln\u00f6ke<\/strong><\/p>\t\t\t\t\t\t<\/div>\n\t\t\t\t<\/div>\n\t\t\t\t\t<\/div>\n\t\t\t\t<\/div>\n\t\t\t\t\t\t\t<\/div>\n\t\t","protected":false},"excerpt":{"rendered":"<p>A Kurat\u00f3rium \u00fcgyrendje R\u00f3lunk A kurat\u00f3rium \u00fcgyrendje A Kurat\u00f3rium \u00fcgyrendje A zentai Pro Scientia Naturae Alap\u00edtv\u00e1ny (tov\u00e1bbiakban: Alap\u00edtv\u00e1ny) Alapszab\u00e1ly\u00e1nak 11. szakasza alapj\u00e1n az Alap\u00edtv\u00e1ny Kurat\u00f3riuma 2015.11.12- \u00e9n, Zent\u00e1n megtartott \u00fcl\u00e9s\u00e9n meghozza a PRO SCIENTIA NATURAE ALAP\u00cdTV\u00c1NY KURAT\u00d3RIUM\u00c1NAK \u00dcGYRENDJ\u00c9T I. \u00c1LTAL\u00c1NOS RENDELKEZ\u00c9SEK 1. szakasz Ezen \u00dcgyrenddel a zentai Pro Scientia Naturae Alap\u00edtv\u00e1ny Kurat\u00f3rium\u00e1nak (a tov\u00e1bbiakban: Kurat\u00f3rium) [&hellip;]<\/p>\n","protected":false},"author":3,"featured_media":0,"parent":3526,"menu_order":0,"comment_status":"closed","ping_status":"closed","template":"elementor_header_footer","meta":{"footnotes":""},"_links":{"self":[{"href":"https:\/\/proscnat.org\/proscnat\/wp-json\/wp\/v2\/pages\/461"}],"collection":[{"href":"https:\/\/proscnat.org\/proscnat\/wp-json\/wp\/v2\/pages"}],"about":[{"href":"https:\/\/proscnat.org\/proscnat\/wp-json\/wp\/v2\/types\/page"}],"author":[{"embeddable":true,"href":"https:\/\/proscnat.org\/proscnat\/wp-json\/wp\/v2\/users\/3"}],"replies":[{"embeddable":true,"href":"https:\/\/proscnat.org\/proscnat\/wp-json\/wp\/v2\/comments?post=461"}],"version-history":[{"count":9,"href":"https:\/\/proscnat.org\/proscnat\/wp-json\/wp\/v2\/pages\/461\/revisions"}],"predecessor-version":[{"id":3790,"href":"https:\/\/proscnat.org\/proscnat\/wp-json\/wp\/v2\/pages\/461\/revisions\/3790"}],"up":[{"embeddable":true,"href":"https:\/\/proscnat.org\/proscnat\/wp-json\/wp\/v2\/pages\/3526"}],"wp:attachment":[{"href":"https:\/\/proscnat.org\/proscnat\/wp-json\/wp\/v2\/media?parent=461"}],"curies":[{"name":"wp","href":"https:\/\/api.w.org\/{rel}","templated":true}]}}