{"id":4800,"date":"2024-09-06T08:03:50","date_gmt":"2024-09-06T08:03:50","guid":{"rendered":"https:\/\/proscnat.org\/proscnat\/?page_id=4800"},"modified":"2024-09-06T08:03:51","modified_gmt":"2024-09-06T08:03:51","slug":"o-nama","status":"publish","type":"page","link":"https:\/\/proscnat.org\/proscnat\/sr\/o-nama\/","title":{"rendered":"O nama"},"content":{"rendered":"\t\t<div data-elementor-type=\"wp-page\" data-elementor-id=\"4800\" class=\"elementor elementor-4800\" data-elementor-post-type=\"page\">\n\t\t\t\t\t\t\t\t\t<section class=\"elementor-section elementor-top-section elementor-element elementor-element-5c58f588 elementor-section-height-min-height elementor-section-boxed elementor-section-height-default elementor-section-items-middle\" data-id=\"5c58f588\" data-element_type=\"section\" data-settings=\"{&quot;background_background&quot;:&quot;classic&quot;}\">\n\t\t\t\t\t\t\t<div class=\"elementor-background-overlay\"><\/div>\n\t\t\t\t\t\t\t<div class=\"elementor-container elementor-column-gap-default\">\n\t\t\t\t\t<div class=\"elementor-column elementor-col-100 elementor-top-column elementor-element elementor-element-6a87f5c4\" data-id=\"6a87f5c4\" data-element_type=\"column\">\n\t\t\t<div class=\"elementor-widget-wrap elementor-element-populated\">\n\t\t\t\t\t\t\t\t<div class=\"elementor-element elementor-element-6cdba3bb elementor-invisible elementor-widget elementor-widget-heading\" data-id=\"6cdba3bb\" data-element_type=\"widget\" data-settings=\"{&quot;_animation&quot;:&quot;fadeIn&quot;}\" data-widget_type=\"heading.default\">\n\t\t\t\t<div class=\"elementor-widget-container\">\n\t\t\t<style>\/*! elementor - v3.17.0 - 25-10-2023 *\/\n.elementor-heading-title{padding:0;margin:0;line-height:1}.elementor-widget-heading .elementor-heading-title[class*=elementor-size-]>a{color:inherit;font-size:inherit;line-height:inherit}.elementor-widget-heading .elementor-heading-title.elementor-size-small{font-size:15px}.elementor-widget-heading .elementor-heading-title.elementor-size-medium{font-size:19px}.elementor-widget-heading .elementor-heading-title.elementor-size-large{font-size:29px}.elementor-widget-heading .elementor-heading-title.elementor-size-xl{font-size:39px}.elementor-widget-heading .elementor-heading-title.elementor-size-xxl{font-size:59px}<\/style><h2 class=\"elementor-heading-title elementor-size-default\">R\u00f3lunk<\/h2>\t\t<\/div>\n\t\t\t\t<\/div>\n\t\t\t\t<div class=\"elementor-element elementor-element-2659da00 elementor-icon-list--layout-inline elementor-align-center elementor-list-item-link-full_width elementor-invisible elementor-widget elementor-widget-icon-list\" data-id=\"2659da00\" data-element_type=\"widget\" data-settings=\"{&quot;_animation&quot;:&quot;fadeIn&quot;,&quot;_animation_delay&quot;:200}\" data-widget_type=\"icon-list.default\">\n\t\t\t\t<div class=\"elementor-widget-container\">\n\t\t\t<link rel=\"stylesheet\" href=\"https:\/\/proscnat.org\/proscnat\/wp-content\/plugins\/elementor\/assets\/css\/widget-icon-list.min.css\">\t\t<ul class=\"elementor-icon-list-items elementor-inline-items\">\n\t\t\t\t\t\t\t<li class=\"elementor-icon-list-item elementor-inline-item\">\n\t\t\t\t\t\t\t\t\t\t\t<a href=\"#\">\n\n\t\t\t\t\t\t\t\t\t\t\t<span class=\"elementor-icon-list-text\">R\u00f3lunk<\/span>\n\t\t\t\t\t\t\t\t\t\t\t<\/a>\n\t\t\t\t\t\t\t\t\t<\/li>\n\t\t\t\t\t\t<\/ul>\n\t\t\t\t<\/div>\n\t\t\t\t<\/div>\n\t\t\t\t\t<\/div>\n\t\t<\/div>\n\t\t\t\t\t\t\t<\/div>\n\t\t<\/section>\n\t\t<div class=\"elementor-element elementor-element-4091e087 e-flex e-con-boxed e-con e-parent\" data-id=\"4091e087\" data-element_type=\"container\" data-settings=\"{&quot;content_width&quot;:&quot;boxed&quot;}\" data-core-v316-plus=\"true\">\n\t\t\t\t\t<div class=\"e-con-inner\">\n\t\t\t\t<div class=\"elementor-element elementor-element-54d992df elementor-widget elementor-widget-text-editor\" data-id=\"54d992df\" data-element_type=\"widget\" data-widget_type=\"text-editor.default\">\n\t\t\t\t<div class=\"elementor-widget-container\">\n\t\t\t<style>\/*! elementor - v3.17.0 - 25-10-2023 *\/\n.elementor-widget-text-editor.elementor-drop-cap-view-stacked .elementor-drop-cap{background-color:#69727d;color:#fff}.elementor-widget-text-editor.elementor-drop-cap-view-framed .elementor-drop-cap{color:#69727d;border:3px solid;background-color:transparent}.elementor-widget-text-editor:not(.elementor-drop-cap-view-default) .elementor-drop-cap{margin-top:8px}.elementor-widget-text-editor:not(.elementor-drop-cap-view-default) .elementor-drop-cap-letter{width:1em;height:1em}.elementor-widget-text-editor .elementor-drop-cap{float:left;text-align:center;line-height:1;font-size:50px}.elementor-widget-text-editor .elementor-drop-cap-letter{display:inline-block}<\/style>\t\t\t\t<p style=\"text-align: justify\">Tisztelt L\u00e1togat\u00f3!<\/p>\n<p style=\"text-align: justify\">K\u00f6sz\u00f6nti \u00d6nt a Pro Scientia Naturae Alap\u00edtv\u00e1ny!<\/p>\n<p style=\"text-align: justify\">Az Alap\u00edtv\u00e1nyt 2009-ben hozta l\u00e9tre a zentai Kert\u00e9szek Egyes\u00fclete civil szervezet, azzal a c\u00e9llal, hogy komoly feladatv\u00e1llal\u00e1ssal hozz\u00e1j\u00e1ruljon t\u00e9rs\u00e9g\u00fcnk vid\u00e9k\u00e9nek \u00e9s agr\u00e1rium\u00e1nak fejleszt\u00e9s\u00e9hez. Tev\u00e9kenys\u00e9g\u00e9t oktat\u00e1si programok megszervez\u00e9se, kutat\u00e1si \u00e9s fejleszt\u00e9si projektek lebonyol\u00edt\u00e1sa, kapcsolat\u00e9p\u00edt\u00e9s \u00e9s piackutat\u00e1s ter\u00e9n fejti ki. Sz\u00e9les k\u00f6rben egy\u00fcttm\u0171k\u00f6dik t\u00e9rs\u00e9g\u00fcnk agr\u00e1rgazd\u00e1lkod\u00f3ival \u00e9s v\u00e1llalkoz\u00f3ival, t\u00e1mogatja a Magyar Agr\u00e1r- \u00e9s \u00c9lettudom\u00e1nyi Egyetem (kor\u00e1bbi Szent Istv\u00e1n Egyetem) Zentai Konzult\u00e1ci\u00f3s K\u00f6zpontj\u00e1nak tev\u00e9kenys\u00e9g\u00e9t, amely \u00e1ltal fels\u0151oktat\u00e1si, feln\u0151ttk\u00e9pz\u00e9si \u00e9s szaktan\u00e1csad\u00f3i feladatokat l\u00e1t el. Tev\u00e9kenys\u00e9ge \u00e1ltal igyekszik \u00f6sszefogni, t\u00e1mogatni \u00e9s foglalkoztatni t\u00e9rs\u00e9g\u00fcnk agr\u00e1r\u00e9rtelmis\u00e9g\u00e9t, valamint az \u0151 szaktud\u00e1sukat koordin\u00e1lt m\u00f3don a t\u00e9rs\u00e9g\u00fcnk fejleszt\u00e9s\u00e9re ford\u00edtani.<\/p>\t\t\t\t\t\t<\/div>\n\t\t\t\t<\/div>\n\t\t\t\t\t<\/div>\n\t\t\t\t<\/div>\n\t\t\t\t\t\t\t<\/div>\n\t\t","protected":false},"excerpt":{"rendered":"","protected":false},"author":4,"featured_media":0,"parent":0,"menu_order":0,"comment_status":"closed","ping_status":"closed","template":"","meta":{"footnotes":""},"_links":{"self":[{"href":"https:\/\/proscnat.org\/proscnat\/wp-json\/wp\/v2\/pages\/4800"}],"collection":[{"href":"https:\/\/proscnat.org\/proscnat\/wp-json\/wp\/v2\/pages"}],"about":[{"href":"https:\/\/proscnat.org\/proscnat\/wp-json\/wp\/v2\/types\/page"}],"author":[{"embeddable":true,"href":"https:\/\/proscnat.org\/proscnat\/wp-json\/wp\/v2\/users\/4"}],"replies":[{"embeddable":true,"href":"https:\/\/proscnat.org\/proscnat\/wp-json\/wp\/v2\/comments?post=4800"}],"version-history":[{"count":1,"href":"https:\/\/proscnat.org\/proscnat\/wp-json\/wp\/v2\/pages\/4800\/revisions"}],"predecessor-version":[{"id":4801,"href":"https:\/\/proscnat.org\/proscnat\/wp-json\/wp\/v2\/pages\/4800\/revisions\/4801"}],"wp:attachment":[{"href":"https:\/\/proscnat.org\/proscnat\/wp-json\/wp\/v2\/media?parent=4800"}],"curies":[{"name":"wp","href":"https:\/\/api.w.org\/{rel}","templated":true}]}}