{"id":5213,"date":"2025-01-30T12:11:20","date_gmt":"2025-01-30T12:11:20","guid":{"rendered":"https:\/\/proscnat.org\/proscnat\/?page_id=5213"},"modified":"2025-05-10T10:44:09","modified_gmt":"2025-05-10T10:44:09","slug":"documents","status":"publish","type":"page","link":"https:\/\/proscnat.org\/proscnat\/en\/about-us\/documents\/","title":{"rendered":"Documents"},"content":{"rendered":"\t\t<div data-elementor-type=\"wp-page\" data-elementor-id=\"5213\" class=\"elementor elementor-5213\" data-elementor-post-type=\"page\">\n\t\t\t\t\t\t\t\t\t<section class=\"elementor-section elementor-top-section elementor-element elementor-element-295ecd71 elementor-section-height-min-height elementor-section-boxed elementor-section-height-default elementor-section-items-middle\" data-id=\"295ecd71\" data-element_type=\"section\" data-settings=\"{&quot;background_background&quot;:&quot;classic&quot;}\">\n\t\t\t\t\t\t\t<div class=\"elementor-background-overlay\"><\/div>\n\t\t\t\t\t\t\t<div class=\"elementor-container elementor-column-gap-default\">\n\t\t\t\t\t<div class=\"elementor-column elementor-col-100 elementor-top-column elementor-element elementor-element-711cc626\" data-id=\"711cc626\" data-element_type=\"column\">\n\t\t\t<div class=\"elementor-widget-wrap elementor-element-populated\">\n\t\t\t\t\t\t\t\t<div class=\"elementor-element elementor-element-657d536a elementor-invisible elementor-widget elementor-widget-heading\" data-id=\"657d536a\" data-element_type=\"widget\" data-settings=\"{&quot;_animation&quot;:&quot;fadeIn&quot;}\" data-widget_type=\"heading.default\">\n\t\t\t\t<div class=\"elementor-widget-container\">\n\t\t\t<style>\/*! elementor - v3.17.0 - 25-10-2023 *\/\n.elementor-heading-title{padding:0;margin:0;line-height:1}.elementor-widget-heading .elementor-heading-title[class*=elementor-size-]>a{color:inherit;font-size:inherit;line-height:inherit}.elementor-widget-heading .elementor-heading-title.elementor-size-small{font-size:15px}.elementor-widget-heading .elementor-heading-title.elementor-size-medium{font-size:19px}.elementor-widget-heading .elementor-heading-title.elementor-size-large{font-size:29px}.elementor-widget-heading .elementor-heading-title.elementor-size-xl{font-size:39px}.elementor-widget-heading .elementor-heading-title.elementor-size-xxl{font-size:59px}<\/style><h2 class=\"elementor-heading-title elementor-size-default\">Documents<\/h2>\t\t<\/div>\n\t\t\t\t<\/div>\n\t\t\t\t<div class=\"elementor-element elementor-element-ce5cc88 elementor-icon-list--layout-inline elementor-align-center elementor-list-item-link-full_width elementor-invisible elementor-widget elementor-widget-icon-list\" data-id=\"ce5cc88\" data-element_type=\"widget\" data-settings=\"{&quot;_animation&quot;:&quot;fadeIn&quot;,&quot;_animation_delay&quot;:200}\" data-widget_type=\"icon-list.default\">\n\t\t\t\t<div class=\"elementor-widget-container\">\n\t\t\t<link rel=\"stylesheet\" href=\"https:\/\/proscnat.org\/proscnat\/wp-content\/plugins\/elementor\/assets\/css\/widget-icon-list.min.css\">\t\t<ul class=\"elementor-icon-list-items elementor-inline-items\">\n\t\t\t\t\t\t\t<li class=\"elementor-icon-list-item elementor-inline-item\">\n\t\t\t\t\t\t\t\t\t\t\t<a href=\"#\">\n\n\t\t\t\t\t\t\t\t\t\t\t<span class=\"elementor-icon-list-text\"> <\/span>\n\t\t\t\t\t\t\t\t\t\t\t<\/a>\n\t\t\t\t\t\t\t\t\t<\/li>\n\t\t\t\t\t\t<\/ul>\n\t\t\t\t<\/div>\n\t\t\t\t<\/div>\n\t\t\t\t\t<\/div>\n\t\t<\/div>\n\t\t\t\t\t\t\t<\/div>\n\t\t<\/section>\n\t\t<div class=\"elementor-element elementor-element-15bd5938 e-flex e-con-boxed e-con e-parent\" data-id=\"15bd5938\" data-element_type=\"container\" data-settings=\"{&quot;content_width&quot;:&quot;boxed&quot;}\" data-core-v316-plus=\"true\">\n\t\t\t\t\t<div class=\"e-con-inner\">\n\t\t\t\t<div class=\"elementor-element elementor-element-141436ac elementor-widget elementor-widget-text-editor\" data-id=\"141436ac\" data-element_type=\"widget\" data-widget_type=\"text-editor.default\">\n\t\t\t\t<div class=\"elementor-widget-container\">\n\t\t\t<style>\/*! elementor - v3.17.0 - 25-10-2023 *\/\n.elementor-widget-text-editor.elementor-drop-cap-view-stacked .elementor-drop-cap{background-color:#69727d;color:#fff}.elementor-widget-text-editor.elementor-drop-cap-view-framed .elementor-drop-cap{color:#69727d;border:3px solid;background-color:transparent}.elementor-widget-text-editor:not(.elementor-drop-cap-view-default) .elementor-drop-cap{margin-top:8px}.elementor-widget-text-editor:not(.elementor-drop-cap-view-default) .elementor-drop-cap-letter{width:1em;height:1em}.elementor-widget-text-editor .elementor-drop-cap{float:left;text-align:center;line-height:1;font-size:50px}.elementor-widget-text-editor .elementor-drop-cap-letter{display:inline-block}<\/style>\t\t\t\t<h2><a href=\"https:\/\/drive.google.com\/file\/d\/1mvenp9Kcr60FfIdllzyuJNq804nhwdZS\/view?usp=sharing\">Resenje upis u registar<\/a><\/h2><h2 id=\"Pnsjpd\" class=\"zv7tnb\" aria-label=\"Share &quot;Odluka_o_osnivanju_15.01.2009..pdf&quot;\"><a href=\"https:\/\/drive.google.com\/file\/d\/1tgMXLuzOHrOBfT5eY_PYjSdYlvAunD6y\/view?usp=sharing\">Odluka o osnivanju 15.01.2009<\/a>.<\/h2><h2 id=\"Pnsjpd\" class=\"zv7tnb\" aria-label=\"Share &quot;Resenje_upis_suosnivanje_15.05.2017..pdf&quot;\"><a href=\"https:\/\/drive.google.com\/file\/d\/1qnkXdm17ggkUJO1Ib5A2kk_8Xwpvf92c\/view?usp=sharing\">Resenje upis suosnivanje 15.05.2017.<\/a><\/h2><h2><a href=\"https:\/\/proscnat.org\/proscnat\/a-kuratorium-ugyrendje\/\">A kurat\u00f3rium \u00fcgyrendje<\/a><\/h2><h2 id=\"Pnsjpd\" class=\"zv7tnb\" aria-label=\"Share &quot;Pravilnik o zastiti podataka o licnosti.pdf&quot;\"><a href=\"https:\/\/drive.google.com\/file\/d\/1rpCPt9-n_MEFDd2_-_VVtpTgyyIbJzGv\/view?usp=sharing\">Pravilnik o zastiti podataka o licnosti<\/a><\/h2><h2><a href=\"https:\/\/docs.google.com\/document\/d\/13b7j8pB8ReWr52IIdcfKmYkb_9W4OIC3\/edit?usp=sharing&amp;ouid=105496177995312850273&amp;rtpof=true&amp;sd=true\">Prilog I &#8211; Obave\u0161tenje o obradi podataka<\/a><\/h2><h2><a href=\"https:\/\/docs.google.com\/document\/d\/1pX9x3PBnSOagZbGAezaD9BZXs70QNpwS\/edit?usp=sharing&amp;ouid=105496177995312850273&amp;rtpof=true&amp;sd=true\">Prilog II &#8211; Pristanak za obradu podataka<\/a><\/h2><h2><a href=\"https:\/\/docs.google.com\/document\/d\/1bmMGPjDucy8Jv19nIv3aAc-RfWBjeFjA\/edit?usp=sharing&amp;ouid=105496177995312850273&amp;rtpof=true&amp;sd=true\">Prilog III &#8211; Opoziv pristanka za obradu podataka<\/a><\/h2>\t\t\t\t\t\t<\/div>\n\t\t\t\t<\/div>\n\t\t\t\t\t<\/div>\n\t\t\t\t<\/div>\n\t\t\t\t\t\t\t<\/div>\n\t\t","protected":false},"excerpt":{"rendered":"<p>Documents Resenje upis u registar Odluka o osnivanju 15.01.2009. Resenje upis suosnivanje 15.05.2017. A kurat\u00f3rium \u00fcgyrendje Pravilnik o zastiti podataka o licnosti Prilog I &#8211; Obave\u0161tenje o obradi podataka Prilog II &#8211; Pristanak za obradu podataka Prilog III &#8211; Opoziv pristanka za obradu podataka<\/p>\n","protected":false},"author":4,"featured_media":0,"parent":5180,"menu_order":0,"comment_status":"closed","ping_status":"closed","template":"","meta":{"footnotes":""},"_links":{"self":[{"href":"https:\/\/proscnat.org\/proscnat\/wp-json\/wp\/v2\/pages\/5213"}],"collection":[{"href":"https:\/\/proscnat.org\/proscnat\/wp-json\/wp\/v2\/pages"}],"about":[{"href":"https:\/\/proscnat.org\/proscnat\/wp-json\/wp\/v2\/types\/page"}],"author":[{"embeddable":true,"href":"https:\/\/proscnat.org\/proscnat\/wp-json\/wp\/v2\/users\/4"}],"replies":[{"embeddable":true,"href":"https:\/\/proscnat.org\/proscnat\/wp-json\/wp\/v2\/comments?post=5213"}],"version-history":[{"count":7,"href":"https:\/\/proscnat.org\/proscnat\/wp-json\/wp\/v2\/pages\/5213\/revisions"}],"predecessor-version":[{"id":5240,"href":"https:\/\/proscnat.org\/proscnat\/wp-json\/wp\/v2\/pages\/5213\/revisions\/5240"}],"up":[{"embeddable":true,"href":"https:\/\/proscnat.org\/proscnat\/wp-json\/wp\/v2\/pages\/5180"}],"wp:attachment":[{"href":"https:\/\/proscnat.org\/proscnat\/wp-json\/wp\/v2\/media?parent=5213"}],"curies":[{"name":"wp","href":"https:\/\/api.w.org\/{rel}","templated":true}]}}