{"id":5215,"date":"2025-01-30T12:12:01","date_gmt":"2025-01-30T12:12:01","guid":{"rendered":"https:\/\/proscnat.org\/proscnat\/?page_id=5215"},"modified":"2025-05-10T10:43:24","modified_gmt":"2025-05-10T10:43:24","slug":"management","status":"publish","type":"page","link":"https:\/\/proscnat.org\/proscnat\/en\/about-us\/management\/","title":{"rendered":"Management"},"content":{"rendered":"\t\t<div data-elementor-type=\"wp-page\" data-elementor-id=\"5215\" class=\"elementor elementor-5215\" data-elementor-post-type=\"page\">\n\t\t\t\t\t\t\t\t\t<section class=\"elementor-section elementor-top-section elementor-element elementor-element-1aad2ef0 elementor-section-height-min-height elementor-section-boxed elementor-section-height-default elementor-section-items-middle\" data-id=\"1aad2ef0\" data-element_type=\"section\" data-settings=\"{&quot;background_background&quot;:&quot;classic&quot;}\">\n\t\t\t\t\t\t\t<div class=\"elementor-background-overlay\"><\/div>\n\t\t\t\t\t\t\t<div class=\"elementor-container elementor-column-gap-default\">\n\t\t\t\t\t<div class=\"elementor-column elementor-col-100 elementor-top-column elementor-element elementor-element-21f2e37\" data-id=\"21f2e37\" data-element_type=\"column\">\n\t\t\t<div class=\"elementor-widget-wrap elementor-element-populated\">\n\t\t\t\t\t\t\t\t<div class=\"elementor-element elementor-element-15fce1f0 elementor-invisible elementor-widget elementor-widget-heading\" data-id=\"15fce1f0\" data-element_type=\"widget\" data-settings=\"{&quot;_animation&quot;:&quot;fadeIn&quot;}\" data-widget_type=\"heading.default\">\n\t\t\t\t<div class=\"elementor-widget-container\">\n\t\t\t<style>\/*! elementor - v3.17.0 - 25-10-2023 *\/\n.elementor-heading-title{padding:0;margin:0;line-height:1}.elementor-widget-heading .elementor-heading-title[class*=elementor-size-]>a{color:inherit;font-size:inherit;line-height:inherit}.elementor-widget-heading .elementor-heading-title.elementor-size-small{font-size:15px}.elementor-widget-heading .elementor-heading-title.elementor-size-medium{font-size:19px}.elementor-widget-heading .elementor-heading-title.elementor-size-large{font-size:29px}.elementor-widget-heading .elementor-heading-title.elementor-size-xl{font-size:39px}.elementor-widget-heading .elementor-heading-title.elementor-size-xxl{font-size:59px}<\/style><h2 class=\"elementor-heading-title elementor-size-default\">Management<\/h2>\t\t<\/div>\n\t\t\t\t<\/div>\n\t\t\t\t<div class=\"elementor-element elementor-element-7ae86147 elementor-icon-list--layout-inline elementor-align-center elementor-list-item-link-full_width elementor-invisible elementor-widget elementor-widget-icon-list\" data-id=\"7ae86147\" data-element_type=\"widget\" data-settings=\"{&quot;_animation&quot;:&quot;fadeIn&quot;,&quot;_animation_delay&quot;:200}\" data-widget_type=\"icon-list.default\">\n\t\t\t\t<div class=\"elementor-widget-container\">\n\t\t\t<link rel=\"stylesheet\" href=\"https:\/\/proscnat.org\/proscnat\/wp-content\/plugins\/elementor\/assets\/css\/widget-icon-list.min.css\">\t\t<ul class=\"elementor-icon-list-items elementor-inline-items\">\n\t\t\t\t\t\t\t<li class=\"elementor-icon-list-item elementor-inline-item\">\n\t\t\t\t\t\t\t\t\t\t\t<a href=\"#\">\n\n\t\t\t\t\t\t\t\t\t\t\t<span class=\"elementor-icon-list-text\"><\/span>\n\t\t\t\t\t\t\t\t\t\t\t<\/a>\n\t\t\t\t\t\t\t\t\t<\/li>\n\t\t\t\t\t\t\t\t<li class=\"elementor-icon-list-item elementor-inline-item\">\n\t\t\t\t\t\t\t\t\t\t\t<a href=\"#\">\n\n\t\t\t\t\t\t\t\t\t\t\t<span class=\"elementor-icon-list-text\"><\/span>\n\t\t\t\t\t\t\t\t\t\t\t<\/a>\n\t\t\t\t\t\t\t\t\t<\/li>\n\t\t\t\t\t\t<\/ul>\n\t\t\t\t<\/div>\n\t\t\t\t<\/div>\n\t\t\t\t\t<\/div>\n\t\t<\/div>\n\t\t\t\t\t\t\t<\/div>\n\t\t<\/section>\n\t\t<div class=\"elementor-element elementor-element-230a2e77 e-flex e-con-boxed e-con e-parent\" data-id=\"230a2e77\" data-element_type=\"container\" data-settings=\"{&quot;content_width&quot;:&quot;boxed&quot;}\" data-core-v316-plus=\"true\">\n\t\t\t\t\t<div class=\"e-con-inner\">\n\t\t\t\t<div class=\"elementor-element elementor-element-e5b4d3 elementor-widget elementor-widget-text-editor\" data-id=\"e5b4d3\" data-element_type=\"widget\" data-widget_type=\"text-editor.default\">\n\t\t\t\t<div class=\"elementor-widget-container\">\n\t\t\t<style>\/*! elementor - v3.17.0 - 25-10-2023 *\/\n.elementor-widget-text-editor.elementor-drop-cap-view-stacked .elementor-drop-cap{background-color:#69727d;color:#fff}.elementor-widget-text-editor.elementor-drop-cap-view-framed .elementor-drop-cap{color:#69727d;border:3px solid;background-color:transparent}.elementor-widget-text-editor:not(.elementor-drop-cap-view-default) .elementor-drop-cap{margin-top:8px}.elementor-widget-text-editor:not(.elementor-drop-cap-view-default) .elementor-drop-cap-letter{width:1em;height:1em}.elementor-widget-text-editor .elementor-drop-cap{float:left;text-align:center;line-height:1;font-size:50px}.elementor-widget-text-editor .elementor-drop-cap-letter{display:inline-block}<\/style>\t\t\t\t<table class=\" table table-hover\"><tbody><tr><td>Dr. Lengyel L\u00e1szl\u00f3 &#8211; \u00fcgyvezet\u0151<\/td><\/tr><\/tbody><\/table><table class=\" table table-hover\"><tbody><tr class=\"odd\"><td width=\"30%\"><span style=\"font-weight: 400;\">Dr. Nagy Imre, kurat\u00f3riumi eln\u00f6k \u2013 \u201eProsperitati\u201d Alap\u00edtv\u00e1ny, Szabadka<\/span><\/td><\/tr><tr class=\"even\"><td><span style=\"font-weight: 400;\">Dr. Gyuricza Csaba, kurat\u00f3riumi tag \u2013 GAK Nonprofit K\u00f6zhaszn\u00fa Kft., G\u00f6d\u00f6ll\u0151, Magyarorsz\u00e1g<\/span><\/td><\/tr><tr class=\"odd\"><td><span style=\"font-weight: 400;\">Magyar Ferenc Attila, kurat\u00f3riumi tag \u2013 Magyar Rektori Konferencia, Budapest, Magyarorsz\u00e1g<\/span><\/td><\/tr><tr class=\"even\"><td><span style=\"font-weight: 400;\">K\u00f3kai Roland, kurat\u00f3riumi tag \u2013 Szekeres L\u00e1szl\u00f3 Alap\u00edtv\u00e1ny, Szabadka<\/span><\/td><\/tr><tr class=\"odd\"><td><span style=\"font-weight: 400;\">Nagy Mikl\u00f3s, kurat\u00f3riumi tag \u2013 Vajdas\u00e1gi Agr\u00e1regyes\u00fcletek Sz\u00f6vets\u00e9ge, Zenta<\/span><\/td><\/tr><tr class=\"even\"><td><span style=\"font-weight: 400;\">Varga Laszl\u00f3, kurat\u00f3riumi tag \u2013 Kert\u00e9szek Egyes\u00fclete Zenta, Zenta<\/span><\/td><\/tr><\/tbody><\/table>\t\t\t\t\t\t<\/div>\n\t\t\t\t<\/div>\n\t\t\t\t\t<\/div>\n\t\t\t\t<\/div>\n\t\t\t\t\t\t\t<\/div>\n\t\t","protected":false},"excerpt":{"rendered":"<p>Management Dr. Lengyel L\u00e1szl\u00f3 &#8211; \u00fcgyvezet\u0151 Dr. Nagy Imre, kurat\u00f3riumi eln\u00f6k \u2013 \u201eProsperitati\u201d Alap\u00edtv\u00e1ny, Szabadka Dr. Gyuricza Csaba, kurat\u00f3riumi tag \u2013 GAK Nonprofit K\u00f6zhaszn\u00fa Kft., G\u00f6d\u00f6ll\u0151, Magyarorsz\u00e1g Magyar Ferenc Attila, kurat\u00f3riumi tag \u2013 Magyar Rektori Konferencia, Budapest, Magyarorsz\u00e1g K\u00f3kai Roland, kurat\u00f3riumi tag \u2013 Szekeres L\u00e1szl\u00f3 Alap\u00edtv\u00e1ny, Szabadka Nagy Mikl\u00f3s, kurat\u00f3riumi tag \u2013 Vajdas\u00e1gi Agr\u00e1regyes\u00fcletek Sz\u00f6vets\u00e9ge, [&hellip;]<\/p>\n","protected":false},"author":4,"featured_media":0,"parent":5180,"menu_order":0,"comment_status":"closed","ping_status":"closed","template":"","meta":{"footnotes":""},"_links":{"self":[{"href":"https:\/\/proscnat.org\/proscnat\/wp-json\/wp\/v2\/pages\/5215"}],"collection":[{"href":"https:\/\/proscnat.org\/proscnat\/wp-json\/wp\/v2\/pages"}],"about":[{"href":"https:\/\/proscnat.org\/proscnat\/wp-json\/wp\/v2\/types\/page"}],"author":[{"embeddable":true,"href":"https:\/\/proscnat.org\/proscnat\/wp-json\/wp\/v2\/users\/4"}],"replies":[{"embeddable":true,"href":"https:\/\/proscnat.org\/proscnat\/wp-json\/wp\/v2\/comments?post=5215"}],"version-history":[{"count":4,"href":"https:\/\/proscnat.org\/proscnat\/wp-json\/wp\/v2\/pages\/5215\/revisions"}],"predecessor-version":[{"id":5234,"href":"https:\/\/proscnat.org\/proscnat\/wp-json\/wp\/v2\/pages\/5215\/revisions\/5234"}],"up":[{"embeddable":true,"href":"https:\/\/proscnat.org\/proscnat\/wp-json\/wp\/v2\/pages\/5180"}],"wp:attachment":[{"href":"https:\/\/proscnat.org\/proscnat\/wp-json\/wp\/v2\/media?parent=5215"}],"curies":[{"name":"wp","href":"https:\/\/api.w.org\/{rel}","templated":true}]}}